{"id":31555,"date":"2026-02-27T00:13:58","date_gmt":"2026-02-27T00:13:58","guid":{"rendered":"https:\/\/nordicmart.andreevmaster.com\/product\/ines-elegantti-valkoinen-lipasto\/"},"modified":"2026-02-27T09:36:34","modified_gmt":"2026-02-27T09:36:34","slug":"ines-elegantti-valkoinen-lipasto","status":"publish","type":"product","link":"https:\/\/nordicmart.andreevmaster.com\/fi\/tuote\/ines-elegantti-valkoinen-lipasto\/","title":{"rendered":"Ines elegantti valkoinen lipasto"},"content":{"rendered":"<p>Tilavaan 3-laatikkoiseen lipastoon mahtuu paljon vaatteita tai hoitotuotteita. Lipasto on sovitettu hoitop\u00f6yd\u00e4n asentamista varten (lipaston keskelle). Voit hoitaa vauvaa kaikki tarvikkeet k\u00e4den ulottuvilla. Saatavana kahdessa v\u00e4riss\u00e4: elegantti valkoinen tai neutraali harmaa. **T\u00e4rkeimm\u00e4t edut:** &#8211; kolme tilavaa laatikkoa, &#8211; vaippap\u00f6yt\u00e4 voidaan asentaa p\u00e4\u00e4lle, &#8211; voidaan kiinnitt\u00e4\u00e4 sein\u00e4\u00e4n \u2013 suositeltavaa, &#8211; mukavat k\u00e4sintehdyt kahvat, &#8211; t\u00e4ytt\u00e4\u00e4 eurooppalaiset standardit ja turvallisuusnormit.<\/p>\n<p>**Mitat (cm):**<br \/>\nkorkeus: 90<br \/>\nsyvyys: 51<br \/>\nleveys: 102<\/p>\n<p>**Huonekalujen materiaalit ja viimeistely:**<br \/>\n&#8211; laatikoiden etuosat, sivut, yl\u00e4osa ja sokkeli on valmistettu lakatusta MDF-levyst\u00e4, v\u00e4ri elegantti valkoinen tai neutraali harmaa<br \/>\n&#8211; runko on valmistettu korkealaatuisesta laminoidusta levyst\u00e4, joka kest\u00e4\u00e4 vaurioita ja kosteutta ja on helppo pit\u00e4\u00e4 puhtaana &#8211; hiljaiset kiskot, joissa on Blum-itsesulkeutuva toiminto<br \/>\n&#8211; k\u00e4sintehdyt posliinikahvat<br \/>\n&#8211; lakkaamisessa k\u00e4ytetyt maalit ovat lapsille turvallisia, EN71\/3-hyv\u00e4ksyttyj\u00e4 eiv\u00e4tk\u00e4 aiheuta allergiaa.<\/p>\n<p>**V\u00e4rit:**<br \/>\n&#8211; tyylik\u00e4s valkoinen<br \/>\n&#8211; neutraali harmaa.<\/p>\n<p>**K\u00e4ytt\u00f6ohje:**<br \/>\nHuonekalut tulee puhdistaa pehme\u00e4ll\u00e4, vedell\u00e4 kostutetulla puuvillakankaalla tai huonekalujen hoitoon tarkoitetulla tuotteella.<br \/>\n**Lis\u00e4tietoja:**<br \/>\nHuonekalut toimitetaan pakkauksissa, jotka on tarkoitettu itse koottaviksi. Pakkaukset sis\u00e4lt\u00e4v\u00e4t yksityiskohtaiset asennusohjeet sek\u00e4 tarvikkeet (ruuvit jne.).<\/p>\n","protected":false},"excerpt":{"rendered":"<p>Tilavaan 3-laatikkoiseen lipastoon mahtuu paljon vaatteita tai hoitotuotteita. Lipasto on sovitettu hoitop\u00f6yd\u00e4n asentamista varten (lipaston keskelle). Voit hoitaa vauvaa kaikki tarvikkeet k\u00e4den ulottuvilla. Saatavana kahdessa v\u00e4riss\u00e4: elegantti valkoinen tai neutraali harmaa. **T\u00e4rkeimm\u00e4t edut:** &#8211; kolme tilavaa laatikkoa, &#8211; vaippap\u00f6yt\u00e4 voidaan asentaa p\u00e4\u00e4lle, &#8211; voidaan kiinnitt\u00e4\u00e4 sein\u00e4\u00e4n \u2013 suositeltavaa, &#8211; mukavat k\u00e4sintehdyt kahvat, &#8211; t\u00e4ytt\u00e4\u00e4 eurooppalaiset [&hellip;]<\/p>\n","protected":false},"featured_media":0,"comment_status":"open","ping_status":"closed","template":"","meta":[],"product_brand":[],"product_cat":[32],"product_tag":[],"class_list":{"0":"post-31555","1":"product","2":"type-product","3":"status-publish","5":"product_cat-uncategorized-fi","7":"first","8":"instock","9":"shipping-taxable","10":"purchasable","11":"product-type-simple"},"_links":{"self":[{"href":"https:\/\/nordicmart.andreevmaster.com\/fi\/wp-json\/wp\/v2\/product\/31555","targetHints":{"allow":["GET"]}}],"collection":[{"href":"https:\/\/nordicmart.andreevmaster.com\/fi\/wp-json\/wp\/v2\/product"}],"about":[{"href":"https:\/\/nordicmart.andreevmaster.com\/fi\/wp-json\/wp\/v2\/types\/product"}],"replies":[{"embeddable":true,"href":"https:\/\/nordicmart.andreevmaster.com\/fi\/wp-json\/wp\/v2\/comments?post=31555"}],"wp:attachment":[{"href":"https:\/\/nordicmart.andreevmaster.com\/fi\/wp-json\/wp\/v2\/media?parent=31555"}],"wp:term":[{"taxonomy":"product_brand","embeddable":true,"href":"https:\/\/nordicmart.andreevmaster.com\/fi\/wp-json\/wp\/v2\/product_brand?post=31555"},{"taxonomy":"product_cat","embeddable":true,"href":"https:\/\/nordicmart.andreevmaster.com\/fi\/wp-json\/wp\/v2\/product_cat?post=31555"},{"taxonomy":"product_tag","embeddable":true,"href":"https:\/\/nordicmart.andreevmaster.com\/fi\/wp-json\/wp\/v2\/product_tag?post=31555"}],"curies":[{"name":"wp","href":"https:\/\/api.w.org\/{rel}","templated":true}]}}