{"id":31546,"date":"2026-02-27T00:13:56","date_gmt":"2026-02-27T00:13:56","guid":{"rendered":"https:\/\/nordicmart.andreevmaster.com\/product\/i-love-fitted-sheet-40x90-2\/"},"modified":"2026-02-27T09:36:33","modified_gmt":"2026-02-27T09:36:33","slug":"i-love-fitted-sheet-40x90-2","status":"publish","type":"product","link":"https:\/\/nordicmart.andreevmaster.com\/fi\/tuote\/i-love-fitted-sheet-40x90-2\/","title":{"rendered":"I love fitted sheet 40&#215;90"},"content":{"rendered":"<p>Joustava lakana on valmistettu korkealaatuisesta puuvillasta. Sen valkoista taustaa el\u00e4v\u00f6itt\u00e4v\u00e4t tekstiilit, joissa lukee \u201eI love&#8230;\u201d, sanat, jotka ovat olleet mukana vauvamme syntym\u00e4st\u00e4 asti. Sanat, jotka her\u00e4tt\u00e4v\u00e4t positiivisia muistoja. Kolmiot ja syd\u00e4mi\u00e4 sis\u00e4lt\u00e4v\u00e4t tekstiilit on j\u00e4rjestetty ep\u00e4s\u00e4\u00e4nn\u00f6llisesti ja niit\u00e4 on useita s\u00e4vyj\u00e4: harmaa, musta ja sinappi. Dynaaminen kuvio takaa, ett\u00e4 et kyll\u00e4sty siihen nopeasti. Se pirist\u00e4\u00e4 jopa hyvin yksinkertaisen, modernin tytt\u00f6jen ja poikien kehdon sisustuksen. <\/p>\n<p>Lakana sopii t\u00e4ydellisesti patjaan ja on juuri oikean tiukka \u2013 kaikki t\u00e4m\u00e4 takaa vauvallesi rauhallisen unen. Se on valmistettu puuvillasta, joka on hell\u00e4varainen vauvan tai lapsen iholle. <\/p>\n<p>**Yksityiskohdat:**<br \/>\n&#8211; suunniteltu ja valmistettu Puolassa<br \/>\n&#8211; 100 % puuvillaa, langan paino 150 g\/m2 ja Oeko-Tex Standard 100 IW 00034 -sertifikaatti<br \/>\n&#8211; pesul\u00e4mp\u00f6tila: 30\u02da C<\/p>\n<p>**Koko:**<br \/>\n40&#215;90 cm<\/p>\n<p>**Suositellaan t\u00e4h\u00e4n sarjaan:**<br \/>\n&#8211; Jackie Town -pehmustettu vuodevaatteiden sarja<\/p>\n","protected":false},"excerpt":{"rendered":"<p>Joustava lakana on valmistettu korkealaatuisesta puuvillasta. Sen valkoista taustaa el\u00e4v\u00f6itt\u00e4v\u00e4t tekstiilit, joissa lukee \u201eI love&#8230;\u201d, sanat, jotka ovat olleet mukana vauvamme syntym\u00e4st\u00e4 asti. Sanat, jotka her\u00e4tt\u00e4v\u00e4t positiivisia muistoja. Kolmiot ja syd\u00e4mi\u00e4 sis\u00e4lt\u00e4v\u00e4t tekstiilit on j\u00e4rjestetty ep\u00e4s\u00e4\u00e4nn\u00f6llisesti ja niit\u00e4 on useita s\u00e4vyj\u00e4: harmaa, musta ja sinappi. Dynaaminen kuvio takaa, ett\u00e4 et kyll\u00e4sty siihen nopeasti. Se pirist\u00e4\u00e4 [&hellip;]<\/p>\n","protected":false},"featured_media":0,"comment_status":"open","ping_status":"closed","template":"","meta":[],"product_brand":[],"product_cat":[32],"product_tag":[],"class_list":{"0":"post-31546","1":"product","2":"type-product","3":"status-publish","5":"product_cat-uncategorized-fi","7":"first","8":"instock","9":"shipping-taxable","10":"purchasable","11":"product-type-simple"},"_links":{"self":[{"href":"https:\/\/nordicmart.andreevmaster.com\/fi\/wp-json\/wp\/v2\/product\/31546","targetHints":{"allow":["GET"]}}],"collection":[{"href":"https:\/\/nordicmart.andreevmaster.com\/fi\/wp-json\/wp\/v2\/product"}],"about":[{"href":"https:\/\/nordicmart.andreevmaster.com\/fi\/wp-json\/wp\/v2\/types\/product"}],"replies":[{"embeddable":true,"href":"https:\/\/nordicmart.andreevmaster.com\/fi\/wp-json\/wp\/v2\/comments?post=31546"}],"wp:attachment":[{"href":"https:\/\/nordicmart.andreevmaster.com\/fi\/wp-json\/wp\/v2\/media?parent=31546"}],"wp:term":[{"taxonomy":"product_brand","embeddable":true,"href":"https:\/\/nordicmart.andreevmaster.com\/fi\/wp-json\/wp\/v2\/product_brand?post=31546"},{"taxonomy":"product_cat","embeddable":true,"href":"https:\/\/nordicmart.andreevmaster.com\/fi\/wp-json\/wp\/v2\/product_cat?post=31546"},{"taxonomy":"product_tag","embeddable":true,"href":"https:\/\/nordicmart.andreevmaster.com\/fi\/wp-json\/wp\/v2\/product_tag?post=31546"}],"curies":[{"name":"wp","href":"https:\/\/api.w.org\/{rel}","templated":true}]}}