{"id":31540,"date":"2026-02-27T00:13:55","date_gmt":"2026-02-27T00:13:55","guid":{"rendered":"https:\/\/nordicmart.andreevmaster.com\/product\/vasagle-teollisuustyylinen-vaatekaappi-ja-kenkahylly\/"},"modified":"2026-02-27T09:36:32","modified_gmt":"2026-02-27T09:36:32","slug":"vasagle-teollisuustyylinen-vaatekaappi-ja-kenkahylly","status":"publish","type":"product","link":"https:\/\/nordicmart.andreevmaster.com\/fi\/tuote\/vasagle-teollisuustyylinen-vaatekaappi-ja-kenkahylly\/","title":{"rendered":"VASAGLE Teollisuustyylinen vaatekaappi ja kenk\u00e4hylly"},"content":{"rendered":"<p>Kiireisen\u00e4 ty\u00f6p\u00e4iv\u00e4n aamuna k\u00e4yt\u00e4nn\u00f6llinen eteisen vaatekaappi voi olla eritt\u00e4in hy\u00f6dyllinen. S\u00e4\u00e4st\u00e4\u00e4ksesi rahaa ja tilaa, VASAGLE tarjoaa t\u00e4m\u00e4n uuden vaatekaapin, jossa yhdistyv\u00e4t t\u00e4ydellisesti vaatekoukut, penkki ja kenk\u00e4telineet. Vaatekoukut \u2013 5 tukevaan koukkuun voit ripustaa takit, avaimet, hatut, huivit jne. siististi ja k\u00e4tev\u00e4sti saataville. Penkki \u2013 Vintage-tyylinen puukuitupaneelista valmistettu hylly tarjoaa istumapaikan, kun laitat kenki\u00e4 jalkaan tai otat ne pois, ja se on my\u00f6s ihanteellinen k\u00e4silaukkujen ja s\u00e4ilytyslaatikoiden s\u00e4ilytt\u00e4miseen, joten eteinen pysyy aina siistin\u00e4. Kenk\u00e4telineet \u2013 Metalliset telineet alaosassa pit\u00e4v\u00e4t jokap\u00e4iv\u00e4iset kenk\u00e4si yhdess\u00e4 paikassa, joten sinun ei tarvitse joka p\u00e4iv\u00e4 etsi\u00e4 sopivia kenki\u00e4. Hanki t\u00e4m\u00e4 vieh\u00e4tt\u00e4v\u00e4 rustiikkityylinen vaateteline kotiisi ja vastaanota vieraasi siistiss\u00e4 eteisess\u00e4! Tuotetiedot: &#8211; V\u00e4ri: musta, tummanruskea (vintage) &#8211; Materiaali: jauhemaalatut metalliputket, E1-lastulevy &#8211; Mitat: 80 x 178,5 x 30 cm (L x K x S) &#8211; Hyllyn mitat: 80 x 30 cm &#8211; Paino: 14,1 kg &#8211; Kunkin koukun kantavuus: 3 kg &#8211; Puuhyllyn kantavuus: 100 kg Toimitus sis\u00e4lt\u00e4\u00e4: &#8211; 1 x vaatehylly &#8211; 1 x ohjeet (DE, EN, ES, FR, IT) VASAGLE Huomautukset: &#8211; Turvallisuuden takaamiseksi k\u00e4yt\u00e4 kaatumissuojaa. &#8211; Ylint\u00e4 hylly\u00e4 ei saa k\u00e4ytt\u00e4\u00e4 raskaiden esineiden s\u00e4ilytykseen. \u00c4l\u00e4 my\u00f6sk\u00e4\u00e4n kiipe\u00e4 hyllylle.<\/p>\n","protected":false},"excerpt":{"rendered":"<p>VASAGLE teollinen design-vaaterekki, kenk\u00e4teline istuimella, vaateripustin 5 irrotettavalla koukulla, kenk\u00e4teline istuimella, 3 hylly\u00e4, puusta ja metallista, vintage HSR45BX<\/p>\n","protected":false},"featured_media":40674,"comment_status":"open","ping_status":"closed","template":"","meta":[],"product_brand":[],"product_cat":[32],"product_tag":[],"class_list":{"0":"post-31540","1":"product","2":"type-product","3":"status-publish","4":"has-post-thumbnail","6":"product_cat-uncategorized-fi","8":"first","9":"instock","10":"shipping-taxable","11":"purchasable","12":"product-type-simple"},"_links":{"self":[{"href":"https:\/\/nordicmart.andreevmaster.com\/fi\/wp-json\/wp\/v2\/product\/31540","targetHints":{"allow":["GET"]}}],"collection":[{"href":"https:\/\/nordicmart.andreevmaster.com\/fi\/wp-json\/wp\/v2\/product"}],"about":[{"href":"https:\/\/nordicmart.andreevmaster.com\/fi\/wp-json\/wp\/v2\/types\/product"}],"replies":[{"embeddable":true,"href":"https:\/\/nordicmart.andreevmaster.com\/fi\/wp-json\/wp\/v2\/comments?post=31540"}],"wp:featuredmedia":[{"embeddable":true,"href":"https:\/\/nordicmart.andreevmaster.com\/fi\/wp-json\/wp\/v2\/media\/40674"}],"wp:attachment":[{"href":"https:\/\/nordicmart.andreevmaster.com\/fi\/wp-json\/wp\/v2\/media?parent=31540"}],"wp:term":[{"taxonomy":"product_brand","embeddable":true,"href":"https:\/\/nordicmart.andreevmaster.com\/fi\/wp-json\/wp\/v2\/product_brand?post=31540"},{"taxonomy":"product_cat","embeddable":true,"href":"https:\/\/nordicmart.andreevmaster.com\/fi\/wp-json\/wp\/v2\/product_cat?post=31540"},{"taxonomy":"product_tag","embeddable":true,"href":"https:\/\/nordicmart.andreevmaster.com\/fi\/wp-json\/wp\/v2\/product_tag?post=31540"}],"curies":[{"name":"wp","href":"https:\/\/api.w.org\/{rel}","templated":true}]}}