{"id":31537,"date":"2026-02-27T00:13:54","date_gmt":"2026-02-27T00:13:54","guid":{"rendered":"https:\/\/nordicmart.andreevmaster.com\/product\/vasagle-vaatekaappi-kenkapenkilla-vaatekaappi-5-hyllytasoa-lastulevysta\/"},"modified":"2026-02-27T09:36:31","modified_gmt":"2026-02-27T09:36:31","slug":"vasagle-vaatekaappi-kenkapenkilla-vaatekaappi-5-hyllytasoa-lastulevysta","status":"publish","type":"product","link":"https:\/\/nordicmart.andreevmaster.com\/fi\/tuote\/vasagle-vaatekaappi-kenkapenkilla-vaatekaappi-5-hyllytasoa-lastulevysta\/","title":{"rendered":"VASAGLE vaatekaappi kenk\u00e4penkill\u00e4, vaatekaappi, 5 hyllytasoa lastulevyst\u00e4"},"content":{"rendered":"<p>Naulakko kenk\u00e4penkill\u00e4, vaatekaappi, 5 hyllytasoa lastulevy\u00e4, 9 kolminkertaista koukkua, 6 sivukoukkua, 40 x 120 x 190 cm, vintage-ruskea-mustanmusta<br \/>\nTuotetiedot:<br \/>\n&#8211; V\u00e4ri: vintage-ruskea-mustanmusta<br \/>\n&#8211; Materiaali: puukuitulevy, ter\u00e4s<br \/>\n&#8211; Koko: 40 x 120 x 190 cm (S x L x K)<br \/>\n&#8211; Paino: 24,4 kg<br \/>\n&#8211; Penkki oikealla puolella, maks. staattinen kantavuus: 136 kg<br \/>\n&#8211; Kolminkertaisen koukun maks. staattinen kantavuus: 5 kg<\/p>\n<p>Toimitus sis\u00e4lt\u00e4\u00e4:<br \/>\n&#8211; 1 x vaateripustin<br \/>\n&#8211; 1 x lis\u00e4varustepaketti<br \/>\n&#8211; 1 x kaatumissuoja<br \/>\n&#8211; 1 x ohjeet<\/p>\n<p>Huomautukset:<br \/>\n&#8211; Kiinnit\u00e4 t\u00e4m\u00e4 vaateteline sein\u00e4\u00e4n mukana toimitetulla kaatumissuojalla turvallisen k\u00e4ytt\u00f6ymp\u00e4rist\u00f6n luomiseksi.<br \/>\n&#8211; Oikealla puolella olevan penkin suurin staattinen kantavuus on 136 kg. \u00c4l\u00e4 ylit\u00e4 t\u00e4t\u00e4 enimm\u00e4ispainoa.<\/p>\n","protected":false},"excerpt":{"rendered":"<p>Naulakko kenk\u00e4penkill\u00e4, vaatekaappi, 5 hyllytasoa lastulevy\u00e4, 9 kolminkertaista koukkua, 6 sivukoukkua, 40 x 120 x 190 cm, vintage-ruskea-mustanmusta<\/p>\n","protected":false},"featured_media":40671,"comment_status":"open","ping_status":"closed","template":"","meta":[],"product_brand":[],"product_cat":[32],"product_tag":[],"class_list":{"0":"post-31537","1":"product","2":"type-product","3":"status-publish","4":"has-post-thumbnail","6":"product_cat-uncategorized-fi","8":"first","9":"instock","10":"shipping-taxable","11":"purchasable","12":"product-type-simple"},"_links":{"self":[{"href":"https:\/\/nordicmart.andreevmaster.com\/fi\/wp-json\/wp\/v2\/product\/31537","targetHints":{"allow":["GET"]}}],"collection":[{"href":"https:\/\/nordicmart.andreevmaster.com\/fi\/wp-json\/wp\/v2\/product"}],"about":[{"href":"https:\/\/nordicmart.andreevmaster.com\/fi\/wp-json\/wp\/v2\/types\/product"}],"replies":[{"embeddable":true,"href":"https:\/\/nordicmart.andreevmaster.com\/fi\/wp-json\/wp\/v2\/comments?post=31537"}],"wp:featuredmedia":[{"embeddable":true,"href":"https:\/\/nordicmart.andreevmaster.com\/fi\/wp-json\/wp\/v2\/media\/40671"}],"wp:attachment":[{"href":"https:\/\/nordicmart.andreevmaster.com\/fi\/wp-json\/wp\/v2\/media?parent=31537"}],"wp:term":[{"taxonomy":"product_brand","embeddable":true,"href":"https:\/\/nordicmart.andreevmaster.com\/fi\/wp-json\/wp\/v2\/product_brand?post=31537"},{"taxonomy":"product_cat","embeddable":true,"href":"https:\/\/nordicmart.andreevmaster.com\/fi\/wp-json\/wp\/v2\/product_cat?post=31537"},{"taxonomy":"product_tag","embeddable":true,"href":"https:\/\/nordicmart.andreevmaster.com\/fi\/wp-json\/wp\/v2\/product_tag?post=31537"}],"curies":[{"name":"wp","href":"https:\/\/api.w.org\/{rel}","templated":true}]}}