{"id":31528,"date":"2026-02-27T00:13:52","date_gmt":"2026-02-27T00:13:52","guid":{"rendered":"https:\/\/nordicmart.andreevmaster.com\/product\/vasagle-vaatekaappi-vaatekaappi-kenkapenkilla-vaateteline\/"},"modified":"2026-02-27T09:36:30","modified_gmt":"2026-02-27T09:36:30","slug":"vasagle-vaatekaappi-vaatekaappi-kenkapenkilla-vaateteline","status":"publish","type":"product","link":"https:\/\/nordicmart.andreevmaster.com\/fi\/tuote\/vasagle-vaatekaappi-vaatekaappi-kenkapenkilla-vaateteline\/","title":{"rendered":"VASAGLE vaatekaappi, vaatekaappi kenk\u00e4penkill\u00e4, vaateteline"},"content":{"rendered":"<p>Tuotetiedot: &#8211; V\u00e4ri: vintage-ruskea-musta &#8211; Materiaali: lastulevy, ter\u00e4s, polyesterikangas   &#8211; Koko: 32,2 x 64 x 180 cm (S x L x K) &#8211; Paino: 8,1 kg &#8211; Maks. staattinen kantavuus koukkua kohti: 3 kg &#8211; Maks. staattinen kantavuus istuinta kohti: 90 kg &#8211; Maks. staattinen kantavuus hylly\u00e4 kohti: 10 kg  Toimitus sis\u00e4lt\u00e4\u00e4: &#8211; 1 x vaatekaappi &#8211; 1 x lis\u00e4varustepaketti &#8211; 1 x ohjeet  VASAGLE Huomautukset:- Kiinnit\u00e4 t\u00e4m\u00e4 tuote sein\u00e4\u00e4n mukana toimitetulla kaatumissuojalla turvallisen k\u00e4yt\u00f6n varmistamiseksi. &#8211; \u00c4l\u00e4 ripusta raskaita vaatteita tai muita liian painavia esineit\u00e4 tankoon tai koukkuihin. &#8211; Turvallisuussyist\u00e4 lapset eiv\u00e4t saa kiivet\u00e4 tuotteelle tai leikki\u00e4 sill\u00e4. &#8211; Istuimen suurin staattinen kantavuus on 90 kg. \u00c4l\u00e4 ylit\u00e4 t\u00e4t\u00e4 enimm\u00e4ispainoa.<\/p>\n","protected":false},"excerpt":{"rendered":"<p>Naulakko, naulakko kenk\u00e4penkill\u00e4, vaateteline, vaatetanko, 9 irrotettavaa koukkua, 32,2 x 64 x 180 cm, greige-musta<\/p>\n","protected":false},"featured_media":40662,"comment_status":"open","ping_status":"closed","template":"","meta":[],"product_brand":[],"product_cat":[32],"product_tag":[],"class_list":{"0":"post-31528","1":"product","2":"type-product","3":"status-publish","4":"has-post-thumbnail","6":"product_cat-uncategorized-fi","8":"first","9":"instock","10":"shipping-taxable","11":"purchasable","12":"product-type-simple"},"_links":{"self":[{"href":"https:\/\/nordicmart.andreevmaster.com\/fi\/wp-json\/wp\/v2\/product\/31528","targetHints":{"allow":["GET"]}}],"collection":[{"href":"https:\/\/nordicmart.andreevmaster.com\/fi\/wp-json\/wp\/v2\/product"}],"about":[{"href":"https:\/\/nordicmart.andreevmaster.com\/fi\/wp-json\/wp\/v2\/types\/product"}],"replies":[{"embeddable":true,"href":"https:\/\/nordicmart.andreevmaster.com\/fi\/wp-json\/wp\/v2\/comments?post=31528"}],"wp:featuredmedia":[{"embeddable":true,"href":"https:\/\/nordicmart.andreevmaster.com\/fi\/wp-json\/wp\/v2\/media\/40662"}],"wp:attachment":[{"href":"https:\/\/nordicmart.andreevmaster.com\/fi\/wp-json\/wp\/v2\/media?parent=31528"}],"wp:term":[{"taxonomy":"product_brand","embeddable":true,"href":"https:\/\/nordicmart.andreevmaster.com\/fi\/wp-json\/wp\/v2\/product_brand?post=31528"},{"taxonomy":"product_cat","embeddable":true,"href":"https:\/\/nordicmart.andreevmaster.com\/fi\/wp-json\/wp\/v2\/product_cat?post=31528"},{"taxonomy":"product_tag","embeddable":true,"href":"https:\/\/nordicmart.andreevmaster.com\/fi\/wp-json\/wp\/v2\/product_tag?post=31528"}],"curies":[{"name":"wp","href":"https:\/\/api.w.org\/{rel}","templated":true}]}}