{"id":31523,"date":"2026-02-27T00:13:51","date_gmt":"2026-02-27T00:13:51","guid":{"rendered":"https:\/\/nordicmart.andreevmaster.com\/product\/vasagle-vaateripustin-vaatekaappi-vaateripustin-9-koukulla\/"},"modified":"2026-02-27T09:36:29","modified_gmt":"2026-02-27T09:36:29","slug":"vasagle-vaateripustin-vaatekaappi-vaateripustin-9-koukulla","status":"publish","type":"product","link":"https:\/\/nordicmart.andreevmaster.com\/fi\/tuote\/vasagle-vaateripustin-vaatekaappi-vaateripustin-9-koukulla\/","title":{"rendered":"VASAGLE vaateripustin, vaatekaappi, vaateripustin 9 koukulla"},"content":{"rendered":"<p>Tuotetiedot: &#8211; V\u00e4ri: vintage-ruskea-musta &#8211; Materiaali: lastulevy, ter\u00e4s &#8211; Kokonaismitat: 85 x 30 x 180,5 cm (P x L x K) &#8211; Ylimm\u00e4n hyllyn mitat: 80 x 15 x 1,5 cm (P x L x K) &#8211; Penkin koko: 80 x 30 x 1,5 cm (P x L x K) &#8211; Hyllyjen v\u00e4linen et\u00e4isyys: 16,9 cm (vasen); 35,7 cm (oikealla) &#8211; Paino: 11,8 kg &#8211; Ylimm\u00e4n hyllyn maks. staattinen kantavuus: 10 kg &#8211; Koukun maks. staattinen kantavuus: 3 kg &#8211; Penkin maks. staattinen kantavuus: 90 kg &#8211; Hyllyritil\u00e4n maks. staattinen kantavuus: 15 kg  Toimitus sis\u00e4lt\u00e4\u00e4: &#8211; 1 x vaateripustin &#8211; 1 x lis\u00e4varustepaketti &#8211; 1 x kaatumissuoja &#8211; 1 x ohjeet VASAGLE Huomautukset: &#8211; Kiinnit\u00e4 t\u00e4m\u00e4 tuote sein\u00e4\u00e4n mukana toimitetulla kaatumissuojalla turvallisen k\u00e4yt\u00f6n varmistamiseksi. &#8211; Penkki kest\u00e4\u00e4 enint\u00e4\u00e4n 90 kg:n staattisen kuormituksen. \u00c4l\u00e4 ylit\u00e4 t\u00e4t\u00e4 enimm\u00e4ispainoa.<\/p>\n","protected":false},"excerpt":{"rendered":"<p>VASAGLE vaatekaappi, vaateripustin, vaatekaappi 9 irrotettavalla koukulla, kenk\u00e4hylly, pieniin asuntoihin, eteiseen, teollinen muotoilu, vintage-ruskea-musta HSR409B01<\/p>\n","protected":false},"featured_media":40657,"comment_status":"open","ping_status":"closed","template":"","meta":[],"product_brand":[],"product_cat":[32],"product_tag":[],"class_list":{"0":"post-31523","1":"product","2":"type-product","3":"status-publish","4":"has-post-thumbnail","6":"product_cat-uncategorized-fi","8":"first","9":"instock","10":"shipping-taxable","11":"purchasable","12":"product-type-simple"},"_links":{"self":[{"href":"https:\/\/nordicmart.andreevmaster.com\/fi\/wp-json\/wp\/v2\/product\/31523","targetHints":{"allow":["GET"]}}],"collection":[{"href":"https:\/\/nordicmart.andreevmaster.com\/fi\/wp-json\/wp\/v2\/product"}],"about":[{"href":"https:\/\/nordicmart.andreevmaster.com\/fi\/wp-json\/wp\/v2\/types\/product"}],"replies":[{"embeddable":true,"href":"https:\/\/nordicmart.andreevmaster.com\/fi\/wp-json\/wp\/v2\/comments?post=31523"}],"wp:featuredmedia":[{"embeddable":true,"href":"https:\/\/nordicmart.andreevmaster.com\/fi\/wp-json\/wp\/v2\/media\/40657"}],"wp:attachment":[{"href":"https:\/\/nordicmart.andreevmaster.com\/fi\/wp-json\/wp\/v2\/media?parent=31523"}],"wp:term":[{"taxonomy":"product_brand","embeddable":true,"href":"https:\/\/nordicmart.andreevmaster.com\/fi\/wp-json\/wp\/v2\/product_brand?post=31523"},{"taxonomy":"product_cat","embeddable":true,"href":"https:\/\/nordicmart.andreevmaster.com\/fi\/wp-json\/wp\/v2\/product_cat?post=31523"},{"taxonomy":"product_tag","embeddable":true,"href":"https:\/\/nordicmart.andreevmaster.com\/fi\/wp-json\/wp\/v2\/product_tag?post=31523"}],"curies":[{"name":"wp","href":"https:\/\/api.w.org\/{rel}","templated":true}]}}