{"id":31517,"date":"2026-02-27T00:13:50","date_gmt":"2026-02-27T00:13:50","guid":{"rendered":"https:\/\/nordicmart.andreevmaster.com\/product\/songmics-songmics-vaateripustin-pyorilla-raskaiden-tavaroiden-vaateripustin-ulosvedettava-vaateripustin\/"},"modified":"2026-02-27T09:36:28","modified_gmt":"2026-02-27T09:36:28","slug":"songmics-songmics-vaateripustin-pyorilla-raskaiden-tavaroiden-vaateripustin-ulosvedettava-vaateripustin","status":"publish","type":"product","link":"https:\/\/nordicmart.andreevmaster.com\/fi\/tuote\/songmics-songmics-vaateripustin-pyorilla-raskaiden-tavaroiden-vaateripustin-ulosvedettava-vaateripustin\/","title":{"rendered":"SONGMICS SONGMICS vaateripustin py\u00f6rill\u00e4, raskaiden tavaroiden vaateripustin, ulosvedett\u00e4v\u00e4 vaateripustin"},"content":{"rendered":"<p>SONGMICS vaateripustin py\u00f6rill\u00e4, raskaiden vaatteiden ripustin, ulosvedett\u00e4v\u00e4 vaateripustin, kantavuus 150 kg, 45 x (160-200) x 161,5 cm, helppo asentaa, siirrett\u00e4v\u00e4, hopeanv\u00e4rinen HSR175E01<br \/>\n&#8211; V\u00e4ri: hopea<br \/>\n&#8211; Materiaali: ter\u00e4s, PP-rullat<br \/>\n&#8211; Koko: 45 x (160-200) x 161,5 cm (S x L x K)<br \/>\n&#8211; Paino: 6,2 kg<br \/>\n&#8211; Maks. staattinen kokonaiskuormitus: 150 kg<\/p>\n","protected":false},"excerpt":{"rendered":"<p>SONGMICS vaateripustin py\u00f6rill\u00e4, raskaiden vaatteiden ripustin, ulosvedett\u00e4v\u00e4 vaateripustin, kantavuus 150 kg, 45 x (160-200) x 161,5 cm, helppo asentaa, siirrett\u00e4v\u00e4, hopeanv\u00e4rinen HSR175E01<\/p>\n","protected":false},"featured_media":40653,"comment_status":"open","ping_status":"closed","template":"","meta":[],"product_brand":[],"product_cat":[32],"product_tag":[],"class_list":{"0":"post-31517","1":"product","2":"type-product","3":"status-publish","4":"has-post-thumbnail","6":"product_cat-uncategorized-fi","8":"first","9":"instock","10":"shipping-taxable","11":"purchasable","12":"product-type-simple"},"_links":{"self":[{"href":"https:\/\/nordicmart.andreevmaster.com\/fi\/wp-json\/wp\/v2\/product\/31517","targetHints":{"allow":["GET"]}}],"collection":[{"href":"https:\/\/nordicmart.andreevmaster.com\/fi\/wp-json\/wp\/v2\/product"}],"about":[{"href":"https:\/\/nordicmart.andreevmaster.com\/fi\/wp-json\/wp\/v2\/types\/product"}],"replies":[{"embeddable":true,"href":"https:\/\/nordicmart.andreevmaster.com\/fi\/wp-json\/wp\/v2\/comments?post=31517"}],"wp:featuredmedia":[{"embeddable":true,"href":"https:\/\/nordicmart.andreevmaster.com\/fi\/wp-json\/wp\/v2\/media\/40653"}],"wp:attachment":[{"href":"https:\/\/nordicmart.andreevmaster.com\/fi\/wp-json\/wp\/v2\/media?parent=31517"}],"wp:term":[{"taxonomy":"product_brand","embeddable":true,"href":"https:\/\/nordicmart.andreevmaster.com\/fi\/wp-json\/wp\/v2\/product_brand?post=31517"},{"taxonomy":"product_cat","embeddable":true,"href":"https:\/\/nordicmart.andreevmaster.com\/fi\/wp-json\/wp\/v2\/product_cat?post=31517"},{"taxonomy":"product_tag","embeddable":true,"href":"https:\/\/nordicmart.andreevmaster.com\/fi\/wp-json\/wp\/v2\/product_tag?post=31517"}],"curies":[{"name":"wp","href":"https:\/\/api.w.org\/{rel}","templated":true}]}}