{"id":31513,"date":"2026-02-27T00:13:49","date_gmt":"2026-02-27T00:13:49","guid":{"rendered":"https:\/\/nordicmart.andreevmaster.com\/product\/songmics-vaatetanko-seinalle-vaateteline-seinakiinnitys-teollinen-muotoilu\/"},"modified":"2026-02-27T09:36:27","modified_gmt":"2026-02-27T09:36:27","slug":"songmics-vaatetanko-seinalle-vaateteline-seinakiinnitys-teollinen-muotoilu","status":"publish","type":"product","link":"https:\/\/nordicmart.andreevmaster.com\/fi\/tuote\/songmics-vaatetanko-seinalle-vaateteline-seinakiinnitys-teollinen-muotoilu\/","title":{"rendered":"SONGMICS vaatetanko sein\u00e4lle, vaateteline sein\u00e4kiinnitys, teollinen muotoilu"},"content":{"rendered":"<p>SONGMICS sein\u00e4lle kiinnitett\u00e4v\u00e4 vaatetanko, sein\u00e4lle kiinnitett\u00e4v\u00e4 vaateteline, teollinen, tilaa s\u00e4\u00e4st\u00e4v\u00e4, 30,4 x 170 x 7 cm, 68 kg kantavuus, helppo asentaa, pieniin huoneisiin, musta HSR104B01<br \/>\nTekniset tiedot:<br \/>\n&#8211; Mitat: 30 x 84 x 7 cm (S x L x K)<br \/>\n&#8211; Paino: 1,4 kg<br \/>\n&#8211; Maks. staattinen kokonaiskantavuus: 60 kg<br \/>\n&#8211; Materiaali: ter\u00e4s<br \/>\n&#8211; V\u00e4ri: musta<\/p>\n","protected":false},"excerpt":{"rendered":"<p>SONGMICS sein\u00e4lle kiinnitett\u00e4v\u00e4 vaatetanko, sein\u00e4lle kiinnitett\u00e4v\u00e4 vaateteline, teollinen, tilaa s\u00e4\u00e4st\u00e4v\u00e4, 30,4 x 170 x 7 cm, 68 kg kantavuus, helppo asentaa, pieniin huoneisiin, musta HSR104B01<\/p>\n","protected":false},"featured_media":40649,"comment_status":"open","ping_status":"closed","template":"","meta":[],"product_brand":[],"product_cat":[32],"product_tag":[],"class_list":{"0":"post-31513","1":"product","2":"type-product","3":"status-publish","4":"has-post-thumbnail","6":"product_cat-uncategorized-fi","8":"first","9":"instock","10":"shipping-taxable","11":"purchasable","12":"product-type-simple"},"_links":{"self":[{"href":"https:\/\/nordicmart.andreevmaster.com\/fi\/wp-json\/wp\/v2\/product\/31513","targetHints":{"allow":["GET"]}}],"collection":[{"href":"https:\/\/nordicmart.andreevmaster.com\/fi\/wp-json\/wp\/v2\/product"}],"about":[{"href":"https:\/\/nordicmart.andreevmaster.com\/fi\/wp-json\/wp\/v2\/types\/product"}],"replies":[{"embeddable":true,"href":"https:\/\/nordicmart.andreevmaster.com\/fi\/wp-json\/wp\/v2\/comments?post=31513"}],"wp:featuredmedia":[{"embeddable":true,"href":"https:\/\/nordicmart.andreevmaster.com\/fi\/wp-json\/wp\/v2\/media\/40649"}],"wp:attachment":[{"href":"https:\/\/nordicmart.andreevmaster.com\/fi\/wp-json\/wp\/v2\/media?parent=31513"}],"wp:term":[{"taxonomy":"product_brand","embeddable":true,"href":"https:\/\/nordicmart.andreevmaster.com\/fi\/wp-json\/wp\/v2\/product_brand?post=31513"},{"taxonomy":"product_cat","embeddable":true,"href":"https:\/\/nordicmart.andreevmaster.com\/fi\/wp-json\/wp\/v2\/product_cat?post=31513"},{"taxonomy":"product_tag","embeddable":true,"href":"https:\/\/nordicmart.andreevmaster.com\/fi\/wp-json\/wp\/v2\/product_tag?post=31513"}],"curies":[{"name":"wp","href":"https:\/\/api.w.org\/{rel}","templated":true}]}}