{"id":31511,"date":"2026-02-27T00:13:49","date_gmt":"2026-02-27T00:13:49","guid":{"rendered":"https:\/\/nordicmart.andreevmaster.com\/product\/songmics-vaateteline-pyorilla-raskaiden-tavaroiden-vaateteline-ulosvedettava-vaatetanko\/"},"modified":"2026-02-27T09:36:27","modified_gmt":"2026-02-27T09:36:27","slug":"songmics-vaateteline-pyorilla-raskaiden-tavaroiden-vaateteline-ulosvedettava-vaatetanko","status":"publish","type":"product","link":"https:\/\/nordicmart.andreevmaster.com\/fi\/tuote\/songmics-vaateteline-pyorilla-raskaiden-tavaroiden-vaateteline-ulosvedettava-vaatetanko\/","title":{"rendered":"SONGMICS vaateteline py\u00f6rill\u00e4, raskaiden tavaroiden vaateteline, ulosvedett\u00e4v\u00e4 vaatetanko"},"content":{"rendered":"<p>Rullilla varustettu vaateteline, raskaiden tavaroiden vaateteline, ulosvedett\u00e4v\u00e4 vaatetanko, kantavuus 100 kg, 45 x (92-132) x 161,5 cm, helppo asentaa, kuljetettava, hopeanv\u00e4rinen<br \/>\nTuotetiedot:<br \/>\n&#8211; V\u00e4ri: musta<br \/>\n&#8211; Materiaali: ter\u00e4s, PP-rullat<br \/>\n&#8211; Koko: 45 x (92-132) x 161,5 cm (S x L x K)<br \/>\n&#8211; Paino: 5 kg<br \/>\n&#8211; Maks. staattinen kokonaiskuormitus: 100 kg<\/p>\n<p>Toimitus sis\u00e4lt\u00e4\u00e4<br \/>\n&#8211; 1 x vaateteline<br \/>\n&#8211; 1 x ohjeet<\/p>\n<p>Huomautukset:<br \/>\n&#8211; Jos haluat ty\u00f6nt\u00e4\u00e4 vaatetelineen takaisin, paina sen p\u00e4\u00e4tykappaletta.<br \/>\n\u00c4L\u00c4 kosketa vaatetankoa ty\u00f6nt\u00e4ess\u00e4si, jotta et purista sormiasi.<\/p>\n","protected":false},"excerpt":{"rendered":"<p>Rullilla varustettu vaateteline, raskaiden tavaroiden vaateteline, ulosvedett\u00e4v\u00e4 vaatetanko, kantavuus 100 kg, 45 x (92-132) x 161,5 cm, helppo asentaa, kuljetettava, hopeanv\u00e4rinen<\/p>\n","protected":false},"featured_media":40648,"comment_status":"open","ping_status":"closed","template":"","meta":[],"product_brand":[],"product_cat":[32],"product_tag":[],"class_list":{"0":"post-31511","1":"product","2":"type-product","3":"status-publish","4":"has-post-thumbnail","6":"product_cat-uncategorized-fi","8":"first","9":"instock","10":"shipping-taxable","11":"purchasable","12":"product-type-simple"},"_links":{"self":[{"href":"https:\/\/nordicmart.andreevmaster.com\/fi\/wp-json\/wp\/v2\/product\/31511","targetHints":{"allow":["GET"]}}],"collection":[{"href":"https:\/\/nordicmart.andreevmaster.com\/fi\/wp-json\/wp\/v2\/product"}],"about":[{"href":"https:\/\/nordicmart.andreevmaster.com\/fi\/wp-json\/wp\/v2\/types\/product"}],"replies":[{"embeddable":true,"href":"https:\/\/nordicmart.andreevmaster.com\/fi\/wp-json\/wp\/v2\/comments?post=31511"}],"wp:featuredmedia":[{"embeddable":true,"href":"https:\/\/nordicmart.andreevmaster.com\/fi\/wp-json\/wp\/v2\/media\/40648"}],"wp:attachment":[{"href":"https:\/\/nordicmart.andreevmaster.com\/fi\/wp-json\/wp\/v2\/media?parent=31511"}],"wp:term":[{"taxonomy":"product_brand","embeddable":true,"href":"https:\/\/nordicmart.andreevmaster.com\/fi\/wp-json\/wp\/v2\/product_brand?post=31511"},{"taxonomy":"product_cat","embeddable":true,"href":"https:\/\/nordicmart.andreevmaster.com\/fi\/wp-json\/wp\/v2\/product_cat?post=31511"},{"taxonomy":"product_tag","embeddable":true,"href":"https:\/\/nordicmart.andreevmaster.com\/fi\/wp-json\/wp\/v2\/product_tag?post=31511"}],"curies":[{"name":"wp","href":"https:\/\/api.w.org\/{rel}","templated":true}]}}