{"id":31509,"date":"2026-02-27T00:13:48","date_gmt":"2026-02-27T00:13:48","guid":{"rendered":"https:\/\/nordicmart.andreevmaster.com\/product\/songmics-vaateteline-pyorilla-vaatetanko-vaatekaappitanko\/"},"modified":"2026-02-27T09:36:26","modified_gmt":"2026-02-27T09:36:26","slug":"songmics-vaateteline-pyorilla-vaatetanko-vaatekaappitanko","status":"publish","type":"product","link":"https:\/\/nordicmart.andreevmaster.com\/fi\/tuote\/songmics-vaateteline-pyorilla-vaatetanko-vaatekaappitanko\/","title":{"rendered":"SONGMICS vaateteline py\u00f6rill\u00e4, vaatetanko, vaatekaappitanko"},"content":{"rendered":"<p>SONGMICS vaateripustin py\u00f6rill\u00e4, vaatetanko, vaateripustin, vaateripustin ter\u00e4sputkista, kantavuus 50 kg, leveys 103,5 cm, monik\u00e4ytt\u00f6inen s\u00e4ilytysratkaisu, musta HSR131B01<br \/>\nTekniset tiedot:<br \/>\n&#8211; Mitat: 41 x 103,5 x 155 cm (S x L x K)<br \/>\n&#8211; Paino: 3,5 kg<br \/>\n&#8211; Maks. staattinen kokonaiskantavuus: 50 kg<br \/>\n&#8211; Materiaali: ter\u00e4s<br \/>\n&#8211; V\u00e4ri: pilvinen valkoinen<\/p>\n","protected":false},"excerpt":{"rendered":"<p>SONGMICS vaateripustin py\u00f6rill\u00e4, vaatetanko, vaateripustin, vaateripustin ter\u00e4sputkista, kantavuus 50 kg, leveys 103,5 cm, monik\u00e4ytt\u00f6inen s\u00e4ilytysratkaisu, musta HSR131B01<\/p>\n","protected":false},"featured_media":40647,"comment_status":"open","ping_status":"closed","template":"","meta":[],"product_brand":[],"product_cat":[32],"product_tag":[],"class_list":{"0":"post-31509","1":"product","2":"type-product","3":"status-publish","4":"has-post-thumbnail","6":"product_cat-uncategorized-fi","8":"first","9":"instock","10":"shipping-taxable","11":"purchasable","12":"product-type-simple"},"_links":{"self":[{"href":"https:\/\/nordicmart.andreevmaster.com\/fi\/wp-json\/wp\/v2\/product\/31509","targetHints":{"allow":["GET"]}}],"collection":[{"href":"https:\/\/nordicmart.andreevmaster.com\/fi\/wp-json\/wp\/v2\/product"}],"about":[{"href":"https:\/\/nordicmart.andreevmaster.com\/fi\/wp-json\/wp\/v2\/types\/product"}],"replies":[{"embeddable":true,"href":"https:\/\/nordicmart.andreevmaster.com\/fi\/wp-json\/wp\/v2\/comments?post=31509"}],"wp:featuredmedia":[{"embeddable":true,"href":"https:\/\/nordicmart.andreevmaster.com\/fi\/wp-json\/wp\/v2\/media\/40647"}],"wp:attachment":[{"href":"https:\/\/nordicmart.andreevmaster.com\/fi\/wp-json\/wp\/v2\/media?parent=31509"}],"wp:term":[{"taxonomy":"product_brand","embeddable":true,"href":"https:\/\/nordicmart.andreevmaster.com\/fi\/wp-json\/wp\/v2\/product_brand?post=31509"},{"taxonomy":"product_cat","embeddable":true,"href":"https:\/\/nordicmart.andreevmaster.com\/fi\/wp-json\/wp\/v2\/product_cat?post=31509"},{"taxonomy":"product_tag","embeddable":true,"href":"https:\/\/nordicmart.andreevmaster.com\/fi\/wp-json\/wp\/v2\/product_tag?post=31509"}],"curies":[{"name":"wp","href":"https:\/\/api.w.org\/{rel}","templated":true}]}}