{"id":31502,"date":"2026-02-27T00:13:47","date_gmt":"2026-02-27T00:13:47","guid":{"rendered":"https:\/\/nordicmart.andreevmaster.com\/product\/songmics-vaateteline-pyorilla-2-vaatetankoa-vaatetanko\/"},"modified":"2026-02-27T09:36:25","modified_gmt":"2026-02-27T09:36:25","slug":"songmics-vaateteline-pyorilla-2-vaatetankoa-vaatetanko","status":"publish","type":"product","link":"https:\/\/nordicmart.andreevmaster.com\/fi\/tuote\/songmics-vaateteline-pyorilla-2-vaatetankoa-vaatetanko\/","title":{"rendered":"SONGMICS vaateteline py\u00f6rill\u00e4, 2 vaatetankoa, vaatetanko"},"content":{"rendered":"<p>SONGMICS vaateripustin py\u00f6rill\u00e4, 2 vaatetankoa, vaateripustin, vaateripustin ter\u00e4sputkista, kantavuus 100 kg, leveys 103,5 cm, monik\u00e4ytt\u00f6inen s\u00e4ilytysratkaisu, musta HSR107B01<br \/>\nTekniset tiedot:<br \/>\n&#8211; Mitat: 52,5 x 103,5 x 155 cm (S x L x K)<br \/>\n&#8211; Paino: 5,7 kg<br \/>\n&#8211; Maks. staattinen kokonaiskantavuus: 100 kg<br \/>\n&#8211; Materiaali: ter\u00e4s<br \/>\n&#8211; V\u00e4ri: musta<\/p>\n","protected":false},"excerpt":{"rendered":"<p>SONGMICS vaateripustin py\u00f6rill\u00e4, 2 vaatetankoa, vaateripustin, vaateripustin ter\u00e4sputkista, kantavuus 100 kg, leveys 103,5 cm, monik\u00e4ytt\u00f6inen s\u00e4ilytysratkaisu, musta HSR107B01<\/p>\n","protected":false},"featured_media":40641,"comment_status":"open","ping_status":"closed","template":"","meta":[],"product_brand":[],"product_cat":[32],"product_tag":[],"class_list":{"0":"post-31502","1":"product","2":"type-product","3":"status-publish","4":"has-post-thumbnail","6":"product_cat-uncategorized-fi","8":"first","9":"instock","10":"shipping-taxable","11":"purchasable","12":"product-type-simple"},"_links":{"self":[{"href":"https:\/\/nordicmart.andreevmaster.com\/fi\/wp-json\/wp\/v2\/product\/31502","targetHints":{"allow":["GET"]}}],"collection":[{"href":"https:\/\/nordicmart.andreevmaster.com\/fi\/wp-json\/wp\/v2\/product"}],"about":[{"href":"https:\/\/nordicmart.andreevmaster.com\/fi\/wp-json\/wp\/v2\/types\/product"}],"replies":[{"embeddable":true,"href":"https:\/\/nordicmart.andreevmaster.com\/fi\/wp-json\/wp\/v2\/comments?post=31502"}],"wp:featuredmedia":[{"embeddable":true,"href":"https:\/\/nordicmart.andreevmaster.com\/fi\/wp-json\/wp\/v2\/media\/40641"}],"wp:attachment":[{"href":"https:\/\/nordicmart.andreevmaster.com\/fi\/wp-json\/wp\/v2\/media?parent=31502"}],"wp:term":[{"taxonomy":"product_brand","embeddable":true,"href":"https:\/\/nordicmart.andreevmaster.com\/fi\/wp-json\/wp\/v2\/product_brand?post=31502"},{"taxonomy":"product_cat","embeddable":true,"href":"https:\/\/nordicmart.andreevmaster.com\/fi\/wp-json\/wp\/v2\/product_cat?post=31502"},{"taxonomy":"product_tag","embeddable":true,"href":"https:\/\/nordicmart.andreevmaster.com\/fi\/wp-json\/wp\/v2\/product_tag?post=31502"}],"curies":[{"name":"wp","href":"https:\/\/api.w.org\/{rel}","templated":true}]}}