{"id":31499,"date":"2026-02-27T00:13:46","date_gmt":"2026-02-27T00:13:46","guid":{"rendered":"https:\/\/nordicmart.andreevmaster.com\/product\/vasagle-vaatekaappi-vaateripustin-vaateripustin\/"},"modified":"2026-02-27T09:36:25","modified_gmt":"2026-02-27T09:36:25","slug":"vasagle-vaatekaappi-vaateripustin-vaateripustin","status":"publish","type":"product","link":"https:\/\/nordicmart.andreevmaster.com\/fi\/tuote\/vasagle-vaatekaappi-vaateripustin-vaateripustin\/","title":{"rendered":"VASAGLE vaatekaappi, vaateripustin, vaateripustin"},"content":{"rendered":"<p>Tuotetiedot: &#8211; V\u00e4ri: tammiv\u00e4ri-valkoinen &#8211; Materiaali: lastulevy, ter\u00e4s &#8211; Koko: 32 x 70 x 175 cm (S x L x K) &#8211; Istuimen koko: 32 x 70 cm (S x L) &#8211; Paino: 7,8 kg &#8211; Maks. staattinen kantavuus koukkua kohti: 3 kg &#8211; Maks. staattinen kantavuus istuinta kohti: 80 kg Toimitus sis\u00e4lt\u00e4\u00e4: &#8211; 1 x vaatekaappi &#8211; 1 x lis\u00e4varustepaketti &#8211; 1 x kaatumissuoja &#8211; 1 x ohjeet VASAGLE Huomautukset:- Kiinnit\u00e4 t\u00e4m\u00e4 tuote sein\u00e4\u00e4n mukana toimitetulla kaatumissuojalla turvallisen k\u00e4yt\u00f6n varmistamiseksi. &#8211; Yl\u00e4osan tankoa ei ole tarkoitettu esineiden ripustamiseen. Ripusta vaatteet tai muut esineet koukkuihin. &#8211; Istuimen suurin staattinen kantavuus on 80 kg. \u00c4l\u00e4 ylit\u00e4 t\u00e4t\u00e4 enimm\u00e4ispainoa.<\/p>\n","protected":false},"excerpt":{"rendered":"<p>VASAGLE vaatekaappi, vaateripustin, kenk\u00e4hylly, kenk\u00e4hylly istuimella, eteiseen, koukkuilla, 3 hylly\u00e4, metallia, korkeus 175 cm, moderni, tammiv\u00e4rinen-valkoinen HSR041W09<\/p>\n","protected":false},"featured_media":40638,"comment_status":"open","ping_status":"closed","template":"","meta":[],"product_brand":[],"product_cat":[32],"product_tag":[],"class_list":{"0":"post-31499","1":"product","2":"type-product","3":"status-publish","4":"has-post-thumbnail","6":"product_cat-uncategorized-fi","8":"first","9":"instock","10":"shipping-taxable","11":"purchasable","12":"product-type-simple"},"_links":{"self":[{"href":"https:\/\/nordicmart.andreevmaster.com\/fi\/wp-json\/wp\/v2\/product\/31499","targetHints":{"allow":["GET"]}}],"collection":[{"href":"https:\/\/nordicmart.andreevmaster.com\/fi\/wp-json\/wp\/v2\/product"}],"about":[{"href":"https:\/\/nordicmart.andreevmaster.com\/fi\/wp-json\/wp\/v2\/types\/product"}],"replies":[{"embeddable":true,"href":"https:\/\/nordicmart.andreevmaster.com\/fi\/wp-json\/wp\/v2\/comments?post=31499"}],"wp:featuredmedia":[{"embeddable":true,"href":"https:\/\/nordicmart.andreevmaster.com\/fi\/wp-json\/wp\/v2\/media\/40638"}],"wp:attachment":[{"href":"https:\/\/nordicmart.andreevmaster.com\/fi\/wp-json\/wp\/v2\/media?parent=31499"}],"wp:term":[{"taxonomy":"product_brand","embeddable":true,"href":"https:\/\/nordicmart.andreevmaster.com\/fi\/wp-json\/wp\/v2\/product_brand?post=31499"},{"taxonomy":"product_cat","embeddable":true,"href":"https:\/\/nordicmart.andreevmaster.com\/fi\/wp-json\/wp\/v2\/product_cat?post=31499"},{"taxonomy":"product_tag","embeddable":true,"href":"https:\/\/nordicmart.andreevmaster.com\/fi\/wp-json\/wp\/v2\/product_tag?post=31499"}],"curies":[{"name":"wp","href":"https:\/\/api.w.org\/{rel}","templated":true}]}}