{"id":31497,"date":"2026-02-27T00:13:46","date_gmt":"2026-02-27T00:13:46","guid":{"rendered":"https:\/\/nordicmart.andreevmaster.com\/product\/vasagle-vaatekaappi-naulakko-kenkapenkki\/"},"modified":"2026-02-27T09:36:25","modified_gmt":"2026-02-27T09:36:25","slug":"vasagle-vaatekaappi-naulakko-kenkapenkki","status":"publish","type":"product","link":"https:\/\/nordicmart.andreevmaster.com\/fi\/tuote\/vasagle-vaatekaappi-naulakko-kenkapenkki\/","title":{"rendered":"VASAGLE vaatekaappi, naulakko, kenk\u00e4penkki"},"content":{"rendered":"<p>Tuotetiedot: &#8211; V\u00e4ri: p\u00e4hkin\u00e4puunruskea-musta &#8211; Materiaali: lastulevy, ter\u00e4s &#8211; Koko: 33,7 x 72 x 183 cm (S x L x K)  &#8211; Paino: 9,8 kg &#8211; Kunkin koukun maks. staattinen kantavuus: 3 kg &#8211; Istuimen maks. staattinen kantavuus: 80 kg Toimitus sis\u00e4lt\u00e4\u00e4: &#8211; 1 x vaateripustin &#8211; 1 x lis\u00e4varustepaketti &#8211; 1 x kaatumissuoja &#8211; 1 x ohjeet VASAGLE Huomautukset: &#8211; Kiinnit\u00e4 t\u00e4m\u00e4 tuote sein\u00e4\u00e4n mukana toimitetulla kaatumissuojalla turvallisen k\u00e4yt\u00f6n varmistamiseksi.- \u00c4l\u00e4 ripusta raskaita vaatteita vaateripustimeen. &#8211; Turvallisuussyist\u00e4 lapset eiv\u00e4t saa kiivet\u00e4 tuotteelle tai leikki\u00e4 sill\u00e4. &#8211; Istuimen suurin staattinen kantavuus on 80 kg, koukun 3 kg. \u00c4l\u00e4 ylit\u00e4 t\u00e4t\u00e4 enimm\u00e4ispainoa.<\/p>\n","protected":false},"excerpt":{"rendered":"<p>Naulakko, vaatekaappi, kenk\u00e4penkki, 4-in-1-malli, 9 irrotettavaa koukkua, vaatetanko, eteinen, 33,7 x 72 x 183 cm, vintage-ruskea-musta<\/p>\n","protected":false},"featured_media":40636,"comment_status":"open","ping_status":"closed","template":"","meta":[],"product_brand":[],"product_cat":[32],"product_tag":[],"class_list":{"0":"post-31497","1":"product","2":"type-product","3":"status-publish","4":"has-post-thumbnail","6":"product_cat-uncategorized-fi","8":"first","9":"instock","10":"shipping-taxable","11":"purchasable","12":"product-type-simple"},"_links":{"self":[{"href":"https:\/\/nordicmart.andreevmaster.com\/fi\/wp-json\/wp\/v2\/product\/31497","targetHints":{"allow":["GET"]}}],"collection":[{"href":"https:\/\/nordicmart.andreevmaster.com\/fi\/wp-json\/wp\/v2\/product"}],"about":[{"href":"https:\/\/nordicmart.andreevmaster.com\/fi\/wp-json\/wp\/v2\/types\/product"}],"replies":[{"embeddable":true,"href":"https:\/\/nordicmart.andreevmaster.com\/fi\/wp-json\/wp\/v2\/comments?post=31497"}],"wp:featuredmedia":[{"embeddable":true,"href":"https:\/\/nordicmart.andreevmaster.com\/fi\/wp-json\/wp\/v2\/media\/40636"}],"wp:attachment":[{"href":"https:\/\/nordicmart.andreevmaster.com\/fi\/wp-json\/wp\/v2\/media?parent=31497"}],"wp:term":[{"taxonomy":"product_brand","embeddable":true,"href":"https:\/\/nordicmart.andreevmaster.com\/fi\/wp-json\/wp\/v2\/product_brand?post=31497"},{"taxonomy":"product_cat","embeddable":true,"href":"https:\/\/nordicmart.andreevmaster.com\/fi\/wp-json\/wp\/v2\/product_cat?post=31497"},{"taxonomy":"product_tag","embeddable":true,"href":"https:\/\/nordicmart.andreevmaster.com\/fi\/wp-json\/wp\/v2\/product_tag?post=31497"}],"curies":[{"name":"wp","href":"https:\/\/api.w.org\/{rel}","templated":true}]}}