{"id":31492,"date":"2026-02-27T00:13:44","date_gmt":"2026-02-27T00:13:44","guid":{"rendered":"https:\/\/nordicmart.andreevmaster.com\/product\/songmics-vaateteline-vaateteline-pyorilla-ulosvedettava-vaatetanko\/"},"modified":"2026-02-27T09:36:24","modified_gmt":"2026-02-27T09:36:24","slug":"songmics-vaateteline-vaateteline-pyorilla-ulosvedettava-vaatetanko","status":"publish","type":"product","link":"https:\/\/nordicmart.andreevmaster.com\/fi\/tuote\/songmics-vaateteline-vaateteline-pyorilla-ulosvedettava-vaatetanko\/","title":{"rendered":"SONGMICS vaateteline, vaateteline py\u00f6rill\u00e4, ulosvedett\u00e4v\u00e4 vaatetanko"},"content":{"rendered":"<p>SONGMICS vaateripustin py\u00f6rill\u00e4, raskaiden vaatteiden ripustin, ulosvedett\u00e4v\u00e4 vaateripustin, kantavuus 90 kg, helppo asentaa, kannettava<br \/>\nTekniset tiedot:<br \/>\n&#8211; Mitat: 45 x (92-132) x 161,5 cm (S x L x K)<br \/>\n&#8211; Paino: 5 kg<br \/>\n&#8211; Maks. staattinen kokonaiskantavuus: 100 kg<br \/>\n&#8211; Materiaali: ter\u00e4s, PP-rullat<br \/>\n&#8211; V\u00e4ri: harmaa<\/p>\n","protected":false},"excerpt":{"rendered":"<p>SONGMICS vaateripustin py\u00f6rill\u00e4, raskaiden vaatteiden ripustin, ulosvedett\u00e4v\u00e4 vaateripustin, kantavuus 90 kg, helppo asentaa, kannettava<\/p>\n","protected":false},"featured_media":40631,"comment_status":"open","ping_status":"closed","template":"","meta":[],"product_brand":[],"product_cat":[32],"product_tag":[],"class_list":{"0":"post-31492","1":"product","2":"type-product","3":"status-publish","4":"has-post-thumbnail","6":"product_cat-uncategorized-fi","8":"first","9":"instock","10":"shipping-taxable","11":"purchasable","12":"product-type-simple"},"_links":{"self":[{"href":"https:\/\/nordicmart.andreevmaster.com\/fi\/wp-json\/wp\/v2\/product\/31492","targetHints":{"allow":["GET"]}}],"collection":[{"href":"https:\/\/nordicmart.andreevmaster.com\/fi\/wp-json\/wp\/v2\/product"}],"about":[{"href":"https:\/\/nordicmart.andreevmaster.com\/fi\/wp-json\/wp\/v2\/types\/product"}],"replies":[{"embeddable":true,"href":"https:\/\/nordicmart.andreevmaster.com\/fi\/wp-json\/wp\/v2\/comments?post=31492"}],"wp:featuredmedia":[{"embeddable":true,"href":"https:\/\/nordicmart.andreevmaster.com\/fi\/wp-json\/wp\/v2\/media\/40631"}],"wp:attachment":[{"href":"https:\/\/nordicmart.andreevmaster.com\/fi\/wp-json\/wp\/v2\/media?parent=31492"}],"wp:term":[{"taxonomy":"product_brand","embeddable":true,"href":"https:\/\/nordicmart.andreevmaster.com\/fi\/wp-json\/wp\/v2\/product_brand?post=31492"},{"taxonomy":"product_cat","embeddable":true,"href":"https:\/\/nordicmart.andreevmaster.com\/fi\/wp-json\/wp\/v2\/product_cat?post=31492"},{"taxonomy":"product_tag","embeddable":true,"href":"https:\/\/nordicmart.andreevmaster.com\/fi\/wp-json\/wp\/v2\/product_tag?post=31492"}],"curies":[{"name":"wp","href":"https:\/\/api.w.org\/{rel}","templated":true}]}}