{"id":31490,"date":"2026-02-27T00:13:44","date_gmt":"2026-02-27T00:13:44","guid":{"rendered":"https:\/\/nordicmart.andreevmaster.com\/product\/songmics-vaateripustin-pyorilla-vaateripustin-ulosvedettava-vaateripustin\/"},"modified":"2026-02-27T09:36:23","modified_gmt":"2026-02-27T09:36:23","slug":"songmics-vaateripustin-pyorilla-vaateripustin-ulosvedettava-vaateripustin","status":"publish","type":"product","link":"https:\/\/nordicmart.andreevmaster.com\/fi\/tuote\/songmics-vaateripustin-pyorilla-vaateripustin-ulosvedettava-vaateripustin\/","title":{"rendered":"SONGMICS vaateripustin py\u00f6rill\u00e4, vaateripustin, ulosvedett\u00e4v\u00e4 vaateripustin"},"content":{"rendered":"<p>Tuotetiedot: &#8211; V\u00e4ri: mattamusta &#8211; Materiaali: ter\u00e4s, PP-py\u00f6r\u00e4t &#8211; Koko: 45 x (110-150) x 160 cm (S x L x K) &#8211; Paino: 7 kg &#8211; Maks. staattinen kantavuus: 136 kg Toimitussis\u00e4lt\u00f6: &#8211; 1 x vaateteline &#8211; 1 x ohjeet<\/p>\n","protected":false},"excerpt":{"rendered":"<p>Rullilla varustettu vaateteline, vaatekaappi, ulosvedett\u00e4v\u00e4 vaatetanko, kantavuus 130 kg, 45 x (110-150) x 162,9 cm, metalli, mattavalkoinen<\/p>\n","protected":false},"featured_media":40630,"comment_status":"open","ping_status":"closed","template":"","meta":[],"product_brand":[],"product_cat":[32],"product_tag":[],"class_list":{"0":"post-31490","1":"product","2":"type-product","3":"status-publish","4":"has-post-thumbnail","6":"product_cat-uncategorized-fi","8":"first","9":"instock","10":"shipping-taxable","11":"purchasable","12":"product-type-simple"},"_links":{"self":[{"href":"https:\/\/nordicmart.andreevmaster.com\/fi\/wp-json\/wp\/v2\/product\/31490","targetHints":{"allow":["GET"]}}],"collection":[{"href":"https:\/\/nordicmart.andreevmaster.com\/fi\/wp-json\/wp\/v2\/product"}],"about":[{"href":"https:\/\/nordicmart.andreevmaster.com\/fi\/wp-json\/wp\/v2\/types\/product"}],"replies":[{"embeddable":true,"href":"https:\/\/nordicmart.andreevmaster.com\/fi\/wp-json\/wp\/v2\/comments?post=31490"}],"wp:featuredmedia":[{"embeddable":true,"href":"https:\/\/nordicmart.andreevmaster.com\/fi\/wp-json\/wp\/v2\/media\/40630"}],"wp:attachment":[{"href":"https:\/\/nordicmart.andreevmaster.com\/fi\/wp-json\/wp\/v2\/media?parent=31490"}],"wp:term":[{"taxonomy":"product_brand","embeddable":true,"href":"https:\/\/nordicmart.andreevmaster.com\/fi\/wp-json\/wp\/v2\/product_brand?post=31490"},{"taxonomy":"product_cat","embeddable":true,"href":"https:\/\/nordicmart.andreevmaster.com\/fi\/wp-json\/wp\/v2\/product_cat?post=31490"},{"taxonomy":"product_tag","embeddable":true,"href":"https:\/\/nordicmart.andreevmaster.com\/fi\/wp-json\/wp\/v2\/product_tag?post=31490"}],"curies":[{"name":"wp","href":"https:\/\/api.w.org\/{rel}","templated":true}]}}