{"id":31488,"date":"2026-02-27T00:13:43","date_gmt":"2026-02-27T00:13:43","guid":{"rendered":"https:\/\/nordicmart.andreevmaster.com\/product\/vasagle-teollisuustyylinen-vaatekaappi-ja-kenkapenkki\/"},"modified":"2026-02-27T09:36:23","modified_gmt":"2026-02-27T09:36:23","slug":"vasagle-teollisuustyylinen-vaatekaappi-ja-kenkapenkki","status":"publish","type":"product","link":"https:\/\/nordicmart.andreevmaster.com\/fi\/tuote\/vasagle-teollisuustyylinen-vaatekaappi-ja-kenkapenkki\/","title":{"rendered":"VASAGLE Teollisuustyylinen vaatekaappi ja kenk\u00e4penkki"},"content":{"rendered":"<p>VASAGLE:n suunnittelijat kehitt\u00e4v\u00e4t s\u00e4\u00e4nn\u00f6llisesti uusia ideoita k\u00e4yt\u00e4nn\u00f6llisille huonekaluille, joiden avulla voit tehd\u00e4 el\u00e4m\u00e4st\u00e4si tyylikk\u00e4\u00e4sti ja edullisesti hieman mukavampaa. N\u00e4in he antavat sinulle mahdollisuuden tehd\u00e4 kodistasi jotain aivan poikkeuksellista.  Rustikaalinen teollisen tyylin vaatekaappi  He suunnittelivat esimerkiksi yll\u00e4 olevan vaatekaapin, jossa on penkki, mukava istuinpaikka, 2 hylly\u00e4 kenkien s\u00e4ilytt\u00e4miseen ja 12 koukkua vaatteiden ripustamiseen.  Trendikk\u00e4\u00e4ss\u00e4 teollisessa designissa, puuisilla vintage-elementeill\u00e4 ja 30 mm paksulla istuimella varustettu vaatekaappi sopii erityisesti suuriin tai avoimiin tiloihin, jotka eiv\u00e4t ole viel\u00e4 liian t\u00e4ynn\u00e4 muita huonekaluja. Sijoita vaatekaappi esimerkiksi eteiseesi, jotta voit ripustaa siihen takit ja p\u00e4\u00e4llystakit sek\u00e4 pukea keng\u00e4t mukavasti.  T\u00e4m\u00e4 vaatekaappi ei kuitenkaan saisi olla ainoa teollisen muotoilun esine asunnossasi. Tutustu my\u00f6s muihin VASAGLE-tuotteisiin. Tuotetiedot: V\u00e4ri: vintage-ruskea-musta Materiaali: lastulevy, ter\u00e4s Koko: 100 x 40 x 184 cm (P x L x K)Istuimen koko: 96 x 37 cm (P x L) Paino: 17 kg Maks. staattinen kuormituskyky koukkua kohti: 2 kg Maks. staattinen kuormituskyky istuimella: 90 kg Maks. staattinen kuormituskyky hylly\u00e4 kohti: 10 kg Toimitus sis\u00e4lt\u00e4\u00e4: 1 x vaatekaappi 1 x lis\u00e4varustepussi 1 x ohjeet (DE, EN, FR, ES, IT)<\/p>\n","protected":false},"excerpt":{"rendered":"<p>VASAGLE Suuri vaatekaappi penkill\u00e4, vaateripustin 12 vaatekoukulla ja kenk\u00e4hyllyll\u00e4, eteishylly, toimisto, makuuhuone, tukeva rautakehys, teollinen muotoilu, vintage-ruskea-musta HSR86BX<\/p>\n","protected":false},"featured_media":40628,"comment_status":"open","ping_status":"closed","template":"","meta":[],"product_brand":[],"product_cat":[32],"product_tag":[],"class_list":{"0":"post-31488","1":"product","2":"type-product","3":"status-publish","4":"has-post-thumbnail","6":"product_cat-uncategorized-fi","8":"first","9":"instock","10":"shipping-taxable","11":"purchasable","12":"product-type-simple"},"_links":{"self":[{"href":"https:\/\/nordicmart.andreevmaster.com\/fi\/wp-json\/wp\/v2\/product\/31488","targetHints":{"allow":["GET"]}}],"collection":[{"href":"https:\/\/nordicmart.andreevmaster.com\/fi\/wp-json\/wp\/v2\/product"}],"about":[{"href":"https:\/\/nordicmart.andreevmaster.com\/fi\/wp-json\/wp\/v2\/types\/product"}],"replies":[{"embeddable":true,"href":"https:\/\/nordicmart.andreevmaster.com\/fi\/wp-json\/wp\/v2\/comments?post=31488"}],"wp:featuredmedia":[{"embeddable":true,"href":"https:\/\/nordicmart.andreevmaster.com\/fi\/wp-json\/wp\/v2\/media\/40628"}],"wp:attachment":[{"href":"https:\/\/nordicmart.andreevmaster.com\/fi\/wp-json\/wp\/v2\/media?parent=31488"}],"wp:term":[{"taxonomy":"product_brand","embeddable":true,"href":"https:\/\/nordicmart.andreevmaster.com\/fi\/wp-json\/wp\/v2\/product_brand?post=31488"},{"taxonomy":"product_cat","embeddable":true,"href":"https:\/\/nordicmart.andreevmaster.com\/fi\/wp-json\/wp\/v2\/product_cat?post=31488"},{"taxonomy":"product_tag","embeddable":true,"href":"https:\/\/nordicmart.andreevmaster.com\/fi\/wp-json\/wp\/v2\/product_tag?post=31488"}],"curies":[{"name":"wp","href":"https:\/\/api.w.org\/{rel}","templated":true}]}}