{"id":31486,"date":"2026-02-27T00:13:43","date_gmt":"2026-02-27T00:13:43","guid":{"rendered":"https:\/\/nordicmart.andreevmaster.com\/product\/vasagle-penkki-sailytystilalla-vintage-ruskea\/"},"modified":"2026-02-27T09:36:23","modified_gmt":"2026-02-27T09:36:23","slug":"vasagle-penkki-sailytystilalla-vintage-ruskea","status":"publish","type":"product","link":"https:\/\/nordicmart.andreevmaster.com\/fi\/tuote\/vasagle-penkki-sailytystilalla-vintage-ruskea\/","title":{"rendered":"VASAGLE penkki s\u00e4ilytystilalla, vintage-ruskea"},"content":{"rendered":"<p>Tuotetiedot:<br \/>\n&#8211; V\u00e4ri: vintage-ruskea-musta<br \/>\n&#8211; Materiaali: lastulevy, ter\u00e4s<br \/>\n&#8211; Koko: 58 x 28 x 181 cm (P x L x K)<br \/>\n&#8211; Paino: 5,5 kg<br \/>\n&#8211; Puisten hyllyjen maks. staattinen kantavuus: 5 kg<br \/>\n&#8211; Hyllyjen maksimaalinen staattinen kantavuus: 3 kg<br \/>\n&#8211; Koukun maksimaalinen staattinen kantavuus: 2 kg<br \/>\n&#8211; Vaatetangon suurin staattinen kantavuus: 10 kg<\/p>\n<p>Toimitus sis\u00e4lt\u00e4\u00e4:<br \/>\n&#8211; 1 x vaateteline<br \/>\n&#8211; 1 x lis\u00e4varustepaketti<br \/>\n&#8211; 1 x kaatumissuoja<br \/>\n&#8211; 1 x ohjeet (DE, EN, ES, FR, IT)<\/p>\n<p>VASAGLE-huomautukset:<br \/>\n&#8211; Turvallisuussyist\u00e4 lapset eiv\u00e4t saa kiivet\u00e4 tuotteelle tai leikki\u00e4 sill\u00e4.<br \/>\n&#8211; Tuotteen suurin staattinen kantavuus on 31 kg. \u00c4l\u00e4 ylit\u00e4 t\u00e4t\u00e4 enimm\u00e4ispainoa.<br \/>\n&#8211; Kiinnit\u00e4 t\u00e4m\u00e4 tuote sein\u00e4\u00e4n mukana toimitetulla kaatumissuojalla turvallisen k\u00e4yt\u00f6n varmistamiseksi.<\/p>\n","protected":false},"excerpt":{"rendered":"<p>VASAGLE vaatekaappi, vaateripustin, vaateripustin, kenk\u00e4teline, kenk\u00e4hylly, eteinen, makuuhuone, 58 x 28 x 181 cm, teollinen muotoilu, vintage-ruskea-musta HSR81BX<\/p>\n","protected":false},"featured_media":40626,"comment_status":"open","ping_status":"closed","template":"","meta":[],"product_brand":[],"product_cat":[32],"product_tag":[],"class_list":{"0":"post-31486","1":"product","2":"type-product","3":"status-publish","4":"has-post-thumbnail","6":"product_cat-uncategorized-fi","8":"first","9":"instock","10":"shipping-taxable","11":"purchasable","12":"product-type-simple"},"_links":{"self":[{"href":"https:\/\/nordicmart.andreevmaster.com\/fi\/wp-json\/wp\/v2\/product\/31486","targetHints":{"allow":["GET"]}}],"collection":[{"href":"https:\/\/nordicmart.andreevmaster.com\/fi\/wp-json\/wp\/v2\/product"}],"about":[{"href":"https:\/\/nordicmart.andreevmaster.com\/fi\/wp-json\/wp\/v2\/types\/product"}],"replies":[{"embeddable":true,"href":"https:\/\/nordicmart.andreevmaster.com\/fi\/wp-json\/wp\/v2\/comments?post=31486"}],"wp:featuredmedia":[{"embeddable":true,"href":"https:\/\/nordicmart.andreevmaster.com\/fi\/wp-json\/wp\/v2\/media\/40626"}],"wp:attachment":[{"href":"https:\/\/nordicmart.andreevmaster.com\/fi\/wp-json\/wp\/v2\/media?parent=31486"}],"wp:term":[{"taxonomy":"product_brand","embeddable":true,"href":"https:\/\/nordicmart.andreevmaster.com\/fi\/wp-json\/wp\/v2\/product_brand?post=31486"},{"taxonomy":"product_cat","embeddable":true,"href":"https:\/\/nordicmart.andreevmaster.com\/fi\/wp-json\/wp\/v2\/product_cat?post=31486"},{"taxonomy":"product_tag","embeddable":true,"href":"https:\/\/nordicmart.andreevmaster.com\/fi\/wp-json\/wp\/v2\/product_tag?post=31486"}],"curies":[{"name":"wp","href":"https:\/\/api.w.org\/{rel}","templated":true}]}}