{"id":31482,"date":"2026-02-27T00:13:42","date_gmt":"2026-02-27T00:13:42","guid":{"rendered":"https:\/\/nordicmart.andreevmaster.com\/product\/vaateteline-vaateteline-pyorilla-5-tasoinen-vaateteline-metalliputkilla-makuuhuoneeseen-myymalaan-pesuhuoneeseen-olohuoneeseen-maalaismainen-ruskea-ja-musta-2\/"},"modified":"2026-02-27T09:36:22","modified_gmt":"2026-02-27T09:36:22","slug":"vaateteline-vaateteline-pyorilla-5-tasoinen-vaateteline-metalliputkilla-makuuhuoneeseen-myymalaan-pesuhuoneeseen-olohuoneeseen-maalaismainen-ruskea-ja-musta-2","status":"publish","type":"product","link":"https:\/\/nordicmart.andreevmaster.com\/fi\/tuote\/vaateteline-vaateteline-pyorilla-5-tasoinen-vaateteline-metalliputkilla-makuuhuoneeseen-myymalaan-pesuhuoneeseen-olohuoneeseen-maalaismainen-ruskea-ja-musta-2\/","title":{"rendered":"Vaateteline, vaateteline py\u00f6rill\u00e4, 5-tasoinen vaateteline metalliputkilla, makuuhuoneeseen, myym\u00e4l\u00e4\u00e4n, pesuhuoneeseen, olohuoneeseen, maalaismainen ruskea ja musta"},"content":{"rendered":"<p>Ei ole koskaan n\u00e4ytt\u00e4nyt paremmalta: Se on pari, joka m\u00e4\u00e4rittelee huoneen ja t\u00e4m\u00e4n vaatetelineen, pakottaen silm\u00e4t katsomaan sen tiet\u00e4, kun se esittelee vaatteesi tyylikk\u00e4\u00e4sti ja antaa niille ainutlaatuisen n\u00e4ytt\u00e4m\u00f6n loistaa.Vaatteet pysyv\u00e4t paikoillaan: Voit olla rauhassa tiet\u00e4en, ett\u00e4 vaatteesi roikkuvat siell\u00e4, minne ne kuuluvat, kun palaat kotiin; t\u00e4m\u00e4n vaatetelineen vahva ter\u00e4sputkikisko kantaa jopa 60 kg:n painoisia lempivaatteitasi.Ripusta, n\u00e4yt\u00e4, valmistaudu, piilota: T\u00e4m\u00e4 vaateteline ei oikeastaan ole vain vaatteiden ripustamiseen &#8211; n\u00e4yt\u00e4 laukut kolmella sivuhyllyll\u00e4, valmista keng\u00e4t alahyllyll\u00e4 ja s\u00e4ilyt\u00e4 tavaraa laatikoihin ylimm\u00e4ll\u00e4 hyllyll\u00e4 &#8211; kaikki ovat tervetulleita!<\/p>\n<p>Menee sinne, minne menet: Rullaa vaatekokoelmasi vaatekaapista makuuhuoneeseen, olohuoneeseen ja muuallekin 4 py\u00f6r\u00e4n avulla. 2 py\u00f6r\u00e4\u00e4 on lukittavia, ja ne pit\u00e4v\u00e4t t\u00e4m\u00e4n vaatetelineen paikoillaan, kun sovitat asuja.Helppo ja vaivaton kokoonpano: Merkityt osat? Tarkista. Yksityiskohtaiset ohjeet? Tarkistettu. Suoraviivainen kokoamisprosessi? Tarkistettu! Sitten t\u00e4m\u00e4n vaatetelineen kokoaminen ei tunnu en\u00e4\u00e4 toiselta ty\u00f6lt\u00e4 &#8211; tehd\u00e4\u00e4n se.Tekniset tiedot: V\u00e4ri: V\u00e4ri on v\u00e4rillinen: V\u00e4ri: Rustic BrownMateriaali: Rustic Brown: Materiaali: Lastulevy, ter\u00e4sTuotteen koko: 103,5 x 40 x 174,5 cm (L x S x K)Tuotteen paino: 20,8 kgMax. Ripustustangon kuormitettavuus: 60 kgKokonaismaks. Kantavuus: 90 kgPakkauksen sis\u00e4lt\u00f6:1 x Vaateteline1 x Asennussarja1 x K\u00e4ytt\u00f6ohjeet (EN, DE, FR, ES, IT, ES, IT)<\/p>\n","protected":false},"excerpt":{"rendered":"<p>Ei ole koskaan n\u00e4ytt\u00e4nyt paremmalta: Se on pari, joka m\u00e4\u00e4rittelee huoneen ja t\u00e4m\u00e4n vaatetelineen, pakottaen silm\u00e4t katsomaan sen tiet\u00e4, kun se esittelee vaatteesi tyylikk\u00e4\u00e4sti ja antaa niille ainutlaatuisen n\u00e4ytt\u00e4m\u00f6n loistaa.Vaatteet pysyv\u00e4t paikoillaan: Voit olla rauhassa tiet\u00e4en, ett\u00e4 vaatteesi roikkuvat siell\u00e4, minne ne kuuluvat, kun palaat kotiin; t\u00e4m\u00e4n vaatetelineen vahva ter\u00e4sputkikisko kantaa jopa 60 kg:n painoisia [&hellip;]<\/p>\n","protected":false},"featured_media":0,"comment_status":"open","ping_status":"closed","template":"","meta":[],"product_brand":[],"product_cat":[32],"product_tag":[],"class_list":{"0":"post-31482","1":"product","2":"type-product","3":"status-publish","5":"product_cat-uncategorized-fi","7":"first","8":"instock","9":"shipping-taxable","10":"product-type-simple"},"_links":{"self":[{"href":"https:\/\/nordicmart.andreevmaster.com\/fi\/wp-json\/wp\/v2\/product\/31482","targetHints":{"allow":["GET"]}}],"collection":[{"href":"https:\/\/nordicmart.andreevmaster.com\/fi\/wp-json\/wp\/v2\/product"}],"about":[{"href":"https:\/\/nordicmart.andreevmaster.com\/fi\/wp-json\/wp\/v2\/types\/product"}],"replies":[{"embeddable":true,"href":"https:\/\/nordicmart.andreevmaster.com\/fi\/wp-json\/wp\/v2\/comments?post=31482"}],"wp:attachment":[{"href":"https:\/\/nordicmart.andreevmaster.com\/fi\/wp-json\/wp\/v2\/media?parent=31482"}],"wp:term":[{"taxonomy":"product_brand","embeddable":true,"href":"https:\/\/nordicmart.andreevmaster.com\/fi\/wp-json\/wp\/v2\/product_brand?post=31482"},{"taxonomy":"product_cat","embeddable":true,"href":"https:\/\/nordicmart.andreevmaster.com\/fi\/wp-json\/wp\/v2\/product_cat?post=31482"},{"taxonomy":"product_tag","embeddable":true,"href":"https:\/\/nordicmart.andreevmaster.com\/fi\/wp-json\/wp\/v2\/product_tag?post=31482"}],"curies":[{"name":"wp","href":"https:\/\/api.w.org\/{rel}","templated":true}]}}