{"id":31481,"date":"2026-02-27T00:13:42","date_gmt":"2026-02-27T00:13:42","guid":{"rendered":"https:\/\/nordicmart.andreevmaster.com\/product\/vasagle-vaatetanko-vesiputkidesign\/"},"modified":"2026-02-27T09:36:22","modified_gmt":"2026-02-27T09:36:22","slug":"vasagle-vaatetanko-vesiputkidesign","status":"publish","type":"product","link":"https:\/\/nordicmart.andreevmaster.com\/fi\/tuote\/vasagle-vaatetanko-vesiputkidesign\/","title":{"rendered":"VASAGLE vaatetanko vesiputkidesign"},"content":{"rendered":"<p>Vaateripustin ja hyllyn yhdistelm\u00e4: T\u00e4m\u00e4 vaateripustin yhdist\u00e4\u00e4 vaateripustimen ja kenk\u00e4hyllyn. N\u00e4in vaatteesi ja kenk\u00e4si voidaan s\u00e4ilytt\u00e4\u00e4 yhdess\u00e4 paikassa, mik\u00e4 helpottaa vaatteiden valintaa. Ripusta takit tai paidat taitteettomasti t\u00e4h\u00e4n vaateripustimeen, jotta sinun ei tarvitse en\u00e4\u00e4 vaivalloisesti taitella ja silitt\u00e4\u00e4 niit\u00e4. Alareunan hyllylle mahtuu my\u00f6s muutama laatikko, joihin voit s\u00e4ilytt\u00e4\u00e4 huiveja, sukkia tai monia muita asusteita. Vaateripustin kaikkiin tilanteisiin: Voit k\u00e4ytt\u00e4\u00e4 t\u00e4t\u00e4 vaateripustinta paitsi kotona my\u00f6s kuljettaa sen kauppaan tai kirpputorille esittelem\u00e4\u00e4n tuotteitasi. Tuotetiedot: V\u00e4ri: vintage-ruskea-musta Materiaali: lastulevy, ter\u00e4s Koko: 103,5 x 40 x 162 cm (P x L x K) Paino: 9,7 kg Vaateripustimen maks. staattinen kantavuus: 90 kg Hyllyn maks. staattinen kantavuus: 25 kg Toimitus sis\u00e4lt\u00e4\u00e4: 1 x vaateripustin 1 x s\u00e4ilytyslaatikon tarvikkeineen 1 x ohjeet SONGMICSin ohjeet:Siirr\u00e4 tuotetta hitaasti ja muiden henkil\u00f6iden avustuksella, kun se on t\u00e4ynn\u00e4, jotta se kest\u00e4\u00e4 k\u00e4yt\u00f6ss\u00e4 pidemp\u00e4\u00e4n.<\/p>\n","protected":false},"excerpt":{"rendered":"<p>VASAGLE raskaiden tavaroiden vaateripustin, vaateripustin kantavuus 90 kg, vaateripustin hyllyll\u00e4, lukittavat py\u00f6r\u00e4t, teollinen muotoilu, vesiputkielementit, pesutupa, liike, vintage-ruskea-musta HSR65BXV1<\/p>\n","protected":false},"featured_media":40622,"comment_status":"open","ping_status":"closed","template":"","meta":[],"product_brand":[],"product_cat":[32],"product_tag":[],"class_list":{"0":"post-31481","1":"product","2":"type-product","3":"status-publish","4":"has-post-thumbnail","6":"product_cat-uncategorized-fi","8":"first","9":"instock","10":"shipping-taxable","11":"purchasable","12":"product-type-simple"},"_links":{"self":[{"href":"https:\/\/nordicmart.andreevmaster.com\/fi\/wp-json\/wp\/v2\/product\/31481","targetHints":{"allow":["GET"]}}],"collection":[{"href":"https:\/\/nordicmart.andreevmaster.com\/fi\/wp-json\/wp\/v2\/product"}],"about":[{"href":"https:\/\/nordicmart.andreevmaster.com\/fi\/wp-json\/wp\/v2\/types\/product"}],"replies":[{"embeddable":true,"href":"https:\/\/nordicmart.andreevmaster.com\/fi\/wp-json\/wp\/v2\/comments?post=31481"}],"wp:featuredmedia":[{"embeddable":true,"href":"https:\/\/nordicmart.andreevmaster.com\/fi\/wp-json\/wp\/v2\/media\/40622"}],"wp:attachment":[{"href":"https:\/\/nordicmart.andreevmaster.com\/fi\/wp-json\/wp\/v2\/media?parent=31481"}],"wp:term":[{"taxonomy":"product_brand","embeddable":true,"href":"https:\/\/nordicmart.andreevmaster.com\/fi\/wp-json\/wp\/v2\/product_brand?post=31481"},{"taxonomy":"product_cat","embeddable":true,"href":"https:\/\/nordicmart.andreevmaster.com\/fi\/wp-json\/wp\/v2\/product_cat?post=31481"},{"taxonomy":"product_tag","embeddable":true,"href":"https:\/\/nordicmart.andreevmaster.com\/fi\/wp-json\/wp\/v2\/product_tag?post=31481"}],"curies":[{"name":"wp","href":"https:\/\/api.w.org\/{rel}","templated":true}]}}