{"id":31480,"date":"2026-02-27T00:13:42","date_gmt":"2026-02-27T00:13:42","guid":{"rendered":"https:\/\/nordicmart.andreevmaster.com\/product\/vaateripustin-makuuhuoneeseen-tukeva-vaateripustin-teollinen-putkirullavaateripustin-hyllylla-ylakisko-maks-kuormitus-90-kg-pesutupa-myymala-rustiikkinen-ruskea-ja-musta\/"},"modified":"2026-02-27T09:36:22","modified_gmt":"2026-02-27T09:36:22","slug":"vaateripustin-makuuhuoneeseen-tukeva-vaateripustin-teollinen-putkirullavaateripustin-hyllylla-ylakisko-maks-kuormitus-90-kg-pesutupa-myymala-rustiikkinen-ruskea-ja-musta","status":"publish","type":"product","link":"https:\/\/nordicmart.andreevmaster.com\/fi\/tuote\/vaateripustin-makuuhuoneeseen-tukeva-vaateripustin-teollinen-putkirullavaateripustin-hyllylla-ylakisko-maks-kuormitus-90-kg-pesutupa-myymala-rustiikkinen-ruskea-ja-musta\/","title":{"rendered":"Vaateripustin makuuhuoneeseen, tukeva vaateripustin, teollinen putkirullavaateripustin hyllyll\u00e4, yl\u00e4kisko maks. Kuormitus 90 kg, pesutupa, myym\u00e4l\u00e4, rustiikkinen ruskea ja musta"},"content":{"rendered":"<p>Ei en\u00e4\u00e4 taistelua kaappitilasta: Onko kaappisi t\u00e4ynn\u00e4? T\u00e4m\u00e4 vaateteline voi vapauttaa kaappitilaa ja auttaa pelastamaan rakkaat mekot vaatekasoista.<\/p>\n<p>N\u00e4yt\u00e4 se: Kutsu t\u00e4m\u00e4 ripustettava teline, jossa on teollinen putkisuunnittelu ja rustiikkinen hylly, kotiisi pirist\u00e4m\u00e4\u00e4n tilaa ja tarjoamaan samalla ylim\u00e4\u00e4r\u00e4ist\u00e4 s\u00e4ilytystilaa; se on niin houkutteleva, ett\u00e4 et halua piilottaa sit\u00e4 ja menett\u00e4\u00e4 kohteliaisuuksia. Mit\u00e4 pukeutua juhliin \u2013 rentoja vaatteita, pient\u00e4 mustaa mekkoa tai tyylik\u00e4st\u00e4 haalaria \u2013 sinun tarvitsee vain rullata t\u00e4m\u00e4 siirrett\u00e4v\u00e4 vaateteline peilin eteen l\u00f6yt\u00e4\u00e4ksesi oikeat vaatteet; 2 jarrua pit\u00e4v\u00e4t sen paikallaan.<\/p>\n<p>Se on vahva: Paidat, villapaidat, takit ja pitk\u00e4t takit \u2013 voit ripustaa vaatekaapin koko kauden vaatteet t\u00e4h\u00e4n vaatekaappiin, sill\u00e4 90 kg:n kantavuus takaa sen vakauden; houkutteleva hylly kest\u00e4\u00e4 my\u00f6s jopa 25 kg:n painon.Helppo ja vaivaton koota: Merkityt osat? Tarkista. Yksityiskohtaiset ohjeet? Tarkista. Yksinkertainen kokoamisprosessi? Kyll\u00e4! T\u00e4ll\u00f6in vaatetelineen kokoaminen ei tunnu ylim\u00e4\u00e4r\u00e4iselt\u00e4 ty\u00f6lt\u00e4 \u2013 tehd\u00e4\u00e4n se! <\/p>\n<p>Vaateteline ja kenk\u00e4teline yhdess\u00e4: T\u00e4m\u00e4 naulakko yhdist\u00e4\u00e4 vaatetelineen ja kenk\u00e4telineen. T\u00e4m\u00e4 tarkoittaa, ett\u00e4 vaatteesi ja kenk\u00e4si voidaan s\u00e4ilytt\u00e4\u00e4 yhdess\u00e4 paikassa, jolloin ne ovat helposti saatavilla, kun haluat valita vaatteita. Ripusta takit tai paidat rypistym\u00e4tt\u00e4 t\u00e4h\u00e4n vaateripustimeen, niin sinun ei en\u00e4\u00e4 tarvitse taitella ja silitt\u00e4\u00e4 niit\u00e4. Alareunan hyllyll\u00e4 on my\u00f6s tilaa muutamalle laatikolle, joissa voit s\u00e4ilytt\u00e4\u00e4 huiveja, sukkia tai monia muita asusteita.Vaateripustin kaikkiin tilanteisiin: Voit k\u00e4ytt\u00e4\u00e4 t\u00e4t\u00e4 vaateripustinta paitsi kotona my\u00f6s kuljettaa sen kauppaan tai kirpputorille esittelem\u00e4\u00e4n tuotteitasi. Tuotetiedot: V\u00e4ri: Vintage ruskea-musta Materiaali: Lastulevy, ter\u00e4s Koko: 103,5 x 40 x 162 cm (P x L x K) Paino: 9,7 kg Vaatetelineen maks. staattinen kantavuus: 90 kg Hyllyn maks. hyllyn staattinen kantavuus: 25 kgToimitus sis\u00e4lt\u00e4\u00e4:1 x vaateteline1 x s\u00e4ilytyslaatikko tarvikkeille1 x ohjeetSONGMICS-ohjeet:Siirr\u00e4 tuotetta hitaasti ja muiden ihmisten avulla, kun se on t\u00e4ynn\u00e4, jotta se kest\u00e4\u00e4 pidemp\u00e4\u00e4n.<\/p>\n","protected":false},"excerpt":{"rendered":"<p>Ei en\u00e4\u00e4 taistelua kaappitilasta: Onko kaappisi t\u00e4ynn\u00e4? T\u00e4m\u00e4 vaateteline voi vapauttaa kaappitilaa ja auttaa pelastamaan rakkaat mekot vaatekasoista. N\u00e4yt\u00e4 se: Kutsu t\u00e4m\u00e4 ripustettava teline, jossa on teollinen putkisuunnittelu ja rustiikkinen hylly, kotiisi pirist\u00e4m\u00e4\u00e4n tilaa ja tarjoamaan samalla ylim\u00e4\u00e4r\u00e4ist\u00e4 s\u00e4ilytystilaa; se on niin houkutteleva, ett\u00e4 et halua piilottaa sit\u00e4 ja menett\u00e4\u00e4 kohteliaisuuksia. Mit\u00e4 pukeutua juhliin \u2013 [&hellip;]<\/p>\n","protected":false},"featured_media":0,"comment_status":"open","ping_status":"closed","template":"","meta":[],"product_brand":[],"product_cat":[32],"product_tag":[],"class_list":{"0":"post-31480","1":"product","2":"type-product","3":"status-publish","5":"product_cat-uncategorized-fi","7":"first","8":"instock","9":"shipping-taxable","10":"product-type-simple"},"_links":{"self":[{"href":"https:\/\/nordicmart.andreevmaster.com\/fi\/wp-json\/wp\/v2\/product\/31480","targetHints":{"allow":["GET"]}}],"collection":[{"href":"https:\/\/nordicmart.andreevmaster.com\/fi\/wp-json\/wp\/v2\/product"}],"about":[{"href":"https:\/\/nordicmart.andreevmaster.com\/fi\/wp-json\/wp\/v2\/types\/product"}],"replies":[{"embeddable":true,"href":"https:\/\/nordicmart.andreevmaster.com\/fi\/wp-json\/wp\/v2\/comments?post=31480"}],"wp:attachment":[{"href":"https:\/\/nordicmart.andreevmaster.com\/fi\/wp-json\/wp\/v2\/media?parent=31480"}],"wp:term":[{"taxonomy":"product_brand","embeddable":true,"href":"https:\/\/nordicmart.andreevmaster.com\/fi\/wp-json\/wp\/v2\/product_brand?post=31480"},{"taxonomy":"product_cat","embeddable":true,"href":"https:\/\/nordicmart.andreevmaster.com\/fi\/wp-json\/wp\/v2\/product_cat?post=31480"},{"taxonomy":"product_tag","embeddable":true,"href":"https:\/\/nordicmart.andreevmaster.com\/fi\/wp-json\/wp\/v2\/product_tag?post=31480"}],"curies":[{"name":"wp","href":"https:\/\/api.w.org\/{rel}","templated":true}]}}