{"id":31479,"date":"2026-02-27T00:13:42","date_gmt":"2026-02-27T00:13:42","guid":{"rendered":"https:\/\/nordicmart.andreevmaster.com\/product\/songmics-vaatetangot-2-kpl\/"},"modified":"2026-02-27T09:36:22","modified_gmt":"2026-02-27T09:36:22","slug":"songmics-vaatetangot-2-kpl","status":"publish","type":"product","link":"https:\/\/nordicmart.andreevmaster.com\/fi\/tuote\/songmics-vaatetangot-2-kpl\/","title":{"rendered":"SONGMICS vaatetangot, 2 kpl"},"content":{"rendered":"<p>Hy\u00f6dynn\u00e4 vapaata sein\u00e4tilaa Haluatko ripustaa siististi p\u00e4\u00e4llekk\u00e4in kasatut vaatteet tai kaaosmaisesti laatikkoon heitetyt huivit? Kokeile sitten n\u00e4it\u00e4 SONGMICS-vaatetankoja! Kukin 110 cm pitk\u00e4 tanko kiinnitet\u00e4\u00e4n sein\u00e4\u00e4n ja tarjoaa runsaasti tilaa lukuisille vaatteille ja asusteille. Riitt\u00e4v\u00e4n vahvat Mik\u00e4\u00e4n ei heilua. N\u00e4m\u00e4 eritt\u00e4in kest\u00e4v\u00e4t vaatetangot on valmistettu korkealaatuisesta raudasta. Ne ovat lis\u00e4ksi l\u00e4p\u00e4isseet T\u00dcV Rheinlandin 60 kg:n kuormitustestin (raportti nro 50254039 001). Oletko k\u00e4det\u00f6n? Sinun ei tarvitse olla asiantuntija kiinnitt\u00e4\u00e4ksesi n\u00e4m\u00e4 vaatetangot sein\u00e4llesi. Sivut ovat yksiosaisia, ja yksityiskohtaiset ohjeet varmistavat ongelmattoman asennuksen. Tuotetiedot: &#8211; V\u00e4ri: musta &#8211; Materiaali: rauta &#8211; Koko: 110 x 30 x 29,3 cm (P x L x K) &#8211; Paino: 2,4 kg &#8211; Maks. staattinen kantavuus: 60 kg Toimitus sis\u00e4lt\u00e4\u00e4:- 2 x vaatetanko &#8211; 1 x lis\u00e4varusteet &#8211; 1 x ohjeet (DE, EN, ES, FR, IT) SONGMICS-huomautukset: &#8211; Toimituspakkaukseen sis\u00e4ltyv\u00e4t ruuvit ja tulpat on tarkoitettu k\u00e4ytett\u00e4v\u00e4ksi vain massiivisissa seiniss\u00e4. Ota yhteytt\u00e4 ty\u00f6kalujen erikoisliikkeeseen, jos haluat kiinnitt\u00e4\u00e4 vaatetangot muun tyyppiseen sein\u00e4\u00e4n.<\/p>\n","protected":false},"excerpt":{"rendered":"<p>SONGMICS sein\u00e4lle kiinnitett\u00e4v\u00e4 vaatetanko, teollisen muotoilun vaatetanko, sein\u00e4kiinnitys, tilaa s\u00e4\u00e4st\u00e4v\u00e4, 110 x 30 x 29,3 cm, kantavuus 60 kg, helppo asentaa, pieniin asuntoihin, musta HSR64BK<\/p>\n","protected":false},"featured_media":40621,"comment_status":"open","ping_status":"closed","template":"","meta":[],"product_brand":[],"product_cat":[32],"product_tag":[],"class_list":{"0":"post-31479","1":"product","2":"type-product","3":"status-publish","4":"has-post-thumbnail","6":"product_cat-uncategorized-fi","8":"first","9":"instock","10":"shipping-taxable","11":"purchasable","12":"product-type-simple"},"_links":{"self":[{"href":"https:\/\/nordicmart.andreevmaster.com\/fi\/wp-json\/wp\/v2\/product\/31479","targetHints":{"allow":["GET"]}}],"collection":[{"href":"https:\/\/nordicmart.andreevmaster.com\/fi\/wp-json\/wp\/v2\/product"}],"about":[{"href":"https:\/\/nordicmart.andreevmaster.com\/fi\/wp-json\/wp\/v2\/types\/product"}],"replies":[{"embeddable":true,"href":"https:\/\/nordicmart.andreevmaster.com\/fi\/wp-json\/wp\/v2\/comments?post=31479"}],"wp:featuredmedia":[{"embeddable":true,"href":"https:\/\/nordicmart.andreevmaster.com\/fi\/wp-json\/wp\/v2\/media\/40621"}],"wp:attachment":[{"href":"https:\/\/nordicmart.andreevmaster.com\/fi\/wp-json\/wp\/v2\/media?parent=31479"}],"wp:term":[{"taxonomy":"product_brand","embeddable":true,"href":"https:\/\/nordicmart.andreevmaster.com\/fi\/wp-json\/wp\/v2\/product_brand?post=31479"},{"taxonomy":"product_cat","embeddable":true,"href":"https:\/\/nordicmart.andreevmaster.com\/fi\/wp-json\/wp\/v2\/product_cat?post=31479"},{"taxonomy":"product_tag","embeddable":true,"href":"https:\/\/nordicmart.andreevmaster.com\/fi\/wp-json\/wp\/v2\/product_tag?post=31479"}],"curies":[{"name":"wp","href":"https:\/\/api.w.org\/{rel}","templated":true}]}}