{"id":31476,"date":"2026-02-27T00:13:41","date_gmt":"2026-02-27T00:13:41","guid":{"rendered":"https:\/\/nordicmart.andreevmaster.com\/product\/songmics-raskaiden-vaatteiden-vaateripustin-teollinen-tyyli\/"},"modified":"2026-02-27T09:36:21","modified_gmt":"2026-02-27T09:36:21","slug":"songmics-raskaiden-vaatteiden-vaateripustin-teollinen-tyyli","status":"publish","type":"product","link":"https:\/\/nordicmart.andreevmaster.com\/fi\/tuote\/songmics-raskaiden-vaatteiden-vaateripustin-teollinen-tyyli\/","title":{"rendered":"SONGMICS raskaiden vaatteiden vaateripustin teollinen tyyli"},"content":{"rendered":"<p>Vesiputken ulkon\u00e4k\u00f6 Vaatetangon molemmissa p\u00e4iss\u00e4 on muotoilu, joka est\u00e4\u00e4 vaatteiden putoamisen ja antaa vaatetelineelle samalla erityisen ilmeen.Vakaa ja kest\u00e4v\u00e4 hylly Alareunan hylly koostuu 4 metallitangosta ja kest\u00e4\u00e4 jopa 15 kg:n painon, joten siihen voi sijoittaa kenki\u00e4, laukkuja, s\u00e4ilytyslaatikoita jne.Lukittavat py\u00f6r\u00e4tNelj\u00e4n py\u00f6r\u00e4n ansiosta vaatetelineen voi helposti siirt\u00e4\u00e4 huoneesta toiseen; kaksi py\u00f6rist\u00e4 on lukittavissa, joten teline pysyy aina paikallaan eik\u00e4 rullaa tahattomasti pois.Tuotetiedot: V\u00e4ri: musta Materiaali: jauhemaalatut rautaputket Mitat: 100 x 163 x 49 cm (L x K x S) Paino: 5,6 kg Maks. kantavuus: 90 kg Toimitus sis\u00e4lt\u00e4\u00e4: 1 x vaateteline 1 x ohjeet (DE, EN, FR, ES, IT) SONGMICS-ohjeet:Kun tuote on t\u00e4ynn\u00e4, siirr\u00e4 sit\u00e4 hitaasti ja muiden henkil\u00f6iden avustuksella, jotta se kest\u00e4\u00e4 pidemp\u00e4\u00e4n.<\/p>\n","protected":false},"excerpt":{"rendered":"<p>SONGMICS raskaiden tavaroiden metallinen vaateteline py\u00f6rill\u00e4, kantavuus 90 kg, teollinen muotoilu, vaateteline 1 vaatetangolla ja hyllyll\u00e4, makuuhuoneeseen, pesutilaan, musta HSR61BK<\/p>\n","protected":false},"featured_media":40618,"comment_status":"open","ping_status":"closed","template":"","meta":[],"product_brand":[],"product_cat":[32],"product_tag":[],"class_list":{"0":"post-31476","1":"product","2":"type-product","3":"status-publish","4":"has-post-thumbnail","6":"product_cat-uncategorized-fi","8":"first","9":"instock","10":"shipping-taxable","11":"purchasable","12":"product-type-simple"},"_links":{"self":[{"href":"https:\/\/nordicmart.andreevmaster.com\/fi\/wp-json\/wp\/v2\/product\/31476","targetHints":{"allow":["GET"]}}],"collection":[{"href":"https:\/\/nordicmart.andreevmaster.com\/fi\/wp-json\/wp\/v2\/product"}],"about":[{"href":"https:\/\/nordicmart.andreevmaster.com\/fi\/wp-json\/wp\/v2\/types\/product"}],"replies":[{"embeddable":true,"href":"https:\/\/nordicmart.andreevmaster.com\/fi\/wp-json\/wp\/v2\/comments?post=31476"}],"wp:featuredmedia":[{"embeddable":true,"href":"https:\/\/nordicmart.andreevmaster.com\/fi\/wp-json\/wp\/v2\/media\/40618"}],"wp:attachment":[{"href":"https:\/\/nordicmart.andreevmaster.com\/fi\/wp-json\/wp\/v2\/media?parent=31476"}],"wp:term":[{"taxonomy":"product_brand","embeddable":true,"href":"https:\/\/nordicmart.andreevmaster.com\/fi\/wp-json\/wp\/v2\/product_brand?post=31476"},{"taxonomy":"product_cat","embeddable":true,"href":"https:\/\/nordicmart.andreevmaster.com\/fi\/wp-json\/wp\/v2\/product_cat?post=31476"},{"taxonomy":"product_tag","embeddable":true,"href":"https:\/\/nordicmart.andreevmaster.com\/fi\/wp-json\/wp\/v2\/product_tag?post=31476"}],"curies":[{"name":"wp","href":"https:\/\/api.w.org\/{rel}","templated":true}]}}