{"id":31475,"date":"2026-02-27T00:13:41","date_gmt":"2026-02-27T00:13:41","guid":{"rendered":"https:\/\/nordicmart.andreevmaster.com\/product\/songmics-kaksoisvaatetanko-vesiputkisuunnittelu\/"},"modified":"2026-02-27T09:36:21","modified_gmt":"2026-02-27T09:36:21","slug":"songmics-kaksoisvaatetanko-vesiputkisuunnittelu","status":"publish","type":"product","link":"https:\/\/nordicmart.andreevmaster.com\/fi\/tuote\/songmics-kaksoisvaatetanko-vesiputkisuunnittelu\/","title":{"rendered":"SONGMICS kaksoisvaatetanko vesiputkisuunnittelu"},"content":{"rendered":"<p>Esittele tuotteet tyylikk\u00e4\u00e4sti Rustikaalisen ja teollisen muotoilun tyylien yhdistelm\u00e4 tekee SONGMICS-vaatetelineest\u00e4 koristeen vaatekaupoille, putiikeille jne. Kahdella vaatetangolla voit esitt\u00e4\u00e4 tyylikk\u00e4\u00e4sti sek\u00e4 vintage-vaatteita ett\u00e4 uusia vaatteita. Py\u00f6r\u00e4t tekev\u00e4t vaatetelineest\u00e4 erityisen k\u00e4yt\u00e4nn\u00f6llisen, joten voit kuljettaa vaatteitasi helposti kaupassa tai studiossa. Monipuolinen K\u00e4yt\u00e4nn\u00f6llinen ratkaisu vaatteiden s\u00e4ilytt\u00e4miseen ilman, ett\u00e4 ne viev\u00e4t paljon tilaa. T\u00e4m\u00e4 vaateteline sopii t\u00e4ydellisesti my\u00f6s yksi\u00f6ihin, joissa ei ole vaatekaappia. Voit k\u00e4ytt\u00e4\u00e4 sit\u00e4 ullakolla sesongin ulkopuolella olevien vaatteiden s\u00e4ilytt\u00e4miseen tai pesutuvassa m\u00e4rkien vaatteiden ripustamiseen. Vankka rakenne Erinomainen laatu, korkea kantavuus ja k\u00e4yt\u00e4nn\u00f6llinen liikkuvuus \u2013 et tarvitse en\u00e4\u00e4 etsi\u00e4, SONGMICS-vaateteline on oikea tuote sinulle. Tuotetiedot: &#8211; V\u00e4ri: musta &#8211; Materiaali: jauhemaalatut rautaputket &#8211; Mitat: 100 x 146\/162 x 59 cm (L x K x S) &#8211; Paino: 9 kg &#8211; Maks. kantavuus: 110 kg Toimitus sis\u00e4lt\u00e4\u00e4: &#8211; 1 x vaateteline &#8211; 1 x ohjeet (DE, EN, FR, ES, IT) SONGMICS Huomautukset: &#8211; Kun tuote on t\u00e4ynn\u00e4, siirr\u00e4 sit\u00e4 hitaasti ja muiden henkil\u00f6iden avulla, jotta se kest\u00e4\u00e4 pidemp\u00e4\u00e4n.<\/p>\n","protected":false},"excerpt":{"rendered":"<p>SONGMICS raskaiden tavaroiden metallinen vaateteline py\u00f6rill\u00e4, kantavuus 110 kg, teollinen muotoilu, siirrett\u00e4v\u00e4 vaateteline 2 vaatetangolla, tavaroiden esillepanoon, musta HSR60B<\/p>\n","protected":false},"featured_media":40617,"comment_status":"open","ping_status":"closed","template":"","meta":[],"product_brand":[],"product_cat":[32],"product_tag":[],"class_list":{"0":"post-31475","1":"product","2":"type-product","3":"status-publish","4":"has-post-thumbnail","6":"product_cat-uncategorized-fi","8":"first","9":"instock","10":"shipping-taxable","11":"purchasable","12":"product-type-simple"},"_links":{"self":[{"href":"https:\/\/nordicmart.andreevmaster.com\/fi\/wp-json\/wp\/v2\/product\/31475","targetHints":{"allow":["GET"]}}],"collection":[{"href":"https:\/\/nordicmart.andreevmaster.com\/fi\/wp-json\/wp\/v2\/product"}],"about":[{"href":"https:\/\/nordicmart.andreevmaster.com\/fi\/wp-json\/wp\/v2\/types\/product"}],"replies":[{"embeddable":true,"href":"https:\/\/nordicmart.andreevmaster.com\/fi\/wp-json\/wp\/v2\/comments?post=31475"}],"wp:featuredmedia":[{"embeddable":true,"href":"https:\/\/nordicmart.andreevmaster.com\/fi\/wp-json\/wp\/v2\/media\/40617"}],"wp:attachment":[{"href":"https:\/\/nordicmart.andreevmaster.com\/fi\/wp-json\/wp\/v2\/media?parent=31475"}],"wp:term":[{"taxonomy":"product_brand","embeddable":true,"href":"https:\/\/nordicmart.andreevmaster.com\/fi\/wp-json\/wp\/v2\/product_brand?post=31475"},{"taxonomy":"product_cat","embeddable":true,"href":"https:\/\/nordicmart.andreevmaster.com\/fi\/wp-json\/wp\/v2\/product_cat?post=31475"},{"taxonomy":"product_tag","embeddable":true,"href":"https:\/\/nordicmart.andreevmaster.com\/fi\/wp-json\/wp\/v2\/product_tag?post=31475"}],"curies":[{"name":"wp","href":"https:\/\/api.w.org\/{rel}","templated":true}]}}