{"id":31474,"date":"2026-02-27T00:13:41","date_gmt":"2026-02-27T00:13:41","guid":{"rendered":"https:\/\/nordicmart.andreevmaster.com\/product\/vasagle-vaatekaappi-vesiputkidesign\/"},"modified":"2026-02-27T09:36:21","modified_gmt":"2026-02-27T09:36:21","slug":"vasagle-vaatekaappi-vesiputkidesign","status":"publish","type":"product","link":"https:\/\/nordicmart.andreevmaster.com\/fi\/tuote\/vasagle-vaatekaappi-vesiputkidesign\/","title":{"rendered":"VASAGLE vaatekaappi Vesiputkidesign"},"content":{"rendered":"<p>VASAGLE:n suunnittelijat kehitt\u00e4v\u00e4t s\u00e4\u00e4nn\u00f6llisesti uusia ideoita k\u00e4yt\u00e4nn\u00f6llisille huonekaluille, joiden avulla voit tehd\u00e4 el\u00e4m\u00e4st\u00e4si hieman mukavampaa tyylikk\u00e4\u00e4ll\u00e4 ja edullisella tavalla. N\u00e4in he antavat sinulle mahdollisuuden tehd\u00e4 kodistasi jotain aivan poikkeuksellista. Rustikaalinen vaatekaappi teollisessa designissa He suunnittelivat esimerkiksi yll\u00e4 olevan vaatekaapin, jossa on istuin, joka tarjoaa sek\u00e4 mukavan istumapaikan ett\u00e4 2 hylly\u00e4 kenkien s\u00e4ilytt\u00e4miseen sek\u00e4 vaatetangon ja 9 koukkua avainten, laukkujen tai vaatteiden s\u00e4ilytt\u00e4miseen.  Trendikk\u00e4\u00e4ss\u00e4 teollisessa designissa, vesiputkielementeill\u00e4 ja rustiikkisilla puuelementeill\u00e4 varustettu vaatekaappi sopii erityisesti suuriin tai avoimiin tiloihin, jotka eiv\u00e4t ole viel\u00e4 liian t\u00e4ynn\u00e4 muita huonekaluja. Sijoita vaatekaappi esimerkiksi eteiseen, jotta voit ripustaa takit ja p\u00e4\u00e4llystakit sek\u00e4 pukea keng\u00e4t mukavasti. T\u00e4m\u00e4 vaatekaappi ei kuitenkaan saisi olla ainoa teollisen muotoilun esine asunnossasi. Tutustu my\u00f6s muihin VASAGLE-tuotteisiin. Tuotetiedot: &#8211; V\u00e4ri: vintage-ruskea-musta &#8211; Materiaali: lastulevy, ter\u00e4s &#8211; Koko: 100 x 41,5 x 182 cm (P x L x K) &#8211; Paino: 16,5 kg &#8211; Penkkiin maks. kuormitus: 100 kg &#8211; Maks. kuormitus per ritil\u00e4hylly: 20 kg &#8211; Maks. kuormituskyky koukkua kohti: 3 kg Toimitus sis\u00e4lt\u00e4\u00e4: &#8211; 1 x vaatekaappi &#8211; 1 x lis\u00e4varustepussi &#8211; 1 x kaatumissuoja &#8211; 1 x ohjeet (DE, EN, FR, ES, IT) VASAGLE Huomautukset: &#8211; K\u00e4yt\u00e4 kaatumissuojaa ja kiinnit\u00e4 tuote sein\u00e4\u00e4n vaatekaapin turvallisuuden varmistamiseksi. &#8211; \u00c4l\u00e4 ripusta liian painavia esineit\u00e4 yl\u00e4osan puulevyyn tai koukkuihin.<\/p>\n","protected":false},"excerpt":{"rendered":"<p>VASAGLE vaatekaappi, iso vaateteline vesiputkielementeill\u00e4, penkki, 9 koukkua ja kenk\u00e4hylly, monik\u00e4ytt\u00f6inen eteisen vaatekaappi, tukeva metallirunko, teollinen muotoilu, vintage-ruskea-musta HSR47BX<\/p>\n","protected":false},"featured_media":40616,"comment_status":"open","ping_status":"closed","template":"","meta":[],"product_brand":[],"product_cat":[32],"product_tag":[],"class_list":{"0":"post-31474","1":"product","2":"type-product","3":"status-publish","4":"has-post-thumbnail","6":"product_cat-uncategorized-fi","8":"first","9":"instock","10":"shipping-taxable","11":"purchasable","12":"product-type-simple"},"_links":{"self":[{"href":"https:\/\/nordicmart.andreevmaster.com\/fi\/wp-json\/wp\/v2\/product\/31474","targetHints":{"allow":["GET"]}}],"collection":[{"href":"https:\/\/nordicmart.andreevmaster.com\/fi\/wp-json\/wp\/v2\/product"}],"about":[{"href":"https:\/\/nordicmart.andreevmaster.com\/fi\/wp-json\/wp\/v2\/types\/product"}],"replies":[{"embeddable":true,"href":"https:\/\/nordicmart.andreevmaster.com\/fi\/wp-json\/wp\/v2\/comments?post=31474"}],"wp:featuredmedia":[{"embeddable":true,"href":"https:\/\/nordicmart.andreevmaster.com\/fi\/wp-json\/wp\/v2\/media\/40616"}],"wp:attachment":[{"href":"https:\/\/nordicmart.andreevmaster.com\/fi\/wp-json\/wp\/v2\/media?parent=31474"}],"wp:term":[{"taxonomy":"product_brand","embeddable":true,"href":"https:\/\/nordicmart.andreevmaster.com\/fi\/wp-json\/wp\/v2\/product_brand?post=31474"},{"taxonomy":"product_cat","embeddable":true,"href":"https:\/\/nordicmart.andreevmaster.com\/fi\/wp-json\/wp\/v2\/product_cat?post=31474"},{"taxonomy":"product_tag","embeddable":true,"href":"https:\/\/nordicmart.andreevmaster.com\/fi\/wp-json\/wp\/v2\/product_tag?post=31474"}],"curies":[{"name":"wp","href":"https:\/\/api.w.org\/{rel}","templated":true}]}}