{"id":31473,"date":"2026-02-27T00:13:40","date_gmt":"2026-02-27T00:13:40","guid":{"rendered":"https:\/\/nordicmart.andreevmaster.com\/product\/vasagle-industrial-look-vaatekaappi-ja-kenkateline\/"},"modified":"2026-02-27T09:36:21","modified_gmt":"2026-02-27T09:36:21","slug":"vasagle-industrial-look-vaatekaappi-ja-kenkateline","status":"publish","type":"product","link":"https:\/\/nordicmart.andreevmaster.com\/fi\/tuote\/vasagle-industrial-look-vaatekaappi-ja-kenkateline\/","title":{"rendered":"VASAGLE Industrial Look -vaatekaappi ja kenk\u00e4teline"},"content":{"rendered":"<p>VASAGLE:n suunnittelijat kehitt\u00e4v\u00e4t s\u00e4\u00e4nn\u00f6llisesti uusia ideoita k\u00e4yt\u00e4nn\u00f6llisille huonekaluille, joiden avulla voit tehd\u00e4 el\u00e4m\u00e4st\u00e4si tyylikk\u00e4\u00e4sti ja edullisesti hieman mukavampaa. N\u00e4in he antavat sinulle mahdollisuuden tehd\u00e4 kodistasi jotain aivan poikkeuksellista. Rustikaalinen vaatekaappi teollisessa designissa He suunnittelivat esimerkiksi yll\u00e4 olevan vaatekaapin, jossa on istuin, 2 hylly\u00e4 kenkien s\u00e4ilytt\u00e4mist\u00e4 varten ja 9 koukkua avainten, laukkujen tai vaatteiden s\u00e4ilytt\u00e4mist\u00e4 varten. Keskell\u00e4 oleva metalliritil\u00e4 voidaan k\u00e4ytt\u00e4\u00e4 my\u00f6s valokuvasein\u00e4n\u00e4, muistitauluna, postikorttien tai korvakorujen j\u00e4rjestelij\u00e4n\u00e4. Trendikk\u00e4\u00e4ll\u00e4 teollisella muotoilulla ja rustiikkisilla puuelementeill\u00e4 varustettu vaatekaappi sopii erityisesti suuriin tai avoimiin tiloihin, jotka eiv\u00e4t ole viel\u00e4 liian t\u00e4ynn\u00e4 muita huonekaluja. Sijoita vaatekaappi esimerkiksi eteiseen, jotta voit ripustaa siihen takit ja p\u00e4\u00e4llystakit sek\u00e4 pukea keng\u00e4t mukavasti. T\u00e4m\u00e4 vaatekaappi ei kuitenkaan saisi olla ainoa teollisen muotoilun esine asunnossasi. Tutustu my\u00f6s muihin VASAGLE-tuotteisiin. Tuotetiedot: &#8211; V\u00e4ri: vintage-ruskea-musta &#8211; Materiaali: lastulevy, rautakehys &#8211; Koko: 92 x 41,5 x 187 cm (P x L x K) &#8211; Paino: 15,9 kg &#8211; Penkkiin maksimaalinen staattinen kuormitus: 100 kg &#8211; Maksimaalinen staattinen kuormitus per hylly: 20 kg &#8211; Maksimaalinen staattinen kuormitus per koukku: 3 kg Toimitus sis\u00e4lt\u00e4\u00e4: &#8211; 1 x vaatekaappi &#8211; 1 x lis\u00e4varustepussi &#8211; 1 x kaatumissuoja &#8211; 1 x ohjeet (DE, EN, FR, ES, IT) VASAGLE Huomautukset: &#8211; K\u00e4yt\u00e4 kaatumissuojaa ja kiinnit\u00e4 tuote sein\u00e4\u00e4n vaatekaapin turvallisuuden varmistamiseksi. &#8211; \u00c4l\u00e4 ripusta liian painavia esineit\u00e4 yl\u00e4osan puulevyyn tai koukkuihin.<\/p>\n","protected":false},"excerpt":{"rendered":"<p>VASAGLE vaatekaappi penkill\u00e4, vaatekaappi 9 vaatekoukulla ja kenk\u00e4hyllyll\u00e4, metalliverkkosta valmistetulla muistitaululla, eteinen, makuuhuone, teollinen muotoilu, vintage-ruskea-musta HSR46BX<\/p>\n","protected":false},"featured_media":40615,"comment_status":"open","ping_status":"closed","template":"","meta":[],"product_brand":[],"product_cat":[32],"product_tag":[],"class_list":{"0":"post-31473","1":"product","2":"type-product","3":"status-publish","4":"has-post-thumbnail","6":"product_cat-uncategorized-fi","8":"first","9":"instock","10":"shipping-taxable","11":"purchasable","12":"product-type-simple"},"_links":{"self":[{"href":"https:\/\/nordicmart.andreevmaster.com\/fi\/wp-json\/wp\/v2\/product\/31473","targetHints":{"allow":["GET"]}}],"collection":[{"href":"https:\/\/nordicmart.andreevmaster.com\/fi\/wp-json\/wp\/v2\/product"}],"about":[{"href":"https:\/\/nordicmart.andreevmaster.com\/fi\/wp-json\/wp\/v2\/types\/product"}],"replies":[{"embeddable":true,"href":"https:\/\/nordicmart.andreevmaster.com\/fi\/wp-json\/wp\/v2\/comments?post=31473"}],"wp:featuredmedia":[{"embeddable":true,"href":"https:\/\/nordicmart.andreevmaster.com\/fi\/wp-json\/wp\/v2\/media\/40615"}],"wp:attachment":[{"href":"https:\/\/nordicmart.andreevmaster.com\/fi\/wp-json\/wp\/v2\/media?parent=31473"}],"wp:term":[{"taxonomy":"product_brand","embeddable":true,"href":"https:\/\/nordicmart.andreevmaster.com\/fi\/wp-json\/wp\/v2\/product_brand?post=31473"},{"taxonomy":"product_cat","embeddable":true,"href":"https:\/\/nordicmart.andreevmaster.com\/fi\/wp-json\/wp\/v2\/product_cat?post=31473"},{"taxonomy":"product_tag","embeddable":true,"href":"https:\/\/nordicmart.andreevmaster.com\/fi\/wp-json\/wp\/v2\/product_tag?post=31473"}],"curies":[{"name":"wp","href":"https:\/\/api.w.org\/{rel}","templated":true}]}}