{"id":31471,"date":"2026-02-27T00:13:40","date_gmt":"2026-02-27T00:13:40","guid":{"rendered":"https:\/\/nordicmart.andreevmaster.com\/product\/vasagle-vaateteline-kenkahyllylla-maalaistyyliin-pilvinen-valkoinen\/"},"modified":"2026-02-27T09:36:21","modified_gmt":"2026-02-27T09:36:21","slug":"vasagle-vaateteline-kenkahyllylla-maalaistyyliin-pilvinen-valkoinen","status":"publish","type":"product","link":"https:\/\/nordicmart.andreevmaster.com\/fi\/tuote\/vasagle-vaateteline-kenkahyllylla-maalaistyyliin-pilvinen-valkoinen\/","title":{"rendered":"VASAGLE vaateteline kenk\u00e4hyllyll\u00e4 maalaistyyliin pilvinen valkoinen"},"content":{"rendered":"<p>VASAGLE vaateteline, naulakko, eteiskaluste kenk\u00e4hyllyll\u00e4, s\u00e4\u00e4dett\u00e4v\u00e4t hyllyt, 20 avointa lokeroa, 6 kolminkertaista koukkua, maalaistyyli, vapaasti seisova, eteiseen, k\u00e4yt\u00e4v\u00e4\u00e4n, pilvinen valkoinen HSR440W03<br \/>\nV\u00e4ri: pilvinen valkoinen<br \/>\nMateriaali: lastulevy, ter\u00e4s<br \/>\nKoko: 40 x 130 x 200 cm (S x L x K)<br \/>\nPaino: 56,5 kg<br \/>\nHyllyn yl\u00e4osan maks. staattinen kantavuus: 20 kg<br \/>\nKolminkertaisen koukun maks. staattinen kantavuus: 5 kg<br \/>\nIstuimen maks. staattinen kantavuus: 136 kg<\/p>\n","protected":false},"excerpt":{"rendered":"<p>VASAGLE vaateteline, naulakko, eteiskaluste kenk\u00e4hyllyll\u00e4, s\u00e4\u00e4dett\u00e4v\u00e4t hyllyt, 20 avointa lokeroa, 6 kolminkertaista koukkua, maalaistyyli, vapaasti seisova, eteiseen, k\u00e4yt\u00e4v\u00e4\u00e4n, pilvinen valkoinen HSR440W03<\/p>\n","protected":false},"featured_media":40613,"comment_status":"open","ping_status":"closed","template":"","meta":[],"product_brand":[],"product_cat":[32],"product_tag":[],"class_list":{"0":"post-31471","1":"product","2":"type-product","3":"status-publish","4":"has-post-thumbnail","6":"product_cat-uncategorized-fi","8":"first","9":"instock","10":"shipping-taxable","11":"purchasable","12":"product-type-simple"},"_links":{"self":[{"href":"https:\/\/nordicmart.andreevmaster.com\/fi\/wp-json\/wp\/v2\/product\/31471","targetHints":{"allow":["GET"]}}],"collection":[{"href":"https:\/\/nordicmart.andreevmaster.com\/fi\/wp-json\/wp\/v2\/product"}],"about":[{"href":"https:\/\/nordicmart.andreevmaster.com\/fi\/wp-json\/wp\/v2\/types\/product"}],"replies":[{"embeddable":true,"href":"https:\/\/nordicmart.andreevmaster.com\/fi\/wp-json\/wp\/v2\/comments?post=31471"}],"wp:featuredmedia":[{"embeddable":true,"href":"https:\/\/nordicmart.andreevmaster.com\/fi\/wp-json\/wp\/v2\/media\/40613"}],"wp:attachment":[{"href":"https:\/\/nordicmart.andreevmaster.com\/fi\/wp-json\/wp\/v2\/media?parent=31471"}],"wp:term":[{"taxonomy":"product_brand","embeddable":true,"href":"https:\/\/nordicmart.andreevmaster.com\/fi\/wp-json\/wp\/v2\/product_brand?post=31471"},{"taxonomy":"product_cat","embeddable":true,"href":"https:\/\/nordicmart.andreevmaster.com\/fi\/wp-json\/wp\/v2\/product_cat?post=31471"},{"taxonomy":"product_tag","embeddable":true,"href":"https:\/\/nordicmart.andreevmaster.com\/fi\/wp-json\/wp\/v2\/product_tag?post=31471"}],"curies":[{"name":"wp","href":"https:\/\/api.w.org\/{rel}","templated":true}]}}