{"id":31470,"date":"2026-02-27T00:13:40","date_gmt":"2026-02-27T00:13:40","guid":{"rendered":"https:\/\/nordicmart.andreevmaster.com\/product\/vasagle-vaatekaappi-kenkahyllylla-vintage-ruskea-mustanmusta\/"},"modified":"2026-02-27T09:36:20","modified_gmt":"2026-02-27T09:36:20","slug":"vasagle-vaatekaappi-kenkahyllylla-vintage-ruskea-mustanmusta","status":"publish","type":"product","link":"https:\/\/nordicmart.andreevmaster.com\/fi\/tuote\/vasagle-vaatekaappi-kenkahyllylla-vintage-ruskea-mustanmusta\/","title":{"rendered":"VASAGLE vaatekaappi kenk\u00e4hyllyll\u00e4, vintage-ruskea-mustanmusta"},"content":{"rendered":"<p>VASAGLE vaateripustin, vaatekaappi, eteiskaluste kenk\u00e4hyllyll\u00e4, avoimet lokerot, vaatekoukut, s\u00e4\u00e4dett\u00e4v\u00e4t hyllyt, teollinen tyyli, eteiseen, sis\u00e4\u00e4nk\u00e4yntialueelle, vintage-ruskea-mustanmusta HSR432K01<br \/>\nV\u00e4ri: vintage-ruskea-mustanmusta<br \/>\nMateriaali: lastulevy, ter\u00e4s<br \/>\nKoko: 32 x 100 x 180 cm (S x L x K)<br \/>\nPaino: 27,2 kg<br \/>\nYl\u00e4hyllyn maks. staattinen kantavuus: 25 kg<br \/>\nKoukkujen maks. staattinen kantavuus: 5 kg<br \/>\nAlemman hyllyn maks. staattinen kantavuus: 5 kg<br \/>\nIstuimen maks. staattinen kantavuus: 136 kg<\/p>\n","protected":false},"excerpt":{"rendered":"<p>VASAGLE vaateripustin, vaatekaappi, eteiskaluste kenk\u00e4hyllyll\u00e4, avoimet lokerot, vaatekoukut, s\u00e4\u00e4dett\u00e4v\u00e4t hyllyt, teollinen tyyli, eteiseen, sis\u00e4\u00e4nk\u00e4yntialueelle, vintage-ruskea-mustanmusta HSR432K01<\/p>\n","protected":false},"featured_media":40612,"comment_status":"open","ping_status":"closed","template":"","meta":[],"product_brand":[],"product_cat":[32],"product_tag":[],"class_list":{"0":"post-31470","1":"product","2":"type-product","3":"status-publish","4":"has-post-thumbnail","6":"product_cat-uncategorized-fi","8":"first","9":"instock","10":"shipping-taxable","11":"purchasable","12":"product-type-simple"},"_links":{"self":[{"href":"https:\/\/nordicmart.andreevmaster.com\/fi\/wp-json\/wp\/v2\/product\/31470","targetHints":{"allow":["GET"]}}],"collection":[{"href":"https:\/\/nordicmart.andreevmaster.com\/fi\/wp-json\/wp\/v2\/product"}],"about":[{"href":"https:\/\/nordicmart.andreevmaster.com\/fi\/wp-json\/wp\/v2\/types\/product"}],"replies":[{"embeddable":true,"href":"https:\/\/nordicmart.andreevmaster.com\/fi\/wp-json\/wp\/v2\/comments?post=31470"}],"wp:featuredmedia":[{"embeddable":true,"href":"https:\/\/nordicmart.andreevmaster.com\/fi\/wp-json\/wp\/v2\/media\/40612"}],"wp:attachment":[{"href":"https:\/\/nordicmart.andreevmaster.com\/fi\/wp-json\/wp\/v2\/media?parent=31470"}],"wp:term":[{"taxonomy":"product_brand","embeddable":true,"href":"https:\/\/nordicmart.andreevmaster.com\/fi\/wp-json\/wp\/v2\/product_brand?post=31470"},{"taxonomy":"product_cat","embeddable":true,"href":"https:\/\/nordicmart.andreevmaster.com\/fi\/wp-json\/wp\/v2\/product_cat?post=31470"},{"taxonomy":"product_tag","embeddable":true,"href":"https:\/\/nordicmart.andreevmaster.com\/fi\/wp-json\/wp\/v2\/product_tag?post=31470"}],"curies":[{"name":"wp","href":"https:\/\/api.w.org\/{rel}","templated":true}]}}