{"id":31469,"date":"2026-02-27T00:13:39","date_gmt":"2026-02-27T00:13:39","guid":{"rendered":"https:\/\/nordicmart.andreevmaster.com\/product\/vasagle-vaatekaappi-kenkapenkilla-ja-10-koukulla\/"},"modified":"2026-02-27T09:36:20","modified_gmt":"2026-02-27T09:36:20","slug":"vasagle-vaatekaappi-kenkapenkilla-ja-10-koukulla","status":"publish","type":"product","link":"https:\/\/nordicmart.andreevmaster.com\/fi\/tuote\/vasagle-vaatekaappi-kenkapenkilla-ja-10-koukulla\/","title":{"rendered":"VASAGLE vaatekaappi kenk\u00e4penkill\u00e4 ja 10 koukulla"},"content":{"rendered":"<p>VASAGLE vaatekaappi kenk\u00e4penkill\u00e4, vaatekaappi, kenkien s\u00e4ilytys, 2 kangaspalaa, 10 koukkua, 6 sivukoukkua, 30 x 80,4 x 181,6 cm<br \/>\nV\u00e4ri: vintage-ruskea-mustanmusta<br \/>\nMateriaali: lastulevy, ter\u00e4s<br \/>\nKoko: 30 x 80,4 x 181,6 cm (S x L x K)<br \/>\nPaino: 17,7 kg<br \/>\nPenkkiin maksimaalinen staattinen kuormitus: 100 kg<br \/>\nKoukkujen maks. staattinen kantavuus: 5 kg<\/p>\n","protected":false},"excerpt":{"rendered":"<p>VASAGLE vaatekaappi kenk\u00e4penkill\u00e4, vaatekaappi, kenkien s\u00e4ilytys, 2 kangaspalaa, 10 koukkua, 6 sivukoukkua, 30 x 80,4 x 181,6 cm<\/p>\n","protected":false},"featured_media":40611,"comment_status":"open","ping_status":"closed","template":"","meta":[],"product_brand":[],"product_cat":[32],"product_tag":[],"class_list":{"0":"post-31469","1":"product","2":"type-product","3":"status-publish","4":"has-post-thumbnail","6":"product_cat-uncategorized-fi","8":"first","9":"instock","10":"shipping-taxable","11":"purchasable","12":"product-type-simple"},"_links":{"self":[{"href":"https:\/\/nordicmart.andreevmaster.com\/fi\/wp-json\/wp\/v2\/product\/31469","targetHints":{"allow":["GET"]}}],"collection":[{"href":"https:\/\/nordicmart.andreevmaster.com\/fi\/wp-json\/wp\/v2\/product"}],"about":[{"href":"https:\/\/nordicmart.andreevmaster.com\/fi\/wp-json\/wp\/v2\/types\/product"}],"replies":[{"embeddable":true,"href":"https:\/\/nordicmart.andreevmaster.com\/fi\/wp-json\/wp\/v2\/comments?post=31469"}],"wp:featuredmedia":[{"embeddable":true,"href":"https:\/\/nordicmart.andreevmaster.com\/fi\/wp-json\/wp\/v2\/media\/40611"}],"wp:attachment":[{"href":"https:\/\/nordicmart.andreevmaster.com\/fi\/wp-json\/wp\/v2\/media?parent=31469"}],"wp:term":[{"taxonomy":"product_brand","embeddable":true,"href":"https:\/\/nordicmart.andreevmaster.com\/fi\/wp-json\/wp\/v2\/product_brand?post=31469"},{"taxonomy":"product_cat","embeddable":true,"href":"https:\/\/nordicmart.andreevmaster.com\/fi\/wp-json\/wp\/v2\/product_cat?post=31469"},{"taxonomy":"product_tag","embeddable":true,"href":"https:\/\/nordicmart.andreevmaster.com\/fi\/wp-json\/wp\/v2\/product_tag?post=31469"}],"curies":[{"name":"wp","href":"https:\/\/api.w.org\/{rel}","templated":true}]}}