{"id":31467,"date":"2026-02-27T00:13:39","date_gmt":"2026-02-27T00:13:39","guid":{"rendered":"https:\/\/nordicmart.andreevmaster.com\/product\/hall-tree-jossa-on-penkki-ja-kenkien-sailytys-entryway-coat-rack-ja-kenkapenkki-5-sailytyshyllya-9-takkikoukkua-6-sivukoukkua-157-x-472-x-748-tuumaa-kiviharmaa-ja-muste-musta-2\/"},"modified":"2026-02-27T09:36:20","modified_gmt":"2026-02-27T09:36:20","slug":"hall-tree-jossa-on-penkki-ja-kenkien-sailytys-entryway-coat-rack-ja-kenkapenkki-5-sailytyshyllya-9-takkikoukkua-6-sivukoukkua-157-x-472-x-748-tuumaa-kiviharmaa-ja-muste-musta-2","status":"publish","type":"product","link":"https:\/\/nordicmart.andreevmaster.com\/fi\/tuote\/hall-tree-jossa-on-penkki-ja-kenkien-sailytys-entryway-coat-rack-ja-kenkapenkki-5-sailytyshyllya-9-takkikoukkua-6-sivukoukkua-157-x-472-x-748-tuumaa-kiviharmaa-ja-muste-musta-2\/","title":{"rendered":"Hall Tree, jossa on penkki ja kenkien s\u00e4ilytys, Entryway Coat Rack ja kenk\u00e4penkki, 5 s\u00e4ilytyshylly\u00e4, 9 takkikoukkua, 6 sivukoukkua, 15,7 x 47,2 x 74,8 tuumaa, kiviharmaa ja muste musta"},"content":{"rendered":"","protected":false},"excerpt":{"rendered":"","protected":false},"featured_media":0,"comment_status":"open","ping_status":"closed","template":"","meta":[],"product_brand":[],"product_cat":[32],"product_tag":[],"class_list":{"0":"post-31467","1":"product","2":"type-product","3":"status-publish","5":"product_cat-uncategorized-fi","7":"first","8":"instock","9":"shipping-taxable","10":"product-type-simple"},"_links":{"self":[{"href":"https:\/\/nordicmart.andreevmaster.com\/fi\/wp-json\/wp\/v2\/product\/31467","targetHints":{"allow":["GET"]}}],"collection":[{"href":"https:\/\/nordicmart.andreevmaster.com\/fi\/wp-json\/wp\/v2\/product"}],"about":[{"href":"https:\/\/nordicmart.andreevmaster.com\/fi\/wp-json\/wp\/v2\/types\/product"}],"replies":[{"embeddable":true,"href":"https:\/\/nordicmart.andreevmaster.com\/fi\/wp-json\/wp\/v2\/comments?post=31467"}],"wp:attachment":[{"href":"https:\/\/nordicmart.andreevmaster.com\/fi\/wp-json\/wp\/v2\/media?parent=31467"}],"wp:term":[{"taxonomy":"product_brand","embeddable":true,"href":"https:\/\/nordicmart.andreevmaster.com\/fi\/wp-json\/wp\/v2\/product_brand?post=31467"},{"taxonomy":"product_cat","embeddable":true,"href":"https:\/\/nordicmart.andreevmaster.com\/fi\/wp-json\/wp\/v2\/product_cat?post=31467"},{"taxonomy":"product_tag","embeddable":true,"href":"https:\/\/nordicmart.andreevmaster.com\/fi\/wp-json\/wp\/v2\/product_tag?post=31467"}],"curies":[{"name":"wp","href":"https:\/\/api.w.org\/{rel}","templated":true}]}}