{"id":31466,"date":"2026-02-27T00:13:39","date_gmt":"2026-02-27T00:13:39","guid":{"rendered":"https:\/\/nordicmart.andreevmaster.com\/product\/vasagle-vaatekaappi-kenkapenkilla-lastulevya-vintage-ruskea-mustanmusta\/"},"modified":"2026-02-27T09:36:20","modified_gmt":"2026-02-27T09:36:20","slug":"vasagle-vaatekaappi-kenkapenkilla-lastulevya-vintage-ruskea-mustanmusta","status":"publish","type":"product","link":"https:\/\/nordicmart.andreevmaster.com\/fi\/tuote\/vasagle-vaatekaappi-kenkapenkilla-lastulevya-vintage-ruskea-mustanmusta\/","title":{"rendered":"VASAGLE vaatekaappi kenk\u00e4penkill\u00e4, lastulevy\u00e4, vintage-ruskea-mustanmusta"},"content":{"rendered":"<p>VASAGLE vaatekaappi kenk\u00e4penkill\u00e4, vaatekaappi, 5 hyllytasoa lastulevyst\u00e4, 9 kolminkertaista koukkua, 6 sivukoukkua<br \/>\nV\u00e4ri: vintage-ruskea-mustanmusta<br \/>\nMateriaali: lastulevy, ter\u00e4s<br \/>\nKoko: 40 x 120 x 190 cm (S x L x K)<br \/>\nPaino: 24,4 kg<br \/>\nOikeanpuoleisen penkin maks. staattinen kantavuus: 100 kg<br \/>\nKolminkertaisen koukun maks. staattinen kantavuus: 5 kg<\/p>\n","protected":false},"excerpt":{"rendered":"<p>VASAGLE vaatekaappi kenk\u00e4penkill\u00e4, vaatekaappi, 5 hyllytasoa lastulevyst\u00e4, 9 kolminkertaista koukkua, 6 sivukoukkua<\/p>\n","protected":false},"featured_media":40609,"comment_status":"open","ping_status":"closed","template":"","meta":[],"product_brand":[],"product_cat":[32],"product_tag":[],"class_list":{"0":"post-31466","1":"product","2":"type-product","3":"status-publish","4":"has-post-thumbnail","6":"product_cat-uncategorized-fi","8":"first","9":"instock","10":"shipping-taxable","11":"purchasable","12":"product-type-simple"},"_links":{"self":[{"href":"https:\/\/nordicmart.andreevmaster.com\/fi\/wp-json\/wp\/v2\/product\/31466","targetHints":{"allow":["GET"]}}],"collection":[{"href":"https:\/\/nordicmart.andreevmaster.com\/fi\/wp-json\/wp\/v2\/product"}],"about":[{"href":"https:\/\/nordicmart.andreevmaster.com\/fi\/wp-json\/wp\/v2\/types\/product"}],"replies":[{"embeddable":true,"href":"https:\/\/nordicmart.andreevmaster.com\/fi\/wp-json\/wp\/v2\/comments?post=31466"}],"wp:featuredmedia":[{"embeddable":true,"href":"https:\/\/nordicmart.andreevmaster.com\/fi\/wp-json\/wp\/v2\/media\/40609"}],"wp:attachment":[{"href":"https:\/\/nordicmart.andreevmaster.com\/fi\/wp-json\/wp\/v2\/media?parent=31466"}],"wp:term":[{"taxonomy":"product_brand","embeddable":true,"href":"https:\/\/nordicmart.andreevmaster.com\/fi\/wp-json\/wp\/v2\/product_brand?post=31466"},{"taxonomy":"product_cat","embeddable":true,"href":"https:\/\/nordicmart.andreevmaster.com\/fi\/wp-json\/wp\/v2\/product_cat?post=31466"},{"taxonomy":"product_tag","embeddable":true,"href":"https:\/\/nordicmart.andreevmaster.com\/fi\/wp-json\/wp\/v2\/product_tag?post=31466"}],"curies":[{"name":"wp","href":"https:\/\/api.w.org\/{rel}","templated":true}]}}