{"id":31465,"date":"2026-02-27T00:13:39","date_gmt":"2026-02-27T00:13:39","guid":{"rendered":"https:\/\/nordicmart.andreevmaster.com\/product\/vasagle-vaatekaappi-kenkakaapilla-vintage-ruskea-musta\/"},"modified":"2026-02-27T09:36:20","modified_gmt":"2026-02-27T09:36:20","slug":"vasagle-vaatekaappi-kenkakaapilla-vintage-ruskea-musta","status":"publish","type":"product","link":"https:\/\/nordicmart.andreevmaster.com\/fi\/tuote\/vasagle-vaatekaappi-kenkakaapilla-vintage-ruskea-musta\/","title":{"rendered":"VASAGLE vaatekaappi kenk\u00e4kaapilla, vintage-ruskea-musta"},"content":{"rendered":"<p>VASAGLE vaatekaappi kenk\u00e4kaapilla, vaatekaappi penkill\u00e4, vaateripustin, kenk\u00e4teline, 7 koukkua, yl\u00e4hylly, eteiseen, makuuhuoneeseen, teollinen muotoilu<br \/>\nV\u00e4ri: vintage-ruskea-musta<br \/>\nMateriaali: lastulevy, ter\u00e4s<br \/>\nKoko: 40 x 65 x 170 cm (S x L x K)<br \/>\nPaino: 19,1 kg<br \/>\nKoukkujen maks. staattinen kantavuus: 5 kg<br \/>\nPenkkiin kohdistuva maksimaalinen staattinen kuormitus: 100 kg<br \/>\nYlimm\u00e4n levyn maks. staattinen kantavuus: 10 kg<\/p>\n","protected":false},"excerpt":{"rendered":"<p>VASAGLE vaatekaappi kenk\u00e4kaapilla, vaatekaappi penkill\u00e4, vaateripustin, kenk\u00e4teline, 7 koukkua, yl\u00e4hylly, eteiseen, makuuhuoneeseen, teollinen muotoilu<\/p>\n","protected":false},"featured_media":40608,"comment_status":"open","ping_status":"closed","template":"","meta":[],"product_brand":[],"product_cat":[32],"product_tag":[],"class_list":{"0":"post-31465","1":"product","2":"type-product","3":"status-publish","4":"has-post-thumbnail","6":"product_cat-uncategorized-fi","8":"first","9":"instock","10":"shipping-taxable","11":"purchasable","12":"product-type-simple"},"_links":{"self":[{"href":"https:\/\/nordicmart.andreevmaster.com\/fi\/wp-json\/wp\/v2\/product\/31465","targetHints":{"allow":["GET"]}}],"collection":[{"href":"https:\/\/nordicmart.andreevmaster.com\/fi\/wp-json\/wp\/v2\/product"}],"about":[{"href":"https:\/\/nordicmart.andreevmaster.com\/fi\/wp-json\/wp\/v2\/types\/product"}],"replies":[{"embeddable":true,"href":"https:\/\/nordicmart.andreevmaster.com\/fi\/wp-json\/wp\/v2\/comments?post=31465"}],"wp:featuredmedia":[{"embeddable":true,"href":"https:\/\/nordicmart.andreevmaster.com\/fi\/wp-json\/wp\/v2\/media\/40608"}],"wp:attachment":[{"href":"https:\/\/nordicmart.andreevmaster.com\/fi\/wp-json\/wp\/v2\/media?parent=31465"}],"wp:term":[{"taxonomy":"product_brand","embeddable":true,"href":"https:\/\/nordicmart.andreevmaster.com\/fi\/wp-json\/wp\/v2\/product_brand?post=31465"},{"taxonomy":"product_cat","embeddable":true,"href":"https:\/\/nordicmart.andreevmaster.com\/fi\/wp-json\/wp\/v2\/product_cat?post=31465"},{"taxonomy":"product_tag","embeddable":true,"href":"https:\/\/nordicmart.andreevmaster.com\/fi\/wp-json\/wp\/v2\/product_tag?post=31465"}],"curies":[{"name":"wp","href":"https:\/\/api.w.org\/{rel}","templated":true}]}}