{"id":31464,"date":"2026-02-27T00:13:38","date_gmt":"2026-02-27T00:13:38","guid":{"rendered":"https:\/\/nordicmart.andreevmaster.com\/product\/vasagle-vaatekaappi-kenkapenkilla-teollinen-tyyli-vintage-ruskea-musta\/"},"modified":"2026-02-27T09:36:20","modified_gmt":"2026-02-27T09:36:20","slug":"vasagle-vaatekaappi-kenkapenkilla-teollinen-tyyli-vintage-ruskea-musta","status":"publish","type":"product","link":"https:\/\/nordicmart.andreevmaster.com\/fi\/tuote\/vasagle-vaatekaappi-kenkapenkilla-teollinen-tyyli-vintage-ruskea-musta\/","title":{"rendered":"VASAGLE vaatekaappi kenk\u00e4penkill\u00e4, teollinen tyyli, vintage-ruskea-musta"},"content":{"rendered":"<p>VASAGLE vaatekaappi, vaatekaappi kenk\u00e4penkill\u00e4, vaateteline, vaatetanko, 9 irrotettavaa koukkua<br \/>\nV\u00e4ri: vintage-ruskea-musta<br \/>\nMateriaali: lastulevy, ter\u00e4s, polyesterikangas<br \/>\nKoko: 32,2 x 84 x 180 cm (S x L x K)<br \/>\nPaino: 8,7 kg<br \/>\nVaateripustimen maks. staattinen kantavuus: 15 kg<br \/>\nHakkien maks. staattinen kantavuus: 3 kg<br \/>\nIstuimen maksimaalinen staattinen kantavuus: 90 kg<br \/>\nKenk\u00e4telineen maks. staattinen kantavuus: 10 kg<\/p>\n","protected":false},"excerpt":{"rendered":"<p>VASAGLE vaatekaappi, vaatekaappi kenk\u00e4penkill\u00e4, vaateteline, vaatetanko, 9 irrotettavaa koukkua<\/p>\n","protected":false},"featured_media":40607,"comment_status":"open","ping_status":"closed","template":"","meta":[],"product_brand":[],"product_cat":[32],"product_tag":[],"class_list":{"0":"post-31464","1":"product","2":"type-product","3":"status-publish","4":"has-post-thumbnail","6":"product_cat-uncategorized-fi","8":"first","9":"instock","10":"shipping-taxable","11":"purchasable","12":"product-type-simple"},"_links":{"self":[{"href":"https:\/\/nordicmart.andreevmaster.com\/fi\/wp-json\/wp\/v2\/product\/31464","targetHints":{"allow":["GET"]}}],"collection":[{"href":"https:\/\/nordicmart.andreevmaster.com\/fi\/wp-json\/wp\/v2\/product"}],"about":[{"href":"https:\/\/nordicmart.andreevmaster.com\/fi\/wp-json\/wp\/v2\/types\/product"}],"replies":[{"embeddable":true,"href":"https:\/\/nordicmart.andreevmaster.com\/fi\/wp-json\/wp\/v2\/comments?post=31464"}],"wp:featuredmedia":[{"embeddable":true,"href":"https:\/\/nordicmart.andreevmaster.com\/fi\/wp-json\/wp\/v2\/media\/40607"}],"wp:attachment":[{"href":"https:\/\/nordicmart.andreevmaster.com\/fi\/wp-json\/wp\/v2\/media?parent=31464"}],"wp:term":[{"taxonomy":"product_brand","embeddable":true,"href":"https:\/\/nordicmart.andreevmaster.com\/fi\/wp-json\/wp\/v2\/product_brand?post=31464"},{"taxonomy":"product_cat","embeddable":true,"href":"https:\/\/nordicmart.andreevmaster.com\/fi\/wp-json\/wp\/v2\/product_cat?post=31464"},{"taxonomy":"product_tag","embeddable":true,"href":"https:\/\/nordicmart.andreevmaster.com\/fi\/wp-json\/wp\/v2\/product_tag?post=31464"}],"curies":[{"name":"wp","href":"https:\/\/api.w.org\/{rel}","templated":true}]}}