{"id":31463,"date":"2026-02-27T00:13:38","date_gmt":"2026-02-27T00:13:38","guid":{"rendered":"https:\/\/nordicmart.andreevmaster.com\/product\/vasagle-vaateteline\/"},"modified":"2026-02-27T09:36:19","modified_gmt":"2026-02-27T09:36:19","slug":"vasagle-vaateteline","status":"publish","type":"product","link":"https:\/\/nordicmart.andreevmaster.com\/fi\/tuote\/vasagle-vaateteline\/","title":{"rendered":"VASAGLE vaateteline"},"content":{"rendered":"<p>Tuotetiedot: &#8211; V\u00e4ri: greige-musta &#8211; Materiaali: lastulevy, ter\u00e4s &#8211; Koko: 70 x 32 x 175 cm (P x L x K) &#8211; Istuimen koko: 70 x 30 cm (P x L) &#8211; Paino: 7,8 kg &#8211; Maks. staattinen kantavuus koukkua kohti: 3 kg &#8211; Maks. staattinen kantavuus istuimella: 80 kg Toimitus sis\u00e4lt\u00e4\u00e4:- 1 x vaateripustin &#8211; 1 x lis\u00e4varustepaketti &#8211; 1 x kaatumissuoja &#8211; 1 x ohjeet (DE, EN, ES, FR, IT) VASAGLE-ohjeet: &#8211; Kiinnit\u00e4 t\u00e4m\u00e4 tuote sein\u00e4\u00e4n mukana toimitetulla kaatumissuojalla turvallisen k\u00e4yt\u00f6n varmistamiseksi. &#8211; Yl\u00e4osan tankoa ei ole tarkoitettu esineiden ripustamiseen. Ripusta vaatteet tai muut tavarat koukkuihin. &#8211; Istuimen suurin staattinen kantavuus on 80 kg. \u00c4l\u00e4 ylit\u00e4 t\u00e4t\u00e4 enimm\u00e4ispainoa.<\/p>\n","protected":false},"excerpt":{"rendered":"<p>VASAGLE Ripusta takkisi, istu alas, riisu keng\u00e4t ja laita ne alahyllylle \u2013 nyt voit rentoutua.<\/p>\n","protected":false},"featured_media":0,"comment_status":"open","ping_status":"closed","template":"","meta":[],"product_brand":[],"product_cat":[32],"product_tag":[],"class_list":{"0":"post-31463","1":"product","2":"type-product","3":"status-publish","5":"product_cat-uncategorized-fi","7":"first","8":"instock","9":"shipping-taxable","10":"purchasable","11":"product-type-simple"},"_links":{"self":[{"href":"https:\/\/nordicmart.andreevmaster.com\/fi\/wp-json\/wp\/v2\/product\/31463","targetHints":{"allow":["GET"]}}],"collection":[{"href":"https:\/\/nordicmart.andreevmaster.com\/fi\/wp-json\/wp\/v2\/product"}],"about":[{"href":"https:\/\/nordicmart.andreevmaster.com\/fi\/wp-json\/wp\/v2\/types\/product"}],"replies":[{"embeddable":true,"href":"https:\/\/nordicmart.andreevmaster.com\/fi\/wp-json\/wp\/v2\/comments?post=31463"}],"wp:attachment":[{"href":"https:\/\/nordicmart.andreevmaster.com\/fi\/wp-json\/wp\/v2\/media?parent=31463"}],"wp:term":[{"taxonomy":"product_brand","embeddable":true,"href":"https:\/\/nordicmart.andreevmaster.com\/fi\/wp-json\/wp\/v2\/product_brand?post=31463"},{"taxonomy":"product_cat","embeddable":true,"href":"https:\/\/nordicmart.andreevmaster.com\/fi\/wp-json\/wp\/v2\/product_cat?post=31463"},{"taxonomy":"product_tag","embeddable":true,"href":"https:\/\/nordicmart.andreevmaster.com\/fi\/wp-json\/wp\/v2\/product_tag?post=31463"}],"curies":[{"name":"wp","href":"https:\/\/api.w.org\/{rel}","templated":true}]}}