{"id":31462,"date":"2026-02-27T00:13:38","date_gmt":"2026-02-27T00:13:38","guid":{"rendered":"https:\/\/nordicmart.andreevmaster.com\/product\/vasagle-teollisuustyylinen-vaatekaappi-ja-kenkateline\/"},"modified":"2026-02-27T09:36:19","modified_gmt":"2026-02-27T09:36:19","slug":"vasagle-teollisuustyylinen-vaatekaappi-ja-kenkateline","status":"publish","type":"product","link":"https:\/\/nordicmart.andreevmaster.com\/fi\/tuote\/vasagle-teollisuustyylinen-vaatekaappi-ja-kenkateline\/","title":{"rendered":"VASAGLE Teollisuustyylinen vaatekaappi ja kenk\u00e4teline"},"content":{"rendered":"<p>Tuotetiedot: &#8211; V\u00e4ri: vintage-ruskea-musta &#8211; Materiaali: lastulevy, ter\u00e4s &#8211; Kokonaismitat: 70 x 175 x 32 cm (L x K x S) &#8211; Hyllyn mitat: 70 x 30 cm &#8211; Paino: 9,8 kg &#8211; Kunkin koukun kantavuus: 3 kg &#8211; Penkkiin maksimaalinen staattinen kantavuus: 80 kg Toimitus sis\u00e4lt\u00e4\u00e4: &#8211; 1 x vaatekaappi &#8211; 1 x ohjeet (DE, EN, ES, FR, IT) VASAGLE Huomautukset: &#8211; K\u00e4yt\u00e4 kaatumissuojaa kiinnitt\u00e4\u00e4ksesi tuotteen sein\u00e4\u00e4n. &#8211; Yl\u00e4osan tankoa ei ole tarkoitettu esineiden ripustamiseen. Ripusta vaatteet tai muut esineet koukkuihin.<\/p>\n","protected":false},"excerpt":{"rendered":"<p>VASAGLE Ripusta takkisi, istu alas, riisu keng\u00e4t ja laita ne alahyllylle \u2013 nyt voit rentoutua.<\/p>\n","protected":false},"featured_media":0,"comment_status":"open","ping_status":"closed","template":"","meta":[],"product_brand":[],"product_cat":[32],"product_tag":[],"class_list":{"0":"post-31462","1":"product","2":"type-product","3":"status-publish","5":"product_cat-uncategorized-fi","7":"first","8":"instock","9":"shipping-taxable","10":"purchasable","11":"product-type-simple"},"_links":{"self":[{"href":"https:\/\/nordicmart.andreevmaster.com\/fi\/wp-json\/wp\/v2\/product\/31462","targetHints":{"allow":["GET"]}}],"collection":[{"href":"https:\/\/nordicmart.andreevmaster.com\/fi\/wp-json\/wp\/v2\/product"}],"about":[{"href":"https:\/\/nordicmart.andreevmaster.com\/fi\/wp-json\/wp\/v2\/types\/product"}],"replies":[{"embeddable":true,"href":"https:\/\/nordicmart.andreevmaster.com\/fi\/wp-json\/wp\/v2\/comments?post=31462"}],"wp:attachment":[{"href":"https:\/\/nordicmart.andreevmaster.com\/fi\/wp-json\/wp\/v2\/media?parent=31462"}],"wp:term":[{"taxonomy":"product_brand","embeddable":true,"href":"https:\/\/nordicmart.andreevmaster.com\/fi\/wp-json\/wp\/v2\/product_brand?post=31462"},{"taxonomy":"product_cat","embeddable":true,"href":"https:\/\/nordicmart.andreevmaster.com\/fi\/wp-json\/wp\/v2\/product_cat?post=31462"},{"taxonomy":"product_tag","embeddable":true,"href":"https:\/\/nordicmart.andreevmaster.com\/fi\/wp-json\/wp\/v2\/product_tag?post=31462"}],"curies":[{"name":"wp","href":"https:\/\/api.w.org\/{rel}","templated":true}]}}