{"id":31458,"date":"2026-02-27T00:13:37","date_gmt":"2026-02-27T00:13:37","guid":{"rendered":"https:\/\/nordicmart.andreevmaster.com\/product\/vasagle-vaateteline-hyllylla-ja-7-kaksoiskoukulla\/"},"modified":"2026-02-27T09:36:19","modified_gmt":"2026-02-27T09:36:19","slug":"vasagle-vaateteline-hyllylla-ja-7-kaksoiskoukulla","status":"publish","type":"product","link":"https:\/\/nordicmart.andreevmaster.com\/fi\/tuote\/vasagle-vaateteline-hyllylla-ja-7-kaksoiskoukulla\/","title":{"rendered":"VASAGLE vaateteline hyllyll\u00e4 ja 7 kaksoiskoukulla"},"content":{"rendered":"<p>VASAGLE vaatekaappi, vaateteline, kenk\u00e4penkki, vaatekaappi, takkiteline s\u00e4ilytystilalla, 7 kaksoiskoukkua takkeja, hattuja, eteist\u00e4, makuuhuonetta, olohuonetta varten, 35 x 81 x 180 cm, vintagevalkoinen HSR414W01<br \/>\nV\u00e4ri: vintagevalkoinen<br \/>\nMateriaali: lastulevy, ter\u00e4s<br \/>\nKoko: 35 x 81 x 180 cm (S x L x K)<br \/>\nPaino: 26,1 kg<br \/>\nPenkkiin maksimaalinen staattinen kuormitus: 136 kg<br \/>\nYlimm\u00e4n hyllypinnan maks. staattinen kantavuus: 10 kg<br \/>\nKaksoiskoukun maks. staattinen kantavuus: 3 kg<br \/>\nKenk\u00e4hyllyn jokaisen hyllyn maks. staattinen kantavuus: 5 kg<\/p>\n","protected":false},"excerpt":{"rendered":"<p>VASAGLE vaatekaappi, vaateteline, kenk\u00e4penkki, vaatekaappi, takkiteline s\u00e4ilytystilalla, 7 kaksoiskoukkua takkeja, hattuja, eteist\u00e4, makuuhuonetta, olohuonetta varten, 35 x 81 x 180 cm, vintagevalkoinen HSR414W01<\/p>\n","protected":false},"featured_media":0,"comment_status":"open","ping_status":"closed","template":"","meta":[],"product_brand":[],"product_cat":[32],"product_tag":[],"class_list":{"0":"post-31458","1":"product","2":"type-product","3":"status-publish","5":"product_cat-uncategorized-fi","7":"first","8":"instock","9":"shipping-taxable","10":"purchasable","11":"product-type-simple"},"_links":{"self":[{"href":"https:\/\/nordicmart.andreevmaster.com\/fi\/wp-json\/wp\/v2\/product\/31458","targetHints":{"allow":["GET"]}}],"collection":[{"href":"https:\/\/nordicmart.andreevmaster.com\/fi\/wp-json\/wp\/v2\/product"}],"about":[{"href":"https:\/\/nordicmart.andreevmaster.com\/fi\/wp-json\/wp\/v2\/types\/product"}],"replies":[{"embeddable":true,"href":"https:\/\/nordicmart.andreevmaster.com\/fi\/wp-json\/wp\/v2\/comments?post=31458"}],"wp:attachment":[{"href":"https:\/\/nordicmart.andreevmaster.com\/fi\/wp-json\/wp\/v2\/media?parent=31458"}],"wp:term":[{"taxonomy":"product_brand","embeddable":true,"href":"https:\/\/nordicmart.andreevmaster.com\/fi\/wp-json\/wp\/v2\/product_brand?post=31458"},{"taxonomy":"product_cat","embeddable":true,"href":"https:\/\/nordicmart.andreevmaster.com\/fi\/wp-json\/wp\/v2\/product_cat?post=31458"},{"taxonomy":"product_tag","embeddable":true,"href":"https:\/\/nordicmart.andreevmaster.com\/fi\/wp-json\/wp\/v2\/product_tag?post=31458"}],"curies":[{"name":"wp","href":"https:\/\/api.w.org\/{rel}","templated":true}]}}