{"id":31457,"date":"2026-02-27T00:13:36","date_gmt":"2026-02-27T00:13:36","guid":{"rendered":"https:\/\/nordicmart.andreevmaster.com\/product\/vasagle-vaatekaappi-5-hyllylla\/"},"modified":"2026-02-27T09:36:18","modified_gmt":"2026-02-27T09:36:18","slug":"vasagle-vaatekaappi-5-hyllylla","status":"publish","type":"product","link":"https:\/\/nordicmart.andreevmaster.com\/fi\/tuote\/vasagle-vaatekaappi-5-hyllylla\/","title":{"rendered":"VASAGLE vaatekaappi 5 hyllyll\u00e4"},"content":{"rendered":"<p>Tuotetiedot: &#8211; V\u00e4ri: vintage-ruskea-musta &#8211; Materiaali: lastulevy, ter\u00e4s &#8211; Kokonaismitat: 31,5 x 68 x 183,5 cm (S x L x K) &#8211; Ylimm\u00e4n hyllyn mitat: 68 x 15 x 1,5 cm (S x L x K) &#8211; Kenk\u00e4hyllyn pinnan koko: 68 x 30 x 1,5 cm (S x L x K) &#8211; Hyllyjen v\u00e4linen et\u00e4isyys: 17\/17\/21\/21 cm (ylh\u00e4\u00e4lt\u00e4 alas) &#8211; Paino: 9,7 kg &#8211; Ylimm\u00e4n hyllyn maks. staattinen kantavuus: 10 kg &#8211; Koukun maks. staattinen kantavuus: 3 kg &#8211; Kenk\u00e4hyllyn pinnan maks. staattinen kantavuus: 22,7 kg &#8211; Hyllyritil\u00e4n maks. staattinen kantavuus: 15 kgToimitus sis\u00e4lt\u00e4\u00e4:- 1 x vaatekaappi &#8211; 1 x lis\u00e4varustepaketti &#8211; 1 x kaatumissuoja &#8211; 1 x ohjeet VASAGLE Huomautukset: &#8211; Kiinnit\u00e4 t\u00e4m\u00e4 tuote sein\u00e4\u00e4n mukana toimitetulla kaatumissuojalla turvallisen k\u00e4yt\u00f6n varmistamiseksi.<\/p>\n","protected":false},"excerpt":{"rendered":"<p>VASAGLE vaatekaappi, vaateteline, vaatekaappi 5 kaksoiskoukulla, kenk\u00e4hylly 5 tasolla, yksi hylly yl\u00e4osassa, asuntoihin, makuuhuoneeseen, eteiseen, teollinen muotoilu, vintage-ruskea-musta HSR412B01<\/p>\n","protected":false},"featured_media":40603,"comment_status":"open","ping_status":"closed","template":"","meta":[],"product_brand":[],"product_cat":[32],"product_tag":[],"class_list":{"0":"post-31457","1":"product","2":"type-product","3":"status-publish","4":"has-post-thumbnail","6":"product_cat-uncategorized-fi","8":"first","9":"instock","10":"shipping-taxable","11":"purchasable","12":"product-type-simple"},"_links":{"self":[{"href":"https:\/\/nordicmart.andreevmaster.com\/fi\/wp-json\/wp\/v2\/product\/31457","targetHints":{"allow":["GET"]}}],"collection":[{"href":"https:\/\/nordicmart.andreevmaster.com\/fi\/wp-json\/wp\/v2\/product"}],"about":[{"href":"https:\/\/nordicmart.andreevmaster.com\/fi\/wp-json\/wp\/v2\/types\/product"}],"replies":[{"embeddable":true,"href":"https:\/\/nordicmart.andreevmaster.com\/fi\/wp-json\/wp\/v2\/comments?post=31457"}],"wp:featuredmedia":[{"embeddable":true,"href":"https:\/\/nordicmart.andreevmaster.com\/fi\/wp-json\/wp\/v2\/media\/40603"}],"wp:attachment":[{"href":"https:\/\/nordicmart.andreevmaster.com\/fi\/wp-json\/wp\/v2\/media?parent=31457"}],"wp:term":[{"taxonomy":"product_brand","embeddable":true,"href":"https:\/\/nordicmart.andreevmaster.com\/fi\/wp-json\/wp\/v2\/product_brand?post=31457"},{"taxonomy":"product_cat","embeddable":true,"href":"https:\/\/nordicmart.andreevmaster.com\/fi\/wp-json\/wp\/v2\/product_cat?post=31457"},{"taxonomy":"product_tag","embeddable":true,"href":"https:\/\/nordicmart.andreevmaster.com\/fi\/wp-json\/wp\/v2\/product_tag?post=31457"}],"curies":[{"name":"wp","href":"https:\/\/api.w.org\/{rel}","templated":true}]}}