{"id":31453,"date":"2026-02-27T00:13:36","date_gmt":"2026-02-27T00:13:36","guid":{"rendered":"https:\/\/nordicmart.andreevmaster.com\/product\/vasagle-vaatekaappi-ja-kenkahylly-valkoinen-luonnonvari\/"},"modified":"2026-02-27T09:36:18","modified_gmt":"2026-02-27T09:36:18","slug":"vasagle-vaatekaappi-ja-kenkahylly-valkoinen-luonnonvari","status":"publish","type":"product","link":"https:\/\/nordicmart.andreevmaster.com\/fi\/tuote\/vasagle-vaatekaappi-ja-kenkahylly-valkoinen-luonnonvari\/","title":{"rendered":"VASAGLE vaatekaappi ja kenk\u00e4hylly valkoinen-luonnonv\u00e4ri"},"content":{"rendered":"<p>VASAGLE \u2013 se on mielikuvituksellinen yhdistelm\u00e4 toiminnallisuutta, kest\u00e4vyytt\u00e4 ja modernia muotoilua. Jos haluat antaa huoneillesi yksil\u00f6llisen ilmeen ja modernin s\u00e4vyn, t\u00e4ll\u00e4 huonekalusarjalla voit saavuttaa vaikuttavia tuloksia. Moderni vaatekaappi rautaisilla yksityiskohdilla T\u00e4m\u00e4 vaatekaappi on todellinen lis\u00e4arvo paitsi modernien huonekalujen yst\u00e4ville. My\u00f6s trendikk\u00e4\u00e4n teollisen muotoilun yst\u00e4v\u00e4t voivat parantaa eteist\u00e4\u00e4n t\u00e4ll\u00e4 huonekalulla, sill\u00e4 sen runko on valmistettu kermanv\u00e4risest\u00e4 raudasta. Katso kulissien taakse Huonekalun kauneus ei kuitenkaan riit\u00e4, jos se ei ole k\u00e4yt\u00e4nn\u00f6llinen. Siksi vaatekaapissamme on kaksi tilavaa kenk\u00e4hylly\u00e4 ja tukeva penkki alaosassa. Lis\u00e4ksi voit ripustaa lukuisia vaatekappaleita yhdeks\u00e4\u00e4n koukkuun ja tilavalle vaatetangolle. T\u00e4ydenn\u00e4 sisustustasi VASAGLE-huonekaluilla! Tuotetiedot: &#8211; V\u00e4ri: kermanv\u00e4rinen &#8211; Materiaali: lastulevy, rauta  &#8211; Mitat: 72 x 33,7 x 183 cm (P x L x K) &#8211; Paino: 9,8 kg &#8211; Maks. staattinen kuormituskyky koukkua kohti: 3 kg &#8211; Maks. staattinen kuormituskyky penkki\u00e4 kohti: 80 kg Toimitus sis\u00e4lt\u00e4\u00e4: &#8211; 1 x vaatekaappi &#8211; 1 x ohjeet (DE, EN, FR, IT, ES) VASAGLE-ohjeet: &#8211; K\u00e4yt\u00e4 tuotetta kaatumissuojan kanssa. &#8211; \u00c4l\u00e4 ripusta raskaita vaatekappaleita vaatetankoon.<\/p>\n","protected":false},"excerpt":{"rendered":"<p>VASAGLE Luo kev\u00e4inen, kutsuva eteinen t\u00e4ll\u00e4 vaateripustimella ja penkill\u00e4, joka toivottaa vieraat yst\u00e4v\u00e4llisesti tervetulleiksi.<\/p>\n","protected":false},"featured_media":40600,"comment_status":"open","ping_status":"closed","template":"","meta":[],"product_brand":[],"product_cat":[32],"product_tag":[],"class_list":{"0":"post-31453","1":"product","2":"type-product","3":"status-publish","4":"has-post-thumbnail","6":"product_cat-uncategorized-fi","8":"first","9":"instock","10":"shipping-taxable","11":"purchasable","12":"product-type-simple"},"_links":{"self":[{"href":"https:\/\/nordicmart.andreevmaster.com\/fi\/wp-json\/wp\/v2\/product\/31453","targetHints":{"allow":["GET"]}}],"collection":[{"href":"https:\/\/nordicmart.andreevmaster.com\/fi\/wp-json\/wp\/v2\/product"}],"about":[{"href":"https:\/\/nordicmart.andreevmaster.com\/fi\/wp-json\/wp\/v2\/types\/product"}],"replies":[{"embeddable":true,"href":"https:\/\/nordicmart.andreevmaster.com\/fi\/wp-json\/wp\/v2\/comments?post=31453"}],"wp:featuredmedia":[{"embeddable":true,"href":"https:\/\/nordicmart.andreevmaster.com\/fi\/wp-json\/wp\/v2\/media\/40600"}],"wp:attachment":[{"href":"https:\/\/nordicmart.andreevmaster.com\/fi\/wp-json\/wp\/v2\/media?parent=31453"}],"wp:term":[{"taxonomy":"product_brand","embeddable":true,"href":"https:\/\/nordicmart.andreevmaster.com\/fi\/wp-json\/wp\/v2\/product_brand?post=31453"},{"taxonomy":"product_cat","embeddable":true,"href":"https:\/\/nordicmart.andreevmaster.com\/fi\/wp-json\/wp\/v2\/product_cat?post=31453"},{"taxonomy":"product_tag","embeddable":true,"href":"https:\/\/nordicmart.andreevmaster.com\/fi\/wp-json\/wp\/v2\/product_tag?post=31453"}],"curies":[{"name":"wp","href":"https:\/\/api.w.org\/{rel}","templated":true}]}}