{"id":31452,"date":"2026-02-27T00:13:36","date_gmt":"2026-02-27T00:13:36","guid":{"rendered":"https:\/\/nordicmart.andreevmaster.com\/product\/vasagle-vaateripustin-183-cm-korkea-greige-harmaa\/"},"modified":"2026-02-27T09:36:18","modified_gmt":"2026-02-27T09:36:18","slug":"vasagle-vaateripustin-183-cm-korkea-greige-harmaa","status":"publish","type":"product","link":"https:\/\/nordicmart.andreevmaster.com\/fi\/tuote\/vasagle-vaateripustin-183-cm-korkea-greige-harmaa\/","title":{"rendered":"VASAGLE vaateripustin 183 cm korkea Greige-harmaa"},"content":{"rendered":"<p>Tuotetiedot: &#8211; V\u00e4ri: greige, harmaa &#8211; Materiaali: lastulevy, rauta &#8211; Koko: 72 x 33,7 x 183 cm (P x L x K) &#8211; Paino: 9,8 kg &#8211; Hakan maksimaalinen staattinen kantavuus: 3 kg &#8211; Istuimen maksimaalinen staattinen kantavuus: 80 kg Toimitus sis\u00e4lt\u00e4\u00e4: &#8211; 1 x vaateripustin &#8211; 1 x lis\u00e4varustepussi &#8211; 1 x kaatumissuoja &#8211; 1 x ohjeet (DE, EN, FR, IT, ES) VASAGLE Huomautukset: &#8211; Turvallisuussyist\u00e4 lapset eiv\u00e4t saa kiivet\u00e4 tuotteelle tai leikki\u00e4 sill\u00e4.- Istuimen suurin staattinen kantavuus on 80 kg, koukun 3 kg. \u00c4l\u00e4 ylit\u00e4 t\u00e4t\u00e4 enimm\u00e4ispainoa. &#8211; Kiinnit\u00e4 t\u00e4m\u00e4 tuote sein\u00e4\u00e4n mukana toimitetulla kaatumissuojalla turvallisen k\u00e4yt\u00f6n varmistamiseksi.<\/p>\n","protected":false},"excerpt":{"rendered":"<p>VASAGLE Luo kev\u00e4inen, kutsuva eteinen t\u00e4ll\u00e4 vaateripustimella ja penkill\u00e4, joka toivottaa vieraat yst\u00e4v\u00e4llisesti tervetulleiksi.<\/p>\n","protected":false},"featured_media":40599,"comment_status":"open","ping_status":"closed","template":"","meta":[],"product_brand":[],"product_cat":[32],"product_tag":[],"class_list":{"0":"post-31452","1":"product","2":"type-product","3":"status-publish","4":"has-post-thumbnail","6":"product_cat-uncategorized-fi","8":"first","9":"instock","10":"shipping-taxable","11":"purchasable","12":"product-type-simple"},"_links":{"self":[{"href":"https:\/\/nordicmart.andreevmaster.com\/fi\/wp-json\/wp\/v2\/product\/31452","targetHints":{"allow":["GET"]}}],"collection":[{"href":"https:\/\/nordicmart.andreevmaster.com\/fi\/wp-json\/wp\/v2\/product"}],"about":[{"href":"https:\/\/nordicmart.andreevmaster.com\/fi\/wp-json\/wp\/v2\/types\/product"}],"replies":[{"embeddable":true,"href":"https:\/\/nordicmart.andreevmaster.com\/fi\/wp-json\/wp\/v2\/comments?post=31452"}],"wp:featuredmedia":[{"embeddable":true,"href":"https:\/\/nordicmart.andreevmaster.com\/fi\/wp-json\/wp\/v2\/media\/40599"}],"wp:attachment":[{"href":"https:\/\/nordicmart.andreevmaster.com\/fi\/wp-json\/wp\/v2\/media?parent=31452"}],"wp:term":[{"taxonomy":"product_brand","embeddable":true,"href":"https:\/\/nordicmart.andreevmaster.com\/fi\/wp-json\/wp\/v2\/product_brand?post=31452"},{"taxonomy":"product_cat","embeddable":true,"href":"https:\/\/nordicmart.andreevmaster.com\/fi\/wp-json\/wp\/v2\/product_cat?post=31452"},{"taxonomy":"product_tag","embeddable":true,"href":"https:\/\/nordicmart.andreevmaster.com\/fi\/wp-json\/wp\/v2\/product_tag?post=31452"}],"curies":[{"name":"wp","href":"https:\/\/api.w.org\/{rel}","templated":true}]}}