{"id":31450,"date":"2026-02-27T00:13:35","date_gmt":"2026-02-27T00:13:35","guid":{"rendered":"https:\/\/nordicmart.andreevmaster.com\/product\/vasagle-teollisuustyylinen-vaatekaappi-ja-penkki\/"},"modified":"2026-02-27T09:36:17","modified_gmt":"2026-02-27T09:36:17","slug":"vasagle-teollisuustyylinen-vaatekaappi-ja-penkki","status":"publish","type":"product","link":"https:\/\/nordicmart.andreevmaster.com\/fi\/tuote\/vasagle-teollisuustyylinen-vaatekaappi-ja-penkki\/","title":{"rendered":"VASAGLE Teollisuustyylinen vaatekaappi ja penkki"},"content":{"rendered":"<p>VASAGLE \u2013 se on mielikuvituksellinen yhdistelm\u00e4 toiminnallisuutta, kest\u00e4vyytt\u00e4 ja tyylikk\u00e4it\u00e4 vintage-malleja. Jos haluat antaa huoneillesi yksil\u00f6llisen ilmeen ja antiikkisen s\u00e4vyn, t\u00e4ll\u00e4 huonekalusarjalla voit saavuttaa vaikuttavia tuloksia. Vintage-vaatekaappi rautaisilla yksityiskohdilla T\u00e4m\u00e4 vaatekaappi on todellinen lis\u00e4arvo paitsi romanttisen vintage-tyylin yst\u00e4ville. My\u00f6s trendikk\u00e4\u00e4n teollisen muotoilun yst\u00e4v\u00e4t voivat korostaa eteist\u00e4\u00e4n t\u00e4ll\u00e4 huonekalulla, sill\u00e4 sen runko on mattamustaa rautaa. Katso kulissien taakse Huonekalun kauneus ei kuitenkaan riit\u00e4, jos se ei ole k\u00e4yt\u00e4nn\u00f6llinen. Siksi vaatekaapissamme on kaksi tilavaa kenk\u00e4teline\u00e4 ja tukeva puinen penkki alaosassa. Lis\u00e4ksi voit ripustaa lukuisia vaatekappaleita yhdeks\u00e4\u00e4n koukkuun ja tilavalle vaatetangolle. T\u00e4ydenn\u00e4 sisustustasi VASAGLE:n vintage-huonekaluilla! Tuotetiedot: &#8211; V\u00e4ri: vintage-ruskea-musta &#8211; Materiaali: lastulevy, ter\u00e4s &#8211; Mitat: 72 x 183 x 33,7 cm (L x K x S) &#8211; Kunkin koukun kantavuus: 3 kg &#8211; Puutelineen kantavuus: 80 kg &#8211; Paino: 9,8 kg Toimitus sis\u00e4lt\u00e4\u00e4: &#8211; 1 x vaatekaappi &#8211; 1 x ohjeet (DE, EN, FR, IT, ES) VASAGLE-ohjeet: &#8211; K\u00e4yt\u00e4 tuotetta kaatumissuojan kanssa. &#8211; \u00c4l\u00e4 ripusta raskaita vaatteita vaatetankoon.<\/p>\n","protected":false},"excerpt":{"rendered":"<p>VASAGLE Luo kev\u00e4inen, kutsuva eteinen t\u00e4ll\u00e4 vaateripustimella ja penkill\u00e4, joka toivottaa vieraat yst\u00e4v\u00e4llisesti tervetulleiksi.<\/p>\n","protected":false},"featured_media":40597,"comment_status":"open","ping_status":"closed","template":"","meta":[],"product_brand":[],"product_cat":[32],"product_tag":[],"class_list":{"0":"post-31450","1":"product","2":"type-product","3":"status-publish","4":"has-post-thumbnail","6":"product_cat-uncategorized-fi","8":"first","9":"instock","10":"shipping-taxable","11":"purchasable","12":"product-type-simple"},"_links":{"self":[{"href":"https:\/\/nordicmart.andreevmaster.com\/fi\/wp-json\/wp\/v2\/product\/31450","targetHints":{"allow":["GET"]}}],"collection":[{"href":"https:\/\/nordicmart.andreevmaster.com\/fi\/wp-json\/wp\/v2\/product"}],"about":[{"href":"https:\/\/nordicmart.andreevmaster.com\/fi\/wp-json\/wp\/v2\/types\/product"}],"replies":[{"embeddable":true,"href":"https:\/\/nordicmart.andreevmaster.com\/fi\/wp-json\/wp\/v2\/comments?post=31450"}],"wp:featuredmedia":[{"embeddable":true,"href":"https:\/\/nordicmart.andreevmaster.com\/fi\/wp-json\/wp\/v2\/media\/40597"}],"wp:attachment":[{"href":"https:\/\/nordicmart.andreevmaster.com\/fi\/wp-json\/wp\/v2\/media?parent=31450"}],"wp:term":[{"taxonomy":"product_brand","embeddable":true,"href":"https:\/\/nordicmart.andreevmaster.com\/fi\/wp-json\/wp\/v2\/product_brand?post=31450"},{"taxonomy":"product_cat","embeddable":true,"href":"https:\/\/nordicmart.andreevmaster.com\/fi\/wp-json\/wp\/v2\/product_cat?post=31450"},{"taxonomy":"product_tag","embeddable":true,"href":"https:\/\/nordicmart.andreevmaster.com\/fi\/wp-json\/wp\/v2\/product_tag?post=31450"}],"curies":[{"name":"wp","href":"https:\/\/api.w.org\/{rel}","templated":true}]}}