{"id":31444,"date":"2026-02-27T00:13:34","date_gmt":"2026-02-27T00:13:34","guid":{"rendered":"https:\/\/nordicmart.andreevmaster.com\/product\/eteiskaappi-vaatehuone-vaateteline-penkilla-kenkien-sailytys-koukuilla-saadettava-hylly-moderni-valkoinen-2\/"},"modified":"2026-02-27T09:36:16","modified_gmt":"2026-02-27T09:36:16","slug":"eteiskaappi-vaatehuone-vaateteline-penkilla-kenkien-sailytys-koukuilla-saadettava-hylly-moderni-valkoinen-2","status":"publish","type":"product","link":"https:\/\/nordicmart.andreevmaster.com\/fi\/tuote\/eteiskaappi-vaatehuone-vaateteline-penkilla-kenkien-sailytys-koukuilla-saadettava-hylly-moderni-valkoinen-2\/","title":{"rendered":"Eteiskaappi, vaatehuone, vaateteline penkill\u00e4, kenkien s\u00e4ilytys, koukuilla, s\u00e4\u00e4dett\u00e4v\u00e4 hylly, moderni, valkoinen"},"content":{"rendered":"<p>[Monik\u00e4ytt\u00f6inen] 5 kolminkertaista koukkua takkeja ja avaimia varten, kenk\u00e4teline ja 10 kenkien s\u00e4ilytyslokeroa auttavat sinua pysym\u00e4\u00e4n j\u00e4rjestyksess\u00e4.[Joustava s\u00e4ilytys] 4 irrotettavaa paneelia lokeroiden sis\u00e4ll\u00e4 luovat tilaa erikokoisille kengille tai muille tarvikkeille. [Tukeva rakenne] Laadukkaat lastulevy- ja MDF-levyt takaavat kest\u00e4v\u00e4n k\u00e4yt\u00f6n ja suuren vakauden.[Moderni estetiikka] Valkoinen viimeistely, s\u00e4lepohja ja symmetriset kaaret antavat modernin ja tyylikk\u00e4\u00e4n muotoilun. [Helppo kokoaminen] Numeroidut osat ja helppotajuiset ohjeet mahdollistavat vaivattoman kokoamisen.[TILAA S\u00c4\u00c4ST\u00c4V\u00c4 RATKAISU] Harkittu muotoilu maksimoi s\u00e4ilytystilan eteisess\u00e4 ja minimoi ep\u00e4j\u00e4rjestyksen.Muoto\uff1aSuorakulmainen\uff1bKappaleen syvyys\uff1a180 cm\uff1bMateriaali\uff1aBois, Bois d ing\u00e9nierie\uff1bPakkauksen mitat\uff1a138 x 44 x 32,5 cm; 38,3 kg\uff1bErikoisominaisuudet\uff1aMonik\u00e4ytt\u00f6inen\uff1bKappaleen paino\uff1a38,3 kilogrammaa\uff1b<\/p>\n","protected":false},"excerpt":{"rendered":"<p>[Monik\u00e4ytt\u00f6inen] 5 kolminkertaista koukkua takkeja ja avaimia varten, kenk\u00e4teline ja 10 kenkien s\u00e4ilytyslokeroa auttavat sinua pysym\u00e4\u00e4n j\u00e4rjestyksess\u00e4.[Joustava s\u00e4ilytys] 4 irrotettavaa paneelia lokeroiden sis\u00e4ll\u00e4 luovat tilaa erikokoisille kengille tai muille tarvikkeille. [Tukeva rakenne] Laadukkaat lastulevy- ja MDF-levyt takaavat kest\u00e4v\u00e4n k\u00e4yt\u00f6n ja suuren vakauden.[Moderni estetiikka] Valkoinen viimeistely, s\u00e4lepohja ja symmetriset kaaret antavat modernin ja tyylikk\u00e4\u00e4n muotoilun. [Helppo [&hellip;]<\/p>\n","protected":false},"featured_media":0,"comment_status":"open","ping_status":"closed","template":"","meta":[],"product_brand":[],"product_cat":[32],"product_tag":[],"class_list":{"0":"post-31444","1":"product","2":"type-product","3":"status-publish","5":"product_cat-uncategorized-fi","7":"first","8":"instock","9":"shipping-taxable","10":"product-type-simple"},"_links":{"self":[{"href":"https:\/\/nordicmart.andreevmaster.com\/fi\/wp-json\/wp\/v2\/product\/31444","targetHints":{"allow":["GET"]}}],"collection":[{"href":"https:\/\/nordicmart.andreevmaster.com\/fi\/wp-json\/wp\/v2\/product"}],"about":[{"href":"https:\/\/nordicmart.andreevmaster.com\/fi\/wp-json\/wp\/v2\/types\/product"}],"replies":[{"embeddable":true,"href":"https:\/\/nordicmart.andreevmaster.com\/fi\/wp-json\/wp\/v2\/comments?post=31444"}],"wp:attachment":[{"href":"https:\/\/nordicmart.andreevmaster.com\/fi\/wp-json\/wp\/v2\/media?parent=31444"}],"wp:term":[{"taxonomy":"product_brand","embeddable":true,"href":"https:\/\/nordicmart.andreevmaster.com\/fi\/wp-json\/wp\/v2\/product_brand?post=31444"},{"taxonomy":"product_cat","embeddable":true,"href":"https:\/\/nordicmart.andreevmaster.com\/fi\/wp-json\/wp\/v2\/product_cat?post=31444"},{"taxonomy":"product_tag","embeddable":true,"href":"https:\/\/nordicmart.andreevmaster.com\/fi\/wp-json\/wp\/v2\/product_tag?post=31444"}],"curies":[{"name":"wp","href":"https:\/\/api.w.org\/{rel}","templated":true}]}}