{"id":31442,"date":"2026-02-27T00:13:33","date_gmt":"2026-02-27T00:13:33","guid":{"rendered":"https:\/\/nordicmart.andreevmaster.com\/product\/vasagle-vaatekaappi-9-koukulla\/"},"modified":"2026-02-27T09:36:16","modified_gmt":"2026-02-27T09:36:16","slug":"vasagle-vaatekaappi-9-koukulla","status":"publish","type":"product","link":"https:\/\/nordicmart.andreevmaster.com\/fi\/tuote\/vasagle-vaatekaappi-9-koukulla\/","title":{"rendered":"VASAGLE vaatekaappi 9 koukulla"},"content":{"rendered":"<p>Tuotetiedot: &#8211; V\u00e4ri: tammiv\u00e4ri-valkoinen &#8211; Materiaali: lastulevy, ter\u00e4s &#8211; Koko: 32 x 70 x 175 cm (S x L x K) &#8211; Istuimen koko: 32 x 70 cm (S x L) &#8211; Paino: 7,8 kg &#8211; Maks. staattinen kantavuus koukkua kohti: 3 kg &#8211; Maks. staattinen kantavuus istuinta kohti: 80 kg Toimitus sis\u00e4lt\u00e4\u00e4: &#8211; 1 x vaatehylly &#8211; 1 x lis\u00e4varustepaketti &#8211; 1 x kaatumissuoja &#8211; 1 x ohjeet VASAGLE Huomautukset:- Kiinnit\u00e4 t\u00e4m\u00e4 tuote sein\u00e4\u00e4n mukana toimitetulla kaatumissuojalla turvallisen k\u00e4yt\u00f6n varmistamiseksi. &#8211; Yl\u00e4osan tankoa ei ole tarkoitettu esineiden ripustamiseen. Ripusta vaatteet tai muut esineet koukkuihin. &#8211; Istuimen suurin staattinen kantavuus on 80 kg. \u00c4l\u00e4 ylit\u00e4 t\u00e4t\u00e4 enimm\u00e4ispainoa.<\/p>\n","protected":false},"excerpt":{"rendered":"<p>VASAGLE vaatekaappi, vaatehylly, kenk\u00e4hylly istuimella, vaateteline 9 irrotettavalla koukulla, penkki, 2 ritil\u00e4hylly\u00e4, korkeus 183 cm, teollinen muotoilu, vintage-ruskea-musta HSR400B01<\/p>\n","protected":false},"featured_media":40590,"comment_status":"open","ping_status":"closed","template":"","meta":[],"product_brand":[],"product_cat":[32],"product_tag":[],"class_list":{"0":"post-31442","1":"product","2":"type-product","3":"status-publish","4":"has-post-thumbnail","6":"product_cat-uncategorized-fi","8":"first","9":"instock","10":"shipping-taxable","11":"purchasable","12":"product-type-simple"},"_links":{"self":[{"href":"https:\/\/nordicmart.andreevmaster.com\/fi\/wp-json\/wp\/v2\/product\/31442","targetHints":{"allow":["GET"]}}],"collection":[{"href":"https:\/\/nordicmart.andreevmaster.com\/fi\/wp-json\/wp\/v2\/product"}],"about":[{"href":"https:\/\/nordicmart.andreevmaster.com\/fi\/wp-json\/wp\/v2\/types\/product"}],"replies":[{"embeddable":true,"href":"https:\/\/nordicmart.andreevmaster.com\/fi\/wp-json\/wp\/v2\/comments?post=31442"}],"wp:featuredmedia":[{"embeddable":true,"href":"https:\/\/nordicmart.andreevmaster.com\/fi\/wp-json\/wp\/v2\/media\/40590"}],"wp:attachment":[{"href":"https:\/\/nordicmart.andreevmaster.com\/fi\/wp-json\/wp\/v2\/media?parent=31442"}],"wp:term":[{"taxonomy":"product_brand","embeddable":true,"href":"https:\/\/nordicmart.andreevmaster.com\/fi\/wp-json\/wp\/v2\/product_brand?post=31442"},{"taxonomy":"product_cat","embeddable":true,"href":"https:\/\/nordicmart.andreevmaster.com\/fi\/wp-json\/wp\/v2\/product_cat?post=31442"},{"taxonomy":"product_tag","embeddable":true,"href":"https:\/\/nordicmart.andreevmaster.com\/fi\/wp-json\/wp\/v2\/product_tag?post=31442"}],"curies":[{"name":"wp","href":"https:\/\/api.w.org\/{rel}","templated":true}]}}