{"id":31440,"date":"2026-02-27T00:13:33","date_gmt":"2026-02-27T00:13:33","guid":{"rendered":"https:\/\/nordicmart.andreevmaster.com\/product\/vasagle-vaatekaappi-teollisuustyylisilla-hyllyilla\/"},"modified":"2026-02-27T09:36:16","modified_gmt":"2026-02-27T09:36:16","slug":"vasagle-vaatekaappi-teollisuustyylisilla-hyllyilla","status":"publish","type":"product","link":"https:\/\/nordicmart.andreevmaster.com\/fi\/tuote\/vasagle-vaatekaappi-teollisuustyylisilla-hyllyilla\/","title":{"rendered":"VASAGLE vaatekaappi teollisuustyylisill\u00e4 hyllyill\u00e4"},"content":{"rendered":"<p>T\u00e4\u00e4ll\u00e4 vaatteesi roikkuvat iloisesti. T\u00e4ydellisesti toisiinsa liitetyt putket, erottuvat ritil\u00e4hyllyt, hienostunut vintage-pinta \u2013 valtakunta vaatteillesi ja asusteillesi. Tuotetiedot:- V\u00e4ri: vintage\/tummanruskea &#8211; Materiaali: lastulevy, rauta &#8211; Koko: 66 x 32,5 x 183 cm (P x L x K) &#8211; Paino: 11,6 kg &#8211; Istuimen pinnan maks. staattinen kantavuus: 100 kg &#8211; Ristikon hyllyn maks. staattinen kantavuus: 10 kg Toimitus sis\u00e4lt\u00e4\u00e4:- 1 x vaatekaappi &#8211; 1 x asennustarvikkeet &#8211; 1 x ohjeet (DE, EN, ES, FR, IT) VASAGLE-ohjeet: &#8211; Sijoita tuote siten, ett\u00e4 se ei ole alttiina l\u00e4mm\u00f6nl\u00e4hteille, suoralle auringonvalolle tai kosteudelle. &#8211; Noudata maksimaalista kantavuutta koskevia ohjeita ja \u00e4l\u00e4 aseta tuotteen p\u00e4\u00e4lle painavia esineit\u00e4.<\/p>\n","protected":false},"excerpt":{"rendered":"<p>VASAGLE vaatekaappi, vaateteline penkill\u00e4, kenk\u00e4hylly 2 ritil\u00e4hyllyll\u00e4, vaatekaappi, eteinen, olohuone, metalli, helppo asentaa, teollinen muotoilu, vintage, tummanruskea HSR37BX<\/p>\n","protected":false},"featured_media":40588,"comment_status":"open","ping_status":"closed","template":"","meta":[],"product_brand":[],"product_cat":[32],"product_tag":[],"class_list":{"0":"post-31440","1":"product","2":"type-product","3":"status-publish","4":"has-post-thumbnail","6":"product_cat-uncategorized-fi","8":"first","9":"instock","10":"shipping-taxable","11":"purchasable","12":"product-type-simple"},"_links":{"self":[{"href":"https:\/\/nordicmart.andreevmaster.com\/fi\/wp-json\/wp\/v2\/product\/31440","targetHints":{"allow":["GET"]}}],"collection":[{"href":"https:\/\/nordicmart.andreevmaster.com\/fi\/wp-json\/wp\/v2\/product"}],"about":[{"href":"https:\/\/nordicmart.andreevmaster.com\/fi\/wp-json\/wp\/v2\/types\/product"}],"replies":[{"embeddable":true,"href":"https:\/\/nordicmart.andreevmaster.com\/fi\/wp-json\/wp\/v2\/comments?post=31440"}],"wp:featuredmedia":[{"embeddable":true,"href":"https:\/\/nordicmart.andreevmaster.com\/fi\/wp-json\/wp\/v2\/media\/40588"}],"wp:attachment":[{"href":"https:\/\/nordicmart.andreevmaster.com\/fi\/wp-json\/wp\/v2\/media?parent=31440"}],"wp:term":[{"taxonomy":"product_brand","embeddable":true,"href":"https:\/\/nordicmart.andreevmaster.com\/fi\/wp-json\/wp\/v2\/product_brand?post=31440"},{"taxonomy":"product_cat","embeddable":true,"href":"https:\/\/nordicmart.andreevmaster.com\/fi\/wp-json\/wp\/v2\/product_cat?post=31440"},{"taxonomy":"product_tag","embeddable":true,"href":"https:\/\/nordicmart.andreevmaster.com\/fi\/wp-json\/wp\/v2\/product_tag?post=31440"}],"curies":[{"name":"wp","href":"https:\/\/api.w.org\/{rel}","templated":true}]}}