{"id":31439,"date":"2026-02-27T00:13:33","date_gmt":"2026-02-27T00:13:33","guid":{"rendered":"https:\/\/nordicmart.andreevmaster.com\/product\/songmics-vaateripustin-metallirullilla-musta\/"},"modified":"2026-02-27T09:36:16","modified_gmt":"2026-02-27T09:36:16","slug":"songmics-vaateripustin-metallirullilla-musta","status":"publish","type":"product","link":"https:\/\/nordicmart.andreevmaster.com\/fi\/tuote\/songmics-vaateripustin-metallirullilla-musta\/","title":{"rendered":"SONGMICS vaateripustin metallirullilla, musta"},"content":{"rendered":"<p>SONGMICS vaateteline, 2 vaatetankoa, vaateteline py\u00f6rill\u00e4, metallia, ritil\u00e4hyllyll\u00e4, kantavuus tankoa kohti 30 kg, vaatteille, laukkuille, musta HSR26BK<br \/>\n&#8211; V\u00e4ri: musta<br \/>\n&#8211; Materiaali: ter\u00e4s<br \/>\n&#8211; Tuotteen koko: 92,5 x 59,5 x 142\/158 cm (P x L x K)<br \/>\n&#8211; Tuotteen paino: 7,2 kg<br \/>\n&#8211; Kunkin tangon maks. staattinen kantavuus: 30 kg<br \/>\n\u2013 Alimman hyllyn maks. staattinen kantavuus: 10 kg<\/p>\n","protected":false},"excerpt":{"rendered":"<p>SONGMICS vaateteline, 2 vaatetankoa, vaateteline py\u00f6rill\u00e4, metallia, ritil\u00e4hyllyll\u00e4, kantavuus tankoa kohti 30 kg, vaatteille, laukkuille, musta HSR26BK<\/p>\n","protected":false},"featured_media":40587,"comment_status":"open","ping_status":"closed","template":"","meta":[],"product_brand":[],"product_cat":[32],"product_tag":[],"class_list":{"0":"post-31439","1":"product","2":"type-product","3":"status-publish","4":"has-post-thumbnail","6":"product_cat-uncategorized-fi","8":"first","9":"instock","10":"shipping-taxable","11":"purchasable","12":"product-type-simple"},"_links":{"self":[{"href":"https:\/\/nordicmart.andreevmaster.com\/fi\/wp-json\/wp\/v2\/product\/31439","targetHints":{"allow":["GET"]}}],"collection":[{"href":"https:\/\/nordicmart.andreevmaster.com\/fi\/wp-json\/wp\/v2\/product"}],"about":[{"href":"https:\/\/nordicmart.andreevmaster.com\/fi\/wp-json\/wp\/v2\/types\/product"}],"replies":[{"embeddable":true,"href":"https:\/\/nordicmart.andreevmaster.com\/fi\/wp-json\/wp\/v2\/comments?post=31439"}],"wp:featuredmedia":[{"embeddable":true,"href":"https:\/\/nordicmart.andreevmaster.com\/fi\/wp-json\/wp\/v2\/media\/40587"}],"wp:attachment":[{"href":"https:\/\/nordicmart.andreevmaster.com\/fi\/wp-json\/wp\/v2\/media?parent=31439"}],"wp:term":[{"taxonomy":"product_brand","embeddable":true,"href":"https:\/\/nordicmart.andreevmaster.com\/fi\/wp-json\/wp\/v2\/product_brand?post=31439"},{"taxonomy":"product_cat","embeddable":true,"href":"https:\/\/nordicmart.andreevmaster.com\/fi\/wp-json\/wp\/v2\/product_cat?post=31439"},{"taxonomy":"product_tag","embeddable":true,"href":"https:\/\/nordicmart.andreevmaster.com\/fi\/wp-json\/wp\/v2\/product_tag?post=31439"}],"curies":[{"name":"wp","href":"https:\/\/api.w.org\/{rel}","templated":true}]}}