{"id":31438,"date":"2026-02-27T00:13:33","date_gmt":"2026-02-27T00:13:33","guid":{"rendered":"https:\/\/nordicmart.andreevmaster.com\/product\/songmics-vaateripustin-pyorilla-musta\/"},"modified":"2026-02-27T09:36:15","modified_gmt":"2026-02-27T09:36:15","slug":"songmics-vaateripustin-pyorilla-musta","status":"publish","type":"product","link":"https:\/\/nordicmart.andreevmaster.com\/fi\/tuote\/songmics-vaateripustin-pyorilla-musta\/","title":{"rendered":"SONGMICS vaateripustin py\u00f6rill\u00e4, musta"},"content":{"rendered":"<p>Vaateripustin avulla v\u00e4lt\u00e4t vaatekasojen syntymisen: Etsitk\u00f6 fiksua ratkaisua vaatekasojen syntymiseen? L\u00f6ysit juuri sen! T\u00e4m\u00e4 tyylik\u00e4s vaateripustin tarjoaa runsaasti tilaa p\u00e4ivitt\u00e4isille vaatteillesi ja vie samalla vain v\u00e4h\u00e4n tilaa. Lis\u00e4ksi voit s\u00e4ilytt\u00e4\u00e4 kenki\u00e4, laukkuja tai s\u00e4ilytyslaatikoita alareunan hyllyll\u00e4.<\/p>\n<p>Todella vahva! T\u00e4m\u00e4 vaateteline on valmistettu korkealaatuisesta ter\u00e4sputkesta, joka on koottu ruuveilla. Halusitpa ripustaa pitki\u00e4 takkeja tai painavia takkeja, t\u00e4m\u00e4 vaateteline kest\u00e4\u00e4 niiden painon helposti.<\/p>\n<p>Haluatko s\u00e4\u00e4st\u00e4\u00e4 herk\u00e4t vaatteet t\u00e4yteen ahdetulta vaatekaapilta tai kasvaako vaatevalikoimasi jatkuvasti? Tervetuloa kotiisi t\u00e4m\u00e4 tyylik\u00e4s vaateteline SONGMICS:lt\u00e4! Tuotetiedot:<br \/>\nV\u00e4ri: musta<br \/>\nMateriaali: ter\u00e4s<br \/>\nKoko: 92,5 x 40,5 x 158 cm (P x L x K)<br \/>\nPaino: 4,2 kg<br \/>\nVaateripustimen maks. staattinen kantavuus: 40 kg<br \/>\nHyllyn maks. staattinen kantavuus: 10 kg<\/p>\n<p>Toimitus sis\u00e4lt\u00e4\u00e4<br \/>\n1 x vaateteline<br \/>\n1 x lis\u00e4varustepussi<br \/>\n1 x ohjeet (DE, EN, ES, FR, IT)<\/p>\n<p>SONGMICS-huomautukset:<br \/>\nTekstiss\u00e4 mainittu enimm\u00e4iskuormituskyky viittaa staattiseen enimm\u00e4ispainoon.<\/p>\n","protected":false},"excerpt":{"rendered":"<p>SONGMICS vaateripustin py\u00f6rill\u00e4, vaateripustin, vaateripustin kantavuus 40 kg, metallia, ritil\u00e4hyllyll\u00e4, musta HSR25BK<\/p>\n","protected":false},"featured_media":40586,"comment_status":"open","ping_status":"closed","template":"","meta":[],"product_brand":[],"product_cat":[32],"product_tag":[],"class_list":{"0":"post-31438","1":"product","2":"type-product","3":"status-publish","4":"has-post-thumbnail","6":"product_cat-uncategorized-fi","8":"first","9":"instock","10":"shipping-taxable","11":"purchasable","12":"product-type-simple"},"_links":{"self":[{"href":"https:\/\/nordicmart.andreevmaster.com\/fi\/wp-json\/wp\/v2\/product\/31438","targetHints":{"allow":["GET"]}}],"collection":[{"href":"https:\/\/nordicmart.andreevmaster.com\/fi\/wp-json\/wp\/v2\/product"}],"about":[{"href":"https:\/\/nordicmart.andreevmaster.com\/fi\/wp-json\/wp\/v2\/types\/product"}],"replies":[{"embeddable":true,"href":"https:\/\/nordicmart.andreevmaster.com\/fi\/wp-json\/wp\/v2\/comments?post=31438"}],"wp:featuredmedia":[{"embeddable":true,"href":"https:\/\/nordicmart.andreevmaster.com\/fi\/wp-json\/wp\/v2\/media\/40586"}],"wp:attachment":[{"href":"https:\/\/nordicmart.andreevmaster.com\/fi\/wp-json\/wp\/v2\/media?parent=31438"}],"wp:term":[{"taxonomy":"product_brand","embeddable":true,"href":"https:\/\/nordicmart.andreevmaster.com\/fi\/wp-json\/wp\/v2\/product_brand?post=31438"},{"taxonomy":"product_cat","embeddable":true,"href":"https:\/\/nordicmart.andreevmaster.com\/fi\/wp-json\/wp\/v2\/product_cat?post=31438"},{"taxonomy":"product_tag","embeddable":true,"href":"https:\/\/nordicmart.andreevmaster.com\/fi\/wp-json\/wp\/v2\/product_tag?post=31438"}],"curies":[{"name":"wp","href":"https:\/\/api.w.org\/{rel}","templated":true}]}}