{"id":31437,"date":"2026-02-27T00:13:32","date_gmt":"2026-02-27T00:13:32","guid":{"rendered":"https:\/\/nordicmart.andreevmaster.com\/product\/songmics-vaateteline-vaatetangolla\/"},"modified":"2026-02-27T09:36:15","modified_gmt":"2026-02-27T09:36:15","slug":"songmics-vaateteline-vaatetangolla","status":"publish","type":"product","link":"https:\/\/nordicmart.andreevmaster.com\/fi\/tuote\/songmics-vaateteline-vaatetangolla\/","title":{"rendered":"SONGMICS vaateteline vaatetangolla"},"content":{"rendered":"<p>Jos vaatteesi ovat kasautuneet tuolille, keng\u00e4t lojuvat lattialla ja laukkuilla ei ole sopivaa s\u00e4ilytyspaikkaa, t\u00e4m\u00e4 SONGMICS-vaateteline on kokeilemisen arvoinen. Upea valinta minimalisteille Yksinkertainen tyyli, k\u00e4yt\u00e4nn\u00f6llinen toiminnallisuus \u2013 t\u00e4m\u00e4 minimalistinen vaateteline on tervetullut lis\u00e4 nykyiseen sisustukseesi. Sijoita se makuuhuoneeseen, eteiseen tai jopa vaatekauppaasi ja maksimoi s\u00e4ilytystila. Vankka vaateteline kest\u00e4\u00e4 jopa 40 kg:n painon ja alahylly jopa 15 kg:n painon. Enemm\u00e4n mukavuutta arkeen Ei vain pelkk\u00e4 vaateteline! Voit ripustaa takit, housut ja paidat rypistym\u00e4tt\u00f6m\u00e4sti ja k\u00e4den ulottuville vaatetelineeseen, mutta my\u00f6s sijoittaa keng\u00e4t ja s\u00e4ilytyslaatikot ritil\u00e4hyllylle. Haluatko sijoittaa korkokeng\u00e4t tai muut pienet esineet hyllylle? Ei h\u00e4t\u00e4\u00e4! Mukana toimitettu muovilevy auttaa sinua! \u00c4l\u00e4 odota en\u00e4\u00e4, vaan korosta vaatteitasi t\u00e4ll\u00e4 vaatetelineell\u00e4! Tuotetiedot:- V\u00e4ri: mattamusta &#8211; Materiaali: ter\u00e4s &#8211; Koko: 92,5 x 33,5 x 153 cm (P x L x K) &#8211; Paino: 3,6 kg &#8211; Vaateripustimen maks. staattinen kantavuus: 40 kg &#8211; Hyllyn maks. staattinen kantavuus: 15 kg Toimitus sis\u00e4lt\u00e4\u00e4:- 1 x vaateteline &#8211; 1 x lis\u00e4varustepussi &#8211; 1 x ohjeet (DE, EN, FR, ES, IT)<\/p>\n","protected":false},"excerpt":{"rendered":"<p>SONGMICS ter\u00e4ksinen vaateteline, vaateteline vaatetangolla, hylly alaosassa, yksinkertainen, makuuhuone, eteinen, ullakko, kellari, 92,5 x 33,5 x 153 cm, mattamusta HSR23BK<\/p>\n","protected":false},"featured_media":40585,"comment_status":"open","ping_status":"closed","template":"","meta":[],"product_brand":[],"product_cat":[32],"product_tag":[],"class_list":{"0":"post-31437","1":"product","2":"type-product","3":"status-publish","4":"has-post-thumbnail","6":"product_cat-uncategorized-fi","8":"first","9":"instock","10":"shipping-taxable","11":"purchasable","12":"product-type-simple"},"_links":{"self":[{"href":"https:\/\/nordicmart.andreevmaster.com\/fi\/wp-json\/wp\/v2\/product\/31437","targetHints":{"allow":["GET"]}}],"collection":[{"href":"https:\/\/nordicmart.andreevmaster.com\/fi\/wp-json\/wp\/v2\/product"}],"about":[{"href":"https:\/\/nordicmart.andreevmaster.com\/fi\/wp-json\/wp\/v2\/types\/product"}],"replies":[{"embeddable":true,"href":"https:\/\/nordicmart.andreevmaster.com\/fi\/wp-json\/wp\/v2\/comments?post=31437"}],"wp:featuredmedia":[{"embeddable":true,"href":"https:\/\/nordicmart.andreevmaster.com\/fi\/wp-json\/wp\/v2\/media\/40585"}],"wp:attachment":[{"href":"https:\/\/nordicmart.andreevmaster.com\/fi\/wp-json\/wp\/v2\/media?parent=31437"}],"wp:term":[{"taxonomy":"product_brand","embeddable":true,"href":"https:\/\/nordicmart.andreevmaster.com\/fi\/wp-json\/wp\/v2\/product_brand?post=31437"},{"taxonomy":"product_cat","embeddable":true,"href":"https:\/\/nordicmart.andreevmaster.com\/fi\/wp-json\/wp\/v2\/product_cat?post=31437"},{"taxonomy":"product_tag","embeddable":true,"href":"https:\/\/nordicmart.andreevmaster.com\/fi\/wp-json\/wp\/v2\/product_tag?post=31437"}],"curies":[{"name":"wp","href":"https:\/\/api.w.org\/{rel}","templated":true}]}}