{"id":31436,"date":"2026-02-27T00:13:32","date_gmt":"2026-02-27T00:13:32","guid":{"rendered":"https:\/\/nordicmart.andreevmaster.com\/product\/avoin-vaatekaappi-kaapilla-2\/"},"modified":"2026-02-27T09:36:15","modified_gmt":"2026-02-27T09:36:15","slug":"avoin-vaatekaappi-kaapilla-2","status":"publish","type":"product","link":"https:\/\/nordicmart.andreevmaster.com\/fi\/tuote\/avoin-vaatekaappi-kaapilla-2\/","title":{"rendered":"Avoin vaatekaappi kaapilla"},"content":{"rendered":"<p>Haluatko laittaa kausivaatteet sellaiseen paikkaan, josta ne on helppo napata ja pukea p\u00e4\u00e4lle? Mietitk\u00f6, mihin laukut ja keng\u00e4t laitetaan? Eik\u00f6 sinulla ole paikkaa, johon j\u00e4rjest\u00e4\u00e4 juuri silitetyt vaatteet? T\u00e4m\u00e4 avonainen vaatekaappi on valmis t\u00e4ytt\u00e4m\u00e4\u00e4n eri j\u00e4rjestelyj\u00e4 koskevat vaatimuksesi yksinkertaisella tyylill\u00e4\u00e4n.<\/p>\n<p>Onko sinulla liikaa tavaroita ilman kotia? Ei h\u00e4t\u00e4\u00e4! Vaatteet tai huivit voidaan helposti ripustaa kiskoihin, henkil\u00f6kohtaiset tavarat tai kenk\u00e4si voidaan sijoittaa kaappiin tai sen p\u00e4\u00e4lle, ja yl\u00e4lauta on tarvittaessa k\u00e4tev\u00e4. <\/p>\n<p>Oletko koskaan \u00e4rsyyntynyt heiluvista huonekaluista? Oletko koskaan vahingossa osunut k\u00e4dell\u00e4si tai jalallasi ovenkahvaan? Nyt s\u00e4\u00e4dett\u00e4vien jalkojen ja magneettisen ovensalvan ansiosta olet vapaa n\u00e4ist\u00e4 kiusallisista tilanteista. Haluatko kokeilla teollista tyyli\u00e4? Valitse t\u00e4m\u00e4! Musta ter\u00e4srunko lis\u00e4\u00e4 tasapainon tunnetta ja rustiikkinen ruskea suunniteltu puu lis\u00e4\u00e4 luonnon tuntua, t\u00e4m\u00e4 vaatekaappi sulautti n\u00e4m\u00e4 kaksi materiaalityyppi\u00e4 yhteen ja n\u00e4ytt\u00e4\u00e4 t\u00e4ysin hyvin j\u00e4sennellyn j\u00e4rjestyksen tunteen, joka on teollisen tyylin huonekalujen klassikko.<\/p>\n<p>Tekniset tiedot:- V\u00e4ri: Rustic Brown, Black- Materiaali: Rustic Brown, Black- Materiaali: Rustic Brown, Black: Materiaali: Lastulevy, ter\u00e4s- Tuotteen koko: 31,4&#8243; L x 15,7&#8243; W x 70,8&#8243; H (80 x 40 x 180 cm)- Max. Staattinen kuormitettavuus: Ripustuskisko: 20 kg (44,1 lb)Kaappi: 20 kg (44,1 lb): (60 kg) Pakkauksen sis\u00e4lt\u00f6:- 1 x avoin vaatekaappi- 1 x lis\u00e4varustesarja- 1 x k\u00e4ytt\u00f6ohjeet.<\/p>\n","protected":false},"excerpt":{"rendered":"<p>Haluatko laittaa kausivaatteet sellaiseen paikkaan, josta ne on helppo napata ja pukea p\u00e4\u00e4lle? Mietitk\u00f6, mihin laukut ja keng\u00e4t laitetaan? Eik\u00f6 sinulla ole paikkaa, johon j\u00e4rjest\u00e4\u00e4 juuri silitetyt vaatteet? T\u00e4m\u00e4 avonainen vaatekaappi on valmis t\u00e4ytt\u00e4m\u00e4\u00e4n eri j\u00e4rjestelyj\u00e4 koskevat vaatimuksesi yksinkertaisella tyylill\u00e4\u00e4n. Onko sinulla liikaa tavaroita ilman kotia? Ei h\u00e4t\u00e4\u00e4! Vaatteet tai huivit voidaan helposti ripustaa kiskoihin, [&hellip;]<\/p>\n","protected":false},"featured_media":0,"comment_status":"open","ping_status":"closed","template":"","meta":[],"product_brand":[],"product_cat":[32],"product_tag":[],"class_list":{"0":"post-31436","1":"product","2":"type-product","3":"status-publish","5":"product_cat-uncategorized-fi","7":"first","8":"instock","9":"shipping-taxable","10":"product-type-simple"},"_links":{"self":[{"href":"https:\/\/nordicmart.andreevmaster.com\/fi\/wp-json\/wp\/v2\/product\/31436","targetHints":{"allow":["GET"]}}],"collection":[{"href":"https:\/\/nordicmart.andreevmaster.com\/fi\/wp-json\/wp\/v2\/product"}],"about":[{"href":"https:\/\/nordicmart.andreevmaster.com\/fi\/wp-json\/wp\/v2\/types\/product"}],"replies":[{"embeddable":true,"href":"https:\/\/nordicmart.andreevmaster.com\/fi\/wp-json\/wp\/v2\/comments?post=31436"}],"wp:attachment":[{"href":"https:\/\/nordicmart.andreevmaster.com\/fi\/wp-json\/wp\/v2\/media?parent=31436"}],"wp:term":[{"taxonomy":"product_brand","embeddable":true,"href":"https:\/\/nordicmart.andreevmaster.com\/fi\/wp-json\/wp\/v2\/product_brand?post=31436"},{"taxonomy":"product_cat","embeddable":true,"href":"https:\/\/nordicmart.andreevmaster.com\/fi\/wp-json\/wp\/v2\/product_cat?post=31436"},{"taxonomy":"product_tag","embeddable":true,"href":"https:\/\/nordicmart.andreevmaster.com\/fi\/wp-json\/wp\/v2\/product_tag?post=31436"}],"curies":[{"name":"wp","href":"https:\/\/api.w.org\/{rel}","templated":true}]}}