{"id":31435,"date":"2026-02-27T00:13:32","date_gmt":"2026-02-27T00:13:32","guid":{"rendered":"https:\/\/nordicmart.andreevmaster.com\/product\/songmics-vaatetanko-ritilahyllylla-musta\/"},"modified":"2026-02-27T09:36:15","modified_gmt":"2026-02-27T09:36:15","slug":"songmics-vaatetanko-ritilahyllylla-musta","status":"publish","type":"product","link":"https:\/\/nordicmart.andreevmaster.com\/fi\/tuote\/songmics-vaatetanko-ritilahyllylla-musta\/","title":{"rendered":"SONGMICS vaatetanko ritil\u00e4hyllyll\u00e4, musta"},"content":{"rendered":"<p>Valmis vaateteline kaoottisille vaatekasoille: Etsitk\u00f6 fiksua ratkaisua kaoottisille vaatekasoille? T\u00e4ydellist\u00e4, nyt olet l\u00f6yt\u00e4nyt sen! T\u00e4m\u00e4 tyylik\u00e4s vaateteline tarjoaa runsaasti tilaa p\u00e4ivitt\u00e4isille vaatteillesi ja vie samalla vain v\u00e4h\u00e4n tilaa. Lis\u00e4ksi voit s\u00e4ilytt\u00e4\u00e4 kenki\u00e4, laukkuja, s\u00e4ilytyslaatikoita jne. alareunan hyllyll\u00e4. Todella vahva!: T\u00e4m\u00e4 vaateteline on valmistettu korkealaatuisista rautaputkista, jotka on kiinnitetty toisiinsa ruuveilla. Haluatpa ripustaa pitki\u00e4 takkeja tai painavia takkeja, t\u00e4m\u00e4 vaateteline kest\u00e4\u00e4 niiden painon helposti. Haluatko s\u00e4\u00e4st\u00e4\u00e4 herk\u00e4t vaatteet t\u00e4yteen ahdetulta vaatekaapilta tai kasvaako vaatevalikoimasi jatkuvasti? Tervetuloa kotiisi t\u00e4m\u00e4 tyylik\u00e4s vaateteline SONGMICS:lt\u00e4! Tuotetiedot: V\u00e4ri: musta Materiaali: rautaputki Koko: 82,5 x 40,5 x 148,5 cm (P x L x K) Paino: 4,1 kg Vaateripustimen maks. staattinen kantavuus: 25 kg Hyllyn maks. staattinen kantavuus: 15 kg Toimitus sis\u00e4lt\u00e4\u00e4: 1 x vaateripustin 1 x ohjeet (DE, EN, ES, FR, IT) SONGMICS-huomautukset:Tekstiss\u00e4 mainittu maks. kantavuus viittaa staattiseen maksimipainoon.<\/p>\n","protected":false},"excerpt":{"rendered":"<p>SONGMICS vaateteline py\u00f6rill\u00e4, vaateteline vaatetangolla, ritil\u00e4hylly alaosassa, tukeva rautakehys, musta HSR22BK<\/p>\n","protected":false},"featured_media":40584,"comment_status":"open","ping_status":"closed","template":"","meta":[],"product_brand":[],"product_cat":[32],"product_tag":[],"class_list":{"0":"post-31435","1":"product","2":"type-product","3":"status-publish","4":"has-post-thumbnail","6":"product_cat-uncategorized-fi","8":"first","9":"instock","10":"shipping-taxable","11":"purchasable","12":"product-type-simple"},"_links":{"self":[{"href":"https:\/\/nordicmart.andreevmaster.com\/fi\/wp-json\/wp\/v2\/product\/31435","targetHints":{"allow":["GET"]}}],"collection":[{"href":"https:\/\/nordicmart.andreevmaster.com\/fi\/wp-json\/wp\/v2\/product"}],"about":[{"href":"https:\/\/nordicmart.andreevmaster.com\/fi\/wp-json\/wp\/v2\/types\/product"}],"replies":[{"embeddable":true,"href":"https:\/\/nordicmart.andreevmaster.com\/fi\/wp-json\/wp\/v2\/comments?post=31435"}],"wp:featuredmedia":[{"embeddable":true,"href":"https:\/\/nordicmart.andreevmaster.com\/fi\/wp-json\/wp\/v2\/media\/40584"}],"wp:attachment":[{"href":"https:\/\/nordicmart.andreevmaster.com\/fi\/wp-json\/wp\/v2\/media?parent=31435"}],"wp:term":[{"taxonomy":"product_brand","embeddable":true,"href":"https:\/\/nordicmart.andreevmaster.com\/fi\/wp-json\/wp\/v2\/product_brand?post=31435"},{"taxonomy":"product_cat","embeddable":true,"href":"https:\/\/nordicmart.andreevmaster.com\/fi\/wp-json\/wp\/v2\/product_cat?post=31435"},{"taxonomy":"product_tag","embeddable":true,"href":"https:\/\/nordicmart.andreevmaster.com\/fi\/wp-json\/wp\/v2\/product_tag?post=31435"}],"curies":[{"name":"wp","href":"https:\/\/api.w.org\/{rel}","templated":true}]}}