{"id":31431,"date":"2026-02-27T00:13:31","date_gmt":"2026-02-27T00:13:31","guid":{"rendered":"https:\/\/nordicmart.andreevmaster.com\/product\/songmics-vaateripustin-pyorilla-45-x-160-200-x-1629-cm-mattamusta\/"},"modified":"2026-02-27T09:36:14","modified_gmt":"2026-02-27T09:36:14","slug":"songmics-vaateripustin-pyorilla-45-x-160-200-x-1629-cm-mattamusta","status":"publish","type":"product","link":"https:\/\/nordicmart.andreevmaster.com\/fi\/tuote\/songmics-vaateripustin-pyorilla-45-x-160-200-x-1629-cm-mattamusta\/","title":{"rendered":"SONGMICS vaateripustin py\u00f6rill\u00e4 45 x (160-200) x 162,9 cm mattamusta"},"content":{"rendered":"<p>SONGMICS vaateripustin py\u00f6rill\u00e4, vaateripustin, eritt\u00e4in kest\u00e4v\u00e4, ulosvedett\u00e4v\u00e4 vaatetanko, kantavuus 110 kg, 45 x (160-200) x 162,9 cm, metallia, kromattu, hopea HSR176E01<br \/>\nV\u00e4ri: mattamusta<br \/>\nMateriaali: ter\u00e4s, PP-py\u00f6r\u00e4t<br \/>\nKoko: 45 x (160-200) x 162,9 cm (S x L x K)<br \/>\nPaino: 5,9 kg<br \/>\nMaks. staattinen kantavuus: 110 kg<\/p>\n","protected":false},"excerpt":{"rendered":"<p>SONGMICS vaateripustin py\u00f6rill\u00e4, vaateripustin, eritt\u00e4in kest\u00e4v\u00e4, ulosvedett\u00e4v\u00e4 vaatetanko, kantavuus 110 kg, 45 x (160-200) x 162,9 cm, metallia, kromattu, hopea HSR176E01<\/p>\n","protected":false},"featured_media":40580,"comment_status":"open","ping_status":"closed","template":"","meta":[],"product_brand":[],"product_cat":[32],"product_tag":[],"class_list":{"0":"post-31431","1":"product","2":"type-product","3":"status-publish","4":"has-post-thumbnail","6":"product_cat-uncategorized-fi","8":"first","9":"instock","10":"shipping-taxable","11":"purchasable","12":"product-type-simple"},"_links":{"self":[{"href":"https:\/\/nordicmart.andreevmaster.com\/fi\/wp-json\/wp\/v2\/product\/31431","targetHints":{"allow":["GET"]}}],"collection":[{"href":"https:\/\/nordicmart.andreevmaster.com\/fi\/wp-json\/wp\/v2\/product"}],"about":[{"href":"https:\/\/nordicmart.andreevmaster.com\/fi\/wp-json\/wp\/v2\/types\/product"}],"replies":[{"embeddable":true,"href":"https:\/\/nordicmart.andreevmaster.com\/fi\/wp-json\/wp\/v2\/comments?post=31431"}],"wp:featuredmedia":[{"embeddable":true,"href":"https:\/\/nordicmart.andreevmaster.com\/fi\/wp-json\/wp\/v2\/media\/40580"}],"wp:attachment":[{"href":"https:\/\/nordicmart.andreevmaster.com\/fi\/wp-json\/wp\/v2\/media?parent=31431"}],"wp:term":[{"taxonomy":"product_brand","embeddable":true,"href":"https:\/\/nordicmart.andreevmaster.com\/fi\/wp-json\/wp\/v2\/product_brand?post=31431"},{"taxonomy":"product_cat","embeddable":true,"href":"https:\/\/nordicmart.andreevmaster.com\/fi\/wp-json\/wp\/v2\/product_cat?post=31431"},{"taxonomy":"product_tag","embeddable":true,"href":"https:\/\/nordicmart.andreevmaster.com\/fi\/wp-json\/wp\/v2\/product_tag?post=31431"}],"curies":[{"name":"wp","href":"https:\/\/api.w.org\/{rel}","templated":true}]}}