{"id":31429,"date":"2026-02-27T00:13:30","date_gmt":"2026-02-27T00:13:30","guid":{"rendered":"https:\/\/nordicmart.andreevmaster.com\/product\/songmics-songmics-vaateripustin-pyorilla\/"},"modified":"2026-02-27T09:36:14","modified_gmt":"2026-02-27T09:36:14","slug":"songmics-songmics-vaateripustin-pyorilla","status":"publish","type":"product","link":"https:\/\/nordicmart.andreevmaster.com\/fi\/tuote\/songmics-songmics-vaateripustin-pyorilla\/","title":{"rendered":"SONGMICS SONGMICS vaateripustin py\u00f6rill\u00e4"},"content":{"rendered":"<p>Tuotetiedot:<\/p>\n<p>V\u00e4ri: musta<br \/>\nMateriaali: ter\u00e4s, PP-rullat<br \/>\nKoko: 45 x (160-200) x 161,5 cm (S x L x K)<br \/>\nPaino: 6,2 kg<br \/>\nMaks. staattinen kokonaiskuormitus: 150 kg<br \/>\nToimitus sis\u00e4lt\u00e4\u00e4:<\/p>\n<p>1 x vaateteline<br \/>\n1 x k\u00e4ytt\u00f6ohje<br \/>\nSONGMICS-huomautukset:<\/p>\n<p>Jos haluat ty\u00f6nt\u00e4\u00e4 vaatetelineen takaisin, paina sen p\u00e4\u00e4tykappaletta.<br \/>\n\u00c4L\u00c4 kosketa vaatetankoa ty\u00f6nt\u00e4ess\u00e4si, jotta et purista sormiasi.<\/p>\n","protected":false},"excerpt":{"rendered":"<p>SONGMICS vaateripustin rullilla, raskaiden vaatteiden vaateripustin, ulosvedett\u00e4v\u00e4 vaateripustin, kantavuus 150 kg, helppo asentaa, siirrett\u00e4v\u00e4, musta HSR175B01<\/p>\n","protected":false},"featured_media":40578,"comment_status":"open","ping_status":"closed","template":"","meta":[],"product_brand":[],"product_cat":[32],"product_tag":[],"class_list":{"0":"post-31429","1":"product","2":"type-product","3":"status-publish","4":"has-post-thumbnail","6":"product_cat-uncategorized-fi","8":"first","9":"instock","10":"shipping-taxable","11":"purchasable","12":"product-type-simple"},"_links":{"self":[{"href":"https:\/\/nordicmart.andreevmaster.com\/fi\/wp-json\/wp\/v2\/product\/31429","targetHints":{"allow":["GET"]}}],"collection":[{"href":"https:\/\/nordicmart.andreevmaster.com\/fi\/wp-json\/wp\/v2\/product"}],"about":[{"href":"https:\/\/nordicmart.andreevmaster.com\/fi\/wp-json\/wp\/v2\/types\/product"}],"replies":[{"embeddable":true,"href":"https:\/\/nordicmart.andreevmaster.com\/fi\/wp-json\/wp\/v2\/comments?post=31429"}],"wp:featuredmedia":[{"embeddable":true,"href":"https:\/\/nordicmart.andreevmaster.com\/fi\/wp-json\/wp\/v2\/media\/40578"}],"wp:attachment":[{"href":"https:\/\/nordicmart.andreevmaster.com\/fi\/wp-json\/wp\/v2\/media?parent=31429"}],"wp:term":[{"taxonomy":"product_brand","embeddable":true,"href":"https:\/\/nordicmart.andreevmaster.com\/fi\/wp-json\/wp\/v2\/product_brand?post=31429"},{"taxonomy":"product_cat","embeddable":true,"href":"https:\/\/nordicmart.andreevmaster.com\/fi\/wp-json\/wp\/v2\/product_cat?post=31429"},{"taxonomy":"product_tag","embeddable":true,"href":"https:\/\/nordicmart.andreevmaster.com\/fi\/wp-json\/wp\/v2\/product_tag?post=31429"}],"curies":[{"name":"wp","href":"https:\/\/api.w.org\/{rel}","templated":true}]}}