{"id":31427,"date":"2026-02-27T00:13:30","date_gmt":"2026-02-27T00:13:30","guid":{"rendered":"https:\/\/nordicmart.andreevmaster.com\/product\/songmics-3-tasoinen-vaatekaappi-korkeus-ja-leveys-saadettavissa-mattavalkoinen\/"},"modified":"2026-02-27T09:36:13","modified_gmt":"2026-02-27T09:36:13","slug":"songmics-3-tasoinen-vaatekaappi-korkeus-ja-leveys-saadettavissa-mattavalkoinen","status":"publish","type":"product","link":"https:\/\/nordicmart.andreevmaster.com\/fi\/tuote\/songmics-3-tasoinen-vaatekaappi-korkeus-ja-leveys-saadettavissa-mattavalkoinen\/","title":{"rendered":"SONGMICS 3-tasoinen vaatekaappi, korkeus ja leveys s\u00e4\u00e4dett\u00e4viss\u00e4, mattavalkoinen"},"content":{"rendered":"<p>SONGMICS kattoon ulottuva vaateteline, 3-tasoinen vaatekaappi, korkeus- ja leveyss\u00e4\u00e4dett\u00e4v\u00e4, avoin vaatekaappi irrotettavilla hyllyill\u00e4, vaateteline, tartuntak\u00e4si, mattavalkoinen HSR155W01<br \/>\nV\u00e4ri: mattavalkoinen<br \/>\nMateriaali: ter\u00e4s, muovi<br \/>\nKoko: 33,5 x (240\u2013353) x (208\u2013310) cm (S x L x K)<br \/>\nPaino: 13,4 kg<br \/>\nKunkin tason maks. staattinen kantavuus: 15 kg<br \/>\nVaatekoukun maks. staattinen kantavuus: 2,5 kg<br \/>\nMaks. staattinen kantavuus yhteens\u00e4: 137,5 kg<\/p>\n","protected":false},"excerpt":{"rendered":"<p>SONGMICS kattoon ulottuva vaateteline, 3-tasoinen vaatekaappi, korkeus- ja leveyss\u00e4\u00e4dett\u00e4v\u00e4, avoin vaatekaappi irrotettavilla hyllyill\u00e4, vaateteline, tartuntak\u00e4si, mattavalkoinen HSR155W01<\/p>\n","protected":false},"featured_media":40576,"comment_status":"open","ping_status":"closed","template":"","meta":[],"product_brand":[],"product_cat":[32],"product_tag":[],"class_list":{"0":"post-31427","1":"product","2":"type-product","3":"status-publish","4":"has-post-thumbnail","6":"product_cat-uncategorized-fi","8":"first","9":"instock","10":"shipping-taxable","11":"purchasable","12":"product-type-simple"},"_links":{"self":[{"href":"https:\/\/nordicmart.andreevmaster.com\/fi\/wp-json\/wp\/v2\/product\/31427","targetHints":{"allow":["GET"]}}],"collection":[{"href":"https:\/\/nordicmart.andreevmaster.com\/fi\/wp-json\/wp\/v2\/product"}],"about":[{"href":"https:\/\/nordicmart.andreevmaster.com\/fi\/wp-json\/wp\/v2\/types\/product"}],"replies":[{"embeddable":true,"href":"https:\/\/nordicmart.andreevmaster.com\/fi\/wp-json\/wp\/v2\/comments?post=31427"}],"wp:featuredmedia":[{"embeddable":true,"href":"https:\/\/nordicmart.andreevmaster.com\/fi\/wp-json\/wp\/v2\/media\/40576"}],"wp:attachment":[{"href":"https:\/\/nordicmart.andreevmaster.com\/fi\/wp-json\/wp\/v2\/media?parent=31427"}],"wp:term":[{"taxonomy":"product_brand","embeddable":true,"href":"https:\/\/nordicmart.andreevmaster.com\/fi\/wp-json\/wp\/v2\/product_brand?post=31427"},{"taxonomy":"product_cat","embeddable":true,"href":"https:\/\/nordicmart.andreevmaster.com\/fi\/wp-json\/wp\/v2\/product_cat?post=31427"},{"taxonomy":"product_tag","embeddable":true,"href":"https:\/\/nordicmart.andreevmaster.com\/fi\/wp-json\/wp\/v2\/product_tag?post=31427"}],"curies":[{"name":"wp","href":"https:\/\/api.w.org\/{rel}","templated":true}]}}